{"id":878,"date":"2023-04-22T15:47:41","date_gmt":"2023-04-22T15:47:41","guid":{"rendered":"https:\/\/tippmaakler.ee\/?post_type=product&#038;p=878"},"modified":"2024-12-02T10:41:24","modified_gmt":"2024-12-02T10:41:24","slug":"kinnisvaramaaklerimeistriklass","status":"publish","type":"product","link":"https:\/\/tippmaakler.ee\/en\/toode\/koolitused\/kinnisvaramaaklerimeistriklass\/","title":{"rendered":"&#8220;Kinnisvaramaakleri meistriklass&#8221;"},"content":{"rendered":"<p>Tere tulemast meie p\u00f5hjalikule kinnisvarakursusele<strong> &#8220;Kinnisvaramaakleri meistriklass&#8221;<\/strong>, mis on loodud selleks, et anda teile selles valdkonnas edu saavutamiseks k\u00f5ik vajalikud<strong> teadmised<\/strong> ja <strong>oskused<\/strong>. Olenemata sellest, kas olete selles valdkonnas uus v\u00f5i kogenud professionaal, pakub see kursus<strong> samm-sammult juhiseid<\/strong> selle kohta, kuidas luua <strong>edukas kinnisvara\u00e4ri algusest l\u00f5puni<\/strong>. Alates valdkonna <strong>p\u00f5hit\u00f5dede omandamisest<\/strong> kuni eduka ettev\u00f5tte loomiseks vajalike oskuste arendamiseni \u2013 <strong>see kursus h\u00f5lmab k\u00f5ike<\/strong>.<\/p>\n<p>Koolitusel keskendume <strong>praktilistele<\/strong> ja<strong> t\u00f5husatele<\/strong> meetoditele, mis aitavad teil saavutada edu <strong>kinnisvaravaldkonnas<\/strong>. Alustame turu s\u00fcvitsi uurimisega ja \u00f5pime hindama <strong>\u00e4riv\u00f5imalusi.<\/strong> Tutvustame<strong> \u00e4riplaani<\/strong> t\u00e4htsust ja selle osi, mida on oluline regulaarselt j\u00e4lgida. \u00d5pime, kuidas t\u00f5husalt <strong>turundada<\/strong> erinevates kanalites ja loome professionaalseid <strong>turundusmaterjale<\/strong>. Arutleme <strong>kliendibaasi<\/strong> loomise parimate praktikate \u00fcle ja \u00f5pime, kuidas <strong>kvalifitseerida potentsiaalseid<\/strong> kliente. Tutvustame kriitilisi <strong>turum\u00f5\u00f5dikuid,<\/strong> mida iga maakler peaks teadma ja j\u00e4lgima. Jagame strateegiaid <strong>klientide leidmiseks<\/strong> ja m\u00fc\u00fcgiedu saavutamiseks. Koostame realistlikke<strong> p\u00e4evaseid<\/strong> ja <strong>kuiseid plaane<\/strong> ning arutleme <strong>eesm\u00e4rkide<\/strong> seadmise \u00fcle. K\u00e4sitleme hinna <strong>l\u00e4bir\u00e4\u00e4kimiste<\/strong> kunsti, hinnabluffi ning edasil\u00fckkajate juhtimist. Uurime erinevaid <strong>inimt\u00fc\u00fcpe<\/strong> ja \u00f5pime, kuidas nendega edukalt l\u00e4bir\u00e4\u00e4kimisi pidada. Vaatame, kuidas luua ja s\u00e4ilitada produktiivseid harjumusi. H\u00f5lmame kogu protsessi <strong>m\u00fc\u00fcgikliendiga t\u00f6\u00f6tamisel<\/strong> &#8211; alates esimesest <strong>telefonik\u00f5nest<\/strong> kuni <strong>lepingu s\u00f5lmimiseni,<\/strong> sealhulgas objekti m\u00fc\u00fcgi ja <strong>turundusplaani<\/strong> koostamine ning <strong>notaris<\/strong> k\u00e4imine. \u00d5petame, kuidas edukalt <strong>t\u00f6\u00f6tada ostjatega<\/strong>, alates esimesest telefonik\u00f5nest kuni tehingu l\u00f5puleviimiseni. Selle koolituse eesm\u00e4rk on pakkuda teile vajalikke <strong>t\u00f6\u00f6riistu<\/strong> ja teadmisi, et saavutada suurep\u00e4raseid tulemusi kinnisvaramaaklerina.<\/p>\n<p>Meie \u00e4ge ja kogenud kinnisvara\u00e4ri treener <a href=\"https:\/\/tippmaakler.ee\/minust\/\"><strong>Leanika J\u00e4rve<\/strong><\/a> annab teile \u00fclevaate kogu valdkonnast ja<strong> \u00f5petab,<\/strong> kuidas olla <strong>edukas kinnisvaramaakler<\/strong> nii eraisikuna kui ka suures ettev\u00f5ttes. \u00d5pid, kuidas teha tegevusi, mis on loomulikud ja meeldivad,<strong> luua elukestvat s\u00fcsteemi<\/strong> ning saavutada l\u00e4bi praktilise tegevuse vahetuid tulemusi. <strong>Liitu programmiga<\/strong> ja vii oma <strong>kinnisvarakarj\u00e4\u00e4r j\u00e4rgmisele tasemele<\/strong>!<\/p>\n<p>Leprofit O\u00dc on Eesti T\u00f6\u00f6tukassa koolituspartner.<\/p>\n","protected":false},"excerpt":{"rendered":"<p>Kursuse saad osta vajutades nupule &#8220;broneeri&#8221; v\u00f5i registreerides aadressil\u00a0<a href=\"mailtop:info@tippmaakler.ee\">info@tippmaakler.ee<\/a>, peale mida saadame arve. Kui sul on k\u00fcsimusi, siis helista julgelt <strong>+372 <a href=\"tel:5076622\">507 6622<\/a><\/strong>!<\/p>\n<p>NB! Kui soovite meeskonna koolitust, siis palun kirjuta <a href=\"mailtop:info@tippmaakler.ee\">info@tippmaakler.ee<\/a> et saaksime teha hinnapakkumise.<\/p>\n<p>Leprofit O\u00dc on Eesti T\u00f6\u00f6tukassa koolituspartner.<\/p>\n","protected":false},"featured_media":2905,"template":"","meta":{"_acf_changed":false,"site-sidebar-layout":"default","site-content-layout":"default","ast-site-content-layout":"default","site-content-style":"default","site-sidebar-style":"default","ast-global-header-display":"","ast-banner-title-visibility":"","ast-main-header-display":"","ast-hfb-above-header-display":"","ast-hfb-below-header-display":"","ast-hfb-mobile-header-display":"","site-post-title":"","ast-breadcrumbs-content":"","ast-featured-img":"","footer-sml-layout":"","ast-disable-related-posts":"","theme-transparent-header-meta":"default","adv-header-id-meta":"","stick-header-meta":"","header-above-stick-meta":"","header-main-stick-meta":"","header-below-stick-meta":"","astra-migrate-meta-layouts":"set","ast-page-background-enabled":"default","ast-page-background-meta":{"desktop":{"background-color":"var(--ast-global-color-4)","background-image":"","background-repeat":"repeat","background-position":"center center","background-size":"auto","background-attachment":"scroll","background-type":"","background-media":"","overlay-type":"","overlay-color":"","overlay-opacity":"","overlay-gradient":""},"tablet":{"background-color":"","background-image":"","background-repeat":"repeat","background-position":"center center","background-size":"auto","background-attachment":"scroll","background-type":"","background-media":"","overlay-type":"","overlay-color":"","overlay-opacity":"","overlay-gradient":""},"mobile":{"background-color":"","background-image":"","background-repeat":"repeat","background-position":"center center","background-size":"auto","background-attachment":"scroll","background-type":"","background-media":"","overlay-type":"","overlay-color":"","overlay-opacity":"","overlay-gradient":""}},"ast-content-background-meta":{"desktop":{"background-color":"var(--ast-global-color-5)","background-image":"","background-repeat":"repeat","background-position":"center center","background-size":"auto","background-attachment":"scroll","background-type":"","background-media":"","overlay-type":"","overlay-color":"","overlay-opacity":"","overlay-gradient":""},"tablet":{"background-color":"var(--ast-global-color-5)","background-image":"","background-repeat":"repeat","background-position":"center center","background-size":"auto","background-attachment":"scroll","background-type":"","background-media":"","overlay-type":"","overlay-color":"","overlay-opacity":"","overlay-gradient":""},"mobile":{"background-color":"var(--ast-global-color-5)","background-image":"","background-repeat":"repeat","background-position":"center center","background-size":"auto","background-attachment":"scroll","background-type":"","background-media":"","overlay-type":"","overlay-color":"","overlay-opacity":"","overlay-gradient":""}}},"product_brand":[],"product_cat":[31],"product_tag":[],"class_list":{"0":"post-878","1":"product","2":"type-product","3":"status-publish","4":"has-post-thumbnail","6":"product_cat-koolitused","7":"desktop-align-left","8":"tablet-align-left","9":"mobile-align-left","11":"first","12":"instock","13":"virtual","14":"taxable","15":"purchasable","16":"product-type-simple"},"acf":[],"yoast_head":"<!-- This site is optimized with the Yoast SEO plugin v27.3 - https:\/\/yoast.com\/product\/yoast-seo-wordpress\/ -->\n<title>&quot;Kinnisvaramaakleri meistriklass&quot; - Tippmaakler<\/title>\n<meta name=\"robots\" content=\"index, follow, max-snippet:-1, max-image-preview:large, max-video-preview:-1\" \/>\n<link rel=\"canonical\" href=\"https:\/\/tippmaakler.ee\/toode\/koolitused\/kinnisvaramaaklerimeistriklass\/\" \/>\n<meta property=\"og:locale\" content=\"en_US\" \/>\n<meta property=\"og:type\" content=\"article\" \/>\n<meta property=\"og:title\" content=\"&quot;Kinnisvaramaakleri meistriklass&quot; - Tippmaakler\" \/>\n<meta property=\"og:description\" content=\"Kursuse saad osta vajutades nupule &quot;broneeri&quot; v\u00f5i registreerides aadressil\u00a0info@tippmaakler.ee, peale mida saadame arve. Kui sul on k\u00fcsimusi, siis helista julgelt +372 507 6622!  NB! Kui soovite meeskonna koolitust, siis palun kirjuta info@tippmaakler.ee et saaksime teha hinnapakkumise.  Leprofit O\u00dc on Eesti T\u00f6\u00f6tukassa koolituspartner.\" \/>\n<meta property=\"og:url\" content=\"https:\/\/tippmaakler.ee\/toode\/koolitused\/kinnisvaramaaklerimeistriklass\/\" \/>\n<meta property=\"og:site_name\" content=\"Tippmaakler\" \/>\n<meta property=\"article:publisher\" content=\"https:\/\/www.facebook.com\/leprofit\" \/>\n<meta property=\"article:modified_time\" content=\"2024-12-02T10:41:24+00:00\" \/>\n<meta property=\"og:image\" content=\"https:\/\/tippmaakler.ee\/wp-content\/uploads\/2023\/04\/Kinnisvaramaakleri-meisterklass.png\" \/>\n\t<meta property=\"og:image:width\" content=\"1024\" \/>\n\t<meta property=\"og:image:height\" content=\"1024\" \/>\n\t<meta property=\"og:image:type\" content=\"image\/png\" \/>\n<meta name=\"twitter:card\" content=\"summary_large_image\" \/>\n<meta name=\"twitter:label1\" content=\"Est. reading time\" \/>\n\t<meta name=\"twitter:data1\" content=\"2 minutes\" \/>\n<script type=\"application\/ld+json\" class=\"yoast-schema-graph\">{\"@context\":\"https:\\\/\\\/schema.org\",\"@graph\":[{\"@type\":\"WebPage\",\"@id\":\"https:\\\/\\\/tippmaakler.ee\\\/toode\\\/koolitused\\\/kinnisvaramaaklerimeistriklass\\\/\",\"url\":\"https:\\\/\\\/tippmaakler.ee\\\/toode\\\/koolitused\\\/kinnisvaramaaklerimeistriklass\\\/\",\"name\":\"\\\"Kinnisvaramaakleri meistriklass\\\" - Tippmaakler\",\"isPartOf\":{\"@id\":\"https:\\\/\\\/tippmaakler.ee\\\/#website\"},\"primaryImageOfPage\":{\"@id\":\"https:\\\/\\\/tippmaakler.ee\\\/toode\\\/koolitused\\\/kinnisvaramaaklerimeistriklass\\\/#primaryimage\"},\"image\":{\"@id\":\"https:\\\/\\\/tippmaakler.ee\\\/toode\\\/koolitused\\\/kinnisvaramaaklerimeistriklass\\\/#primaryimage\"},\"thumbnailUrl\":\"https:\\\/\\\/tippmaakler.ee\\\/wp-content\\\/uploads\\\/2023\\\/04\\\/Kinnisvaramaakleri-meisterklass.png\",\"datePublished\":\"2023-04-22T15:47:41+00:00\",\"dateModified\":\"2024-12-02T10:41:24+00:00\",\"breadcrumb\":{\"@id\":\"https:\\\/\\\/tippmaakler.ee\\\/toode\\\/koolitused\\\/kinnisvaramaaklerimeistriklass\\\/#breadcrumb\"},\"inLanguage\":\"en-US\",\"potentialAction\":[{\"@type\":\"ReadAction\",\"target\":[\"https:\\\/\\\/tippmaakler.ee\\\/toode\\\/koolitused\\\/kinnisvaramaaklerimeistriklass\\\/\"]}]},{\"@type\":\"ImageObject\",\"inLanguage\":\"en-US\",\"@id\":\"https:\\\/\\\/tippmaakler.ee\\\/toode\\\/koolitused\\\/kinnisvaramaaklerimeistriklass\\\/#primaryimage\",\"url\":\"https:\\\/\\\/tippmaakler.ee\\\/wp-content\\\/uploads\\\/2023\\\/04\\\/Kinnisvaramaakleri-meisterklass.png\",\"contentUrl\":\"https:\\\/\\\/tippmaakler.ee\\\/wp-content\\\/uploads\\\/2023\\\/04\\\/Kinnisvaramaakleri-meisterklass.png\",\"width\":1024,\"height\":1024},{\"@type\":\"BreadcrumbList\",\"@id\":\"https:\\\/\\\/tippmaakler.ee\\\/toode\\\/koolitused\\\/kinnisvaramaaklerimeistriklass\\\/#breadcrumb\",\"itemListElement\":[{\"@type\":\"ListItem\",\"position\":1,\"name\":\"Home\",\"item\":\"https:\\\/\\\/tippmaakler.ee\\\/en\\\/\"},{\"@type\":\"ListItem\",\"position\":2,\"name\":\"Tooted\",\"item\":\"https:\\\/\\\/tippmaakler.ee\\\/tooted\\\/\"},{\"@type\":\"ListItem\",\"position\":3,\"name\":\"&#8220;Kinnisvaramaakleri meistriklass&#8221;\"}]},{\"@type\":\"WebSite\",\"@id\":\"https:\\\/\\\/tippmaakler.ee\\\/#website\",\"url\":\"https:\\\/\\\/tippmaakler.ee\\\/\",\"name\":\"Tippmaakler\",\"description\":\"M&uuml;&uuml;k\\\/ Kinnisvara\",\"publisher\":{\"@id\":\"https:\\\/\\\/tippmaakler.ee\\\/#organization\"},\"potentialAction\":[{\"@type\":\"SearchAction\",\"target\":{\"@type\":\"EntryPoint\",\"urlTemplate\":\"https:\\\/\\\/tippmaakler.ee\\\/?s={search_term_string}\"},\"query-input\":{\"@type\":\"PropertyValueSpecification\",\"valueRequired\":true,\"valueName\":\"search_term_string\"}}],\"inLanguage\":\"en-US\"},{\"@type\":\"Organization\",\"@id\":\"https:\\\/\\\/tippmaakler.ee\\\/#organization\",\"name\":\"Tippmaakler\",\"url\":\"https:\\\/\\\/tippmaakler.ee\\\/\",\"logo\":{\"@type\":\"ImageObject\",\"inLanguage\":\"en-US\",\"@id\":\"https:\\\/\\\/tippmaakler.ee\\\/#\\\/schema\\\/logo\\\/image\\\/\",\"url\":\"https:\\\/\\\/tippmaakler.ee\\\/wp-content\\\/uploads\\\/2026\\\/01\\\/cropped-735ff561-c63f-4154-820c-1dca5d3b4e9e-removebg-preview-e1768388885446.png\",\"contentUrl\":\"https:\\\/\\\/tippmaakler.ee\\\/wp-content\\\/uploads\\\/2026\\\/01\\\/cropped-735ff561-c63f-4154-820c-1dca5d3b4e9e-removebg-preview-e1768388885446.png\",\"width\":398,\"height\":291,\"caption\":\"Tippmaakler\"},\"image\":{\"@id\":\"https:\\\/\\\/tippmaakler.ee\\\/#\\\/schema\\\/logo\\\/image\\\/\"},\"sameAs\":[\"https:\\\/\\\/www.facebook.com\\\/leprofit\",\"https:\\\/\\\/www.instagram.com\\\/leprofitcoaching\\\/\"]}]}<\/script>\n<!-- \/ Yoast SEO plugin. -->","yoast_head_json":{"title":"\"Kinnisvaramaakleri meistriklass\" - Tippmaakler","robots":{"index":"index","follow":"follow","max-snippet":"max-snippet:-1","max-image-preview":"max-image-preview:large","max-video-preview":"max-video-preview:-1"},"canonical":"https:\/\/tippmaakler.ee\/toode\/koolitused\/kinnisvaramaaklerimeistriklass\/","og_locale":"en_US","og_type":"article","og_title":"\"Kinnisvaramaakleri meistriklass\" - Tippmaakler","og_description":"Kursuse saad osta vajutades nupule \"broneeri\" v\u00f5i registreerides aadressil\u00a0info@tippmaakler.ee, peale mida saadame arve. Kui sul on k\u00fcsimusi, siis helista julgelt +372 507 6622!  NB! Kui soovite meeskonna koolitust, siis palun kirjuta info@tippmaakler.ee et saaksime teha hinnapakkumise.  Leprofit O\u00dc on Eesti T\u00f6\u00f6tukassa koolituspartner.","og_url":"https:\/\/tippmaakler.ee\/toode\/koolitused\/kinnisvaramaaklerimeistriklass\/","og_site_name":"Tippmaakler","article_publisher":"https:\/\/www.facebook.com\/leprofit","article_modified_time":"2024-12-02T10:41:24+00:00","og_image":[{"width":1024,"height":1024,"url":"https:\/\/tippmaakler.ee\/wp-content\/uploads\/2023\/04\/Kinnisvaramaakleri-meisterklass.png","type":"image\/png"}],"twitter_card":"summary_large_image","twitter_misc":{"Est. reading time":"2 minutes"},"schema":{"@context":"https:\/\/schema.org","@graph":[{"@type":"WebPage","@id":"https:\/\/tippmaakler.ee\/toode\/koolitused\/kinnisvaramaaklerimeistriklass\/","url":"https:\/\/tippmaakler.ee\/toode\/koolitused\/kinnisvaramaaklerimeistriklass\/","name":"\"Kinnisvaramaakleri meistriklass\" - Tippmaakler","isPartOf":{"@id":"https:\/\/tippmaakler.ee\/#website"},"primaryImageOfPage":{"@id":"https:\/\/tippmaakler.ee\/toode\/koolitused\/kinnisvaramaaklerimeistriklass\/#primaryimage"},"image":{"@id":"https:\/\/tippmaakler.ee\/toode\/koolitused\/kinnisvaramaaklerimeistriklass\/#primaryimage"},"thumbnailUrl":"https:\/\/tippmaakler.ee\/wp-content\/uploads\/2023\/04\/Kinnisvaramaakleri-meisterklass.png","datePublished":"2023-04-22T15:47:41+00:00","dateModified":"2024-12-02T10:41:24+00:00","breadcrumb":{"@id":"https:\/\/tippmaakler.ee\/toode\/koolitused\/kinnisvaramaaklerimeistriklass\/#breadcrumb"},"inLanguage":"en-US","potentialAction":[{"@type":"ReadAction","target":["https:\/\/tippmaakler.ee\/toode\/koolitused\/kinnisvaramaaklerimeistriklass\/"]}]},{"@type":"ImageObject","inLanguage":"en-US","@id":"https:\/\/tippmaakler.ee\/toode\/koolitused\/kinnisvaramaaklerimeistriklass\/#primaryimage","url":"https:\/\/tippmaakler.ee\/wp-content\/uploads\/2023\/04\/Kinnisvaramaakleri-meisterklass.png","contentUrl":"https:\/\/tippmaakler.ee\/wp-content\/uploads\/2023\/04\/Kinnisvaramaakleri-meisterklass.png","width":1024,"height":1024},{"@type":"BreadcrumbList","@id":"https:\/\/tippmaakler.ee\/toode\/koolitused\/kinnisvaramaaklerimeistriklass\/#breadcrumb","itemListElement":[{"@type":"ListItem","position":1,"name":"Home","item":"https:\/\/tippmaakler.ee\/en\/"},{"@type":"ListItem","position":2,"name":"Tooted","item":"https:\/\/tippmaakler.ee\/tooted\/"},{"@type":"ListItem","position":3,"name":"&#8220;Kinnisvaramaakleri meistriklass&#8221;"}]},{"@type":"WebSite","@id":"https:\/\/tippmaakler.ee\/#website","url":"https:\/\/tippmaakler.ee\/","name":"Tippmaakler","description":"M&uuml;&uuml;k\/ Kinnisvara","publisher":{"@id":"https:\/\/tippmaakler.ee\/#organization"},"potentialAction":[{"@type":"SearchAction","target":{"@type":"EntryPoint","urlTemplate":"https:\/\/tippmaakler.ee\/?s={search_term_string}"},"query-input":{"@type":"PropertyValueSpecification","valueRequired":true,"valueName":"search_term_string"}}],"inLanguage":"en-US"},{"@type":"Organization","@id":"https:\/\/tippmaakler.ee\/#organization","name":"Tippmaakler","url":"https:\/\/tippmaakler.ee\/","logo":{"@type":"ImageObject","inLanguage":"en-US","@id":"https:\/\/tippmaakler.ee\/#\/schema\/logo\/image\/","url":"https:\/\/tippmaakler.ee\/wp-content\/uploads\/2026\/01\/cropped-735ff561-c63f-4154-820c-1dca5d3b4e9e-removebg-preview-e1768388885446.png","contentUrl":"https:\/\/tippmaakler.ee\/wp-content\/uploads\/2026\/01\/cropped-735ff561-c63f-4154-820c-1dca5d3b4e9e-removebg-preview-e1768388885446.png","width":398,"height":291,"caption":"Tippmaakler"},"image":{"@id":"https:\/\/tippmaakler.ee\/#\/schema\/logo\/image\/"},"sameAs":["https:\/\/www.facebook.com\/leprofit","https:\/\/www.instagram.com\/leprofitcoaching\/"]}]}},"_links":{"self":[{"href":"https:\/\/tippmaakler.ee\/en\/wp-json\/wp\/v2\/product\/878","targetHints":{"allow":["GET"]}}],"collection":[{"href":"https:\/\/tippmaakler.ee\/en\/wp-json\/wp\/v2\/product"}],"about":[{"href":"https:\/\/tippmaakler.ee\/en\/wp-json\/wp\/v2\/types\/product"}],"wp:featuredmedia":[{"embeddable":true,"href":"https:\/\/tippmaakler.ee\/en\/wp-json\/wp\/v2\/media\/2905"}],"wp:attachment":[{"href":"https:\/\/tippmaakler.ee\/en\/wp-json\/wp\/v2\/media?parent=878"}],"wp:term":[{"taxonomy":"product_brand","embeddable":true,"href":"https:\/\/tippmaakler.ee\/en\/wp-json\/wp\/v2\/product_brand?post=878"},{"taxonomy":"product_cat","embeddable":true,"href":"https:\/\/tippmaakler.ee\/en\/wp-json\/wp\/v2\/product_cat?post=878"},{"taxonomy":"product_tag","embeddable":true,"href":"https:\/\/tippmaakler.ee\/en\/wp-json\/wp\/v2\/product_tag?post=878"}],"curies":[{"name":"wp","href":"https:\/\/api.w.org\/{rel}","templated":true}]}}