{"id":3621,"date":"2025-11-12T12:04:37","date_gmt":"2025-11-12T12:04:37","guid":{"rendered":"https:\/\/tippmaakler.ee\/?post_type=product&#038;p=3621"},"modified":"2025-11-12T13:06:25","modified_gmt":"2025-11-12T13:06:25","slug":"konsultatsioon","status":"publish","type":"product","link":"https:\/\/tippmaakler.ee\/en\/toode\/koolitused\/konsultatsioon\/","title":{"rendered":"Konsultatsioon"},"content":{"rendered":"<p data-start=\"644\" data-end=\"973\">Kui soovid vastuseid, mis p\u00f5hinevad <strong data-start=\"680\" data-end=\"716\">p\u00e4ris kogemusel, mitte oletustel<\/strong>, siis personaalne kinnisvarakonsultatsioon on just sulle.<br data-start=\"774\" data-end=\"777\" \/>See on 30-minutiline \u00fcks-\u00fchele n\u00f5ustamine, mille k\u00e4igus anal\u00fc\u00fcsime sinu olukorda ja leiam\u0435 selged sammud, kuidas edasi liikuda \u2013 olgu eesm\u00e4rk m\u00fc\u00fck, ost v\u00f5i lihtsalt oma kinnisvara paremini m\u00f5ista.<\/p>\n<p>Konsultatsiooni k\u00e4igus saad:<\/p>\n<ul>\n<li><strong data-start=\"1009\" data-end=\"1027\">Selge hinnangu<\/strong> oma kinnisvara v\u00e4\u00e4rtusele ja turupositsioonile.<\/li>\n<li data-start=\"975\" data-end=\"1003\"><strong data-start=\"1083\" data-end=\"1097\">Soovitused<\/strong>, kuidas oma kodu esitleda ja v\u00e4\u00e4rtust t\u00f5sta enne m\u00fc\u00fcki.<\/li>\n<li data-start=\"975\" data-end=\"1003\"><strong data-start=\"1161\" data-end=\"1193\">Aus tagasiside ja strateegia<\/strong>, kas ja millal on m\u00f5istlik m\u00fc\u00fca v\u00f5i osta.<\/li>\n<li data-start=\"975\" data-end=\"1003\"><strong>Isikliku juhendamise<\/strong>, mitte \u00fcldist turujuttu \u2013 k\u00f5ik n\u00f5uanded l\u00e4htuvad sinu olukorrast.<\/li>\n<\/ul>\n<p data-start=\"1337\" data-end=\"1625\">See ei ole m\u00fc\u00fcgikohtumine ega surveotsus.<br data-start=\"1378\" data-end=\"1381\" \/>See on sinu aeg k\u00fcsida, arutada ja saada <strong data-start=\"1422\" data-end=\"1490\">professionaalse maakleri pilk oma kinnisvara ja v\u00f5imaluste peale<\/strong>.<br data-start=\"1491\" data-end=\"1494\" \/>17-aastane kogemus ja sajad edukad tehingud aitavad sul n\u00e4ha turgu selgemalt ning teha otsuseid, mis toovad kindluse ja rahulolu.<\/p>\n<p data-start=\"1627\" data-end=\"1736\"><em data-start=\"1630\" data-end=\"1736\">\u00dcks teadlik konsultatsioon v\u00f5ib s\u00e4\u00e4sta n\u00e4dalaid ebakindlust ja anda suuna, mis viib sind p\u00e4riselt edasi.<\/em><\/p>\n","protected":false},"excerpt":{"rendered":"<p>Kui soovid vastuseid, mis p\u00f5hinevad p\u00e4ris kogemusel, mitte oletustel, siis personaalne kinnisvarakonsultatsioon on just sulle.See on 30-minutiline \u00fcks-\u00fchele n\u00f5ustamine, mille k\u00e4igus anal\u00fc\u00fcsime sinu olukorda ja leiam\u0435 selged sammud, kuidas edasi liikuda \u2013 olgu eesm\u00e4rk m\u00fc\u00fck, ost v\u00f5i lihtsalt oma kinnisvara paremini m\u00f5ista. Konsultatsiooni k\u00e4igus saad: Selge hinnangu oma kinnisvara v\u00e4\u00e4rtusele ja turupositsioonile. Soovitused, kuidas oma [&hellip;]<\/p>\n","protected":false},"featured_media":3640,"template":"","meta":{"_acf_changed":false,"site-sidebar-layout":"default","site-content-layout":"","ast-site-content-layout":"default","site-content-style":"default","site-sidebar-style":"default","ast-global-header-display":"","ast-banner-title-visibility":"","ast-main-header-display":"","ast-hfb-above-header-display":"","ast-hfb-below-header-display":"","ast-hfb-mobile-header-display":"","site-post-title":"","ast-breadcrumbs-content":"","ast-featured-img":"","footer-sml-layout":"","ast-disable-related-posts":"","theme-transparent-header-meta":"default","adv-header-id-meta":"","stick-header-meta":"","header-above-stick-meta":"","header-main-stick-meta":"","header-below-stick-meta":"","astra-migrate-meta-layouts":"set","ast-page-background-enabled":"default","ast-page-background-meta":{"desktop":{"background-color":"var(--ast-global-color-4)","background-image":"","background-repeat":"repeat","background-position":"center center","background-size":"auto","background-attachment":"scroll","background-type":"","background-media":"","overlay-type":"","overlay-color":"","overlay-opacity":"","overlay-gradient":""},"tablet":{"background-color":"","background-image":"","background-repeat":"repeat","background-position":"center center","background-size":"auto","background-attachment":"scroll","background-type":"","background-media":"","overlay-type":"","overlay-color":"","overlay-opacity":"","overlay-gradient":""},"mobile":{"background-color":"","background-image":"","background-repeat":"repeat","background-position":"center center","background-size":"auto","background-attachment":"scroll","background-type":"","background-media":"","overlay-type":"","overlay-color":"","overlay-opacity":"","overlay-gradient":""}},"ast-content-background-meta":{"desktop":{"background-color":"var(--ast-global-color-5)","background-image":"","background-repeat":"repeat","background-position":"center center","background-size":"auto","background-attachment":"scroll","background-type":"","background-media":"","overlay-type":"","overlay-color":"","overlay-opacity":"","overlay-gradient":""},"tablet":{"background-color":"var(--ast-global-color-5)","background-image":"","background-repeat":"repeat","background-position":"center center","background-size":"auto","background-attachment":"scroll","background-type":"","background-media":"","overlay-type":"","overlay-color":"","overlay-opacity":"","overlay-gradient":""},"mobile":{"background-color":"var(--ast-global-color-5)","background-image":"","background-repeat":"repeat","background-position":"center center","background-size":"auto","background-attachment":"scroll","background-type":"","background-media":"","overlay-type":"","overlay-color":"","overlay-opacity":"","overlay-gradient":""}}},"product_brand":[],"product_cat":[31],"product_tag":[],"class_list":{"0":"post-3621","1":"product","2":"type-product","3":"status-publish","4":"has-post-thumbnail","6":"product_cat-koolitused","7":"desktop-align-left","8":"tablet-align-left","9":"mobile-align-left","11":"first","12":"instock","13":"sale","14":"virtual","15":"taxable","16":"purchasable","17":"product-type-simple"},"acf":[],"yoast_head":"<!-- This site is optimized with the Yoast SEO plugin v27.3 - https:\/\/yoast.com\/product\/yoast-seo-wordpress\/ -->\n<title>Konsultatsioon - Tippmaakler<\/title>\n<meta name=\"robots\" content=\"index, follow, max-snippet:-1, max-image-preview:large, max-video-preview:-1\" \/>\n<link rel=\"canonical\" href=\"https:\/\/tippmaakler.ee\/toode\/koolitused\/konsultatsioon\/\" \/>\n<meta property=\"og:locale\" content=\"en_US\" \/>\n<meta property=\"og:type\" content=\"article\" \/>\n<meta property=\"og:title\" content=\"Konsultatsioon - Tippmaakler\" \/>\n<meta property=\"og:description\" content=\"Kui soovid vastuseid, mis p\u00f5hinevad p\u00e4ris kogemusel, mitte oletustel, siis personaalne kinnisvarakonsultatsioon on just sulle.See on 30-minutiline \u00fcks-\u00fchele n\u00f5ustamine, mille k\u00e4igus anal\u00fc\u00fcsime sinu olukorda ja leiam\u0435 selged sammud, kuidas edasi liikuda \u2013 olgu eesm\u00e4rk m\u00fc\u00fck, ost v\u00f5i lihtsalt oma kinnisvara paremini m\u00f5ista. Konsultatsiooni k\u00e4igus saad: Selge hinnangu oma kinnisvara v\u00e4\u00e4rtusele ja turupositsioonile. Soovitused, kuidas oma [&hellip;]\" \/>\n<meta property=\"og:url\" content=\"https:\/\/tippmaakler.ee\/toode\/koolitused\/konsultatsioon\/\" \/>\n<meta property=\"og:site_name\" content=\"Tippmaakler\" \/>\n<meta property=\"article:publisher\" content=\"https:\/\/www.facebook.com\/leprofit\" \/>\n<meta property=\"article:modified_time\" content=\"2025-11-12T13:06:25+00:00\" \/>\n<meta property=\"og:image\" content=\"https:\/\/tippmaakler.ee\/wp-content\/uploads\/2025\/11\/Untitled-design-scaled.png\" \/>\n\t<meta property=\"og:image:width\" content=\"2560\" \/>\n\t<meta property=\"og:image:height\" content=\"1440\" \/>\n\t<meta property=\"og:image:type\" content=\"image\/png\" \/>\n<meta name=\"twitter:card\" content=\"summary_large_image\" \/>\n<meta name=\"twitter:label1\" content=\"Est. reading time\" \/>\n\t<meta name=\"twitter:data1\" content=\"1 minute\" \/>\n<script type=\"application\/ld+json\" class=\"yoast-schema-graph\">{\"@context\":\"https:\\\/\\\/schema.org\",\"@graph\":[{\"@type\":\"WebPage\",\"@id\":\"https:\\\/\\\/tippmaakler.ee\\\/toode\\\/koolitused\\\/konsultatsioon\\\/\",\"url\":\"https:\\\/\\\/tippmaakler.ee\\\/toode\\\/koolitused\\\/konsultatsioon\\\/\",\"name\":\"Konsultatsioon - Tippmaakler\",\"isPartOf\":{\"@id\":\"https:\\\/\\\/tippmaakler.ee\\\/#website\"},\"primaryImageOfPage\":{\"@id\":\"https:\\\/\\\/tippmaakler.ee\\\/toode\\\/koolitused\\\/konsultatsioon\\\/#primaryimage\"},\"image\":{\"@id\":\"https:\\\/\\\/tippmaakler.ee\\\/toode\\\/koolitused\\\/konsultatsioon\\\/#primaryimage\"},\"thumbnailUrl\":\"https:\\\/\\\/tippmaakler.ee\\\/wp-content\\\/uploads\\\/2025\\\/11\\\/Untitled-design-scaled.png\",\"datePublished\":\"2025-11-12T12:04:37+00:00\",\"dateModified\":\"2025-11-12T13:06:25+00:00\",\"breadcrumb\":{\"@id\":\"https:\\\/\\\/tippmaakler.ee\\\/toode\\\/koolitused\\\/konsultatsioon\\\/#breadcrumb\"},\"inLanguage\":\"en-US\",\"potentialAction\":[{\"@type\":\"ReadAction\",\"target\":[\"https:\\\/\\\/tippmaakler.ee\\\/toode\\\/koolitused\\\/konsultatsioon\\\/\"]}]},{\"@type\":\"ImageObject\",\"inLanguage\":\"en-US\",\"@id\":\"https:\\\/\\\/tippmaakler.ee\\\/toode\\\/koolitused\\\/konsultatsioon\\\/#primaryimage\",\"url\":\"https:\\\/\\\/tippmaakler.ee\\\/wp-content\\\/uploads\\\/2025\\\/11\\\/Untitled-design-scaled.png\",\"contentUrl\":\"https:\\\/\\\/tippmaakler.ee\\\/wp-content\\\/uploads\\\/2025\\\/11\\\/Untitled-design-scaled.png\",\"width\":2560,\"height\":1440},{\"@type\":\"BreadcrumbList\",\"@id\":\"https:\\\/\\\/tippmaakler.ee\\\/toode\\\/koolitused\\\/konsultatsioon\\\/#breadcrumb\",\"itemListElement\":[{\"@type\":\"ListItem\",\"position\":1,\"name\":\"Home\",\"item\":\"https:\\\/\\\/tippmaakler.ee\\\/en\\\/\"},{\"@type\":\"ListItem\",\"position\":2,\"name\":\"Tooted\",\"item\":\"https:\\\/\\\/tippmaakler.ee\\\/tooted\\\/\"},{\"@type\":\"ListItem\",\"position\":3,\"name\":\"Konsultatsioon\"}]},{\"@type\":\"WebSite\",\"@id\":\"https:\\\/\\\/tippmaakler.ee\\\/#website\",\"url\":\"https:\\\/\\\/tippmaakler.ee\\\/\",\"name\":\"Tippmaakler\",\"description\":\"M&uuml;&uuml;k\\\/ Kinnisvara\",\"publisher\":{\"@id\":\"https:\\\/\\\/tippmaakler.ee\\\/#organization\"},\"potentialAction\":[{\"@type\":\"SearchAction\",\"target\":{\"@type\":\"EntryPoint\",\"urlTemplate\":\"https:\\\/\\\/tippmaakler.ee\\\/?s={search_term_string}\"},\"query-input\":{\"@type\":\"PropertyValueSpecification\",\"valueRequired\":true,\"valueName\":\"search_term_string\"}}],\"inLanguage\":\"en-US\"},{\"@type\":\"Organization\",\"@id\":\"https:\\\/\\\/tippmaakler.ee\\\/#organization\",\"name\":\"Tippmaakler\",\"url\":\"https:\\\/\\\/tippmaakler.ee\\\/\",\"logo\":{\"@type\":\"ImageObject\",\"inLanguage\":\"en-US\",\"@id\":\"https:\\\/\\\/tippmaakler.ee\\\/#\\\/schema\\\/logo\\\/image\\\/\",\"url\":\"https:\\\/\\\/tippmaakler.ee\\\/wp-content\\\/uploads\\\/2026\\\/01\\\/cropped-735ff561-c63f-4154-820c-1dca5d3b4e9e-removebg-preview-e1768388885446.png\",\"contentUrl\":\"https:\\\/\\\/tippmaakler.ee\\\/wp-content\\\/uploads\\\/2026\\\/01\\\/cropped-735ff561-c63f-4154-820c-1dca5d3b4e9e-removebg-preview-e1768388885446.png\",\"width\":398,\"height\":291,\"caption\":\"Tippmaakler\"},\"image\":{\"@id\":\"https:\\\/\\\/tippmaakler.ee\\\/#\\\/schema\\\/logo\\\/image\\\/\"},\"sameAs\":[\"https:\\\/\\\/www.facebook.com\\\/leprofit\",\"https:\\\/\\\/www.instagram.com\\\/leprofitcoaching\\\/\"]}]}<\/script>\n<!-- \/ Yoast SEO plugin. -->","yoast_head_json":{"title":"Konsultatsioon - Tippmaakler","robots":{"index":"index","follow":"follow","max-snippet":"max-snippet:-1","max-image-preview":"max-image-preview:large","max-video-preview":"max-video-preview:-1"},"canonical":"https:\/\/tippmaakler.ee\/toode\/koolitused\/konsultatsioon\/","og_locale":"en_US","og_type":"article","og_title":"Konsultatsioon - Tippmaakler","og_description":"Kui soovid vastuseid, mis p\u00f5hinevad p\u00e4ris kogemusel, mitte oletustel, siis personaalne kinnisvarakonsultatsioon on just sulle.See on 30-minutiline \u00fcks-\u00fchele n\u00f5ustamine, mille k\u00e4igus anal\u00fc\u00fcsime sinu olukorda ja leiam\u0435 selged sammud, kuidas edasi liikuda \u2013 olgu eesm\u00e4rk m\u00fc\u00fck, ost v\u00f5i lihtsalt oma kinnisvara paremini m\u00f5ista. Konsultatsiooni k\u00e4igus saad: Selge hinnangu oma kinnisvara v\u00e4\u00e4rtusele ja turupositsioonile. Soovitused, kuidas oma [&hellip;]","og_url":"https:\/\/tippmaakler.ee\/toode\/koolitused\/konsultatsioon\/","og_site_name":"Tippmaakler","article_publisher":"https:\/\/www.facebook.com\/leprofit","article_modified_time":"2025-11-12T13:06:25+00:00","og_image":[{"width":2560,"height":1440,"url":"https:\/\/tippmaakler.ee\/wp-content\/uploads\/2025\/11\/Untitled-design-scaled.png","type":"image\/png"}],"twitter_card":"summary_large_image","twitter_misc":{"Est. reading time":"1 minute"},"schema":{"@context":"https:\/\/schema.org","@graph":[{"@type":"WebPage","@id":"https:\/\/tippmaakler.ee\/toode\/koolitused\/konsultatsioon\/","url":"https:\/\/tippmaakler.ee\/toode\/koolitused\/konsultatsioon\/","name":"Konsultatsioon - Tippmaakler","isPartOf":{"@id":"https:\/\/tippmaakler.ee\/#website"},"primaryImageOfPage":{"@id":"https:\/\/tippmaakler.ee\/toode\/koolitused\/konsultatsioon\/#primaryimage"},"image":{"@id":"https:\/\/tippmaakler.ee\/toode\/koolitused\/konsultatsioon\/#primaryimage"},"thumbnailUrl":"https:\/\/tippmaakler.ee\/wp-content\/uploads\/2025\/11\/Untitled-design-scaled.png","datePublished":"2025-11-12T12:04:37+00:00","dateModified":"2025-11-12T13:06:25+00:00","breadcrumb":{"@id":"https:\/\/tippmaakler.ee\/toode\/koolitused\/konsultatsioon\/#breadcrumb"},"inLanguage":"en-US","potentialAction":[{"@type":"ReadAction","target":["https:\/\/tippmaakler.ee\/toode\/koolitused\/konsultatsioon\/"]}]},{"@type":"ImageObject","inLanguage":"en-US","@id":"https:\/\/tippmaakler.ee\/toode\/koolitused\/konsultatsioon\/#primaryimage","url":"https:\/\/tippmaakler.ee\/wp-content\/uploads\/2025\/11\/Untitled-design-scaled.png","contentUrl":"https:\/\/tippmaakler.ee\/wp-content\/uploads\/2025\/11\/Untitled-design-scaled.png","width":2560,"height":1440},{"@type":"BreadcrumbList","@id":"https:\/\/tippmaakler.ee\/toode\/koolitused\/konsultatsioon\/#breadcrumb","itemListElement":[{"@type":"ListItem","position":1,"name":"Home","item":"https:\/\/tippmaakler.ee\/en\/"},{"@type":"ListItem","position":2,"name":"Tooted","item":"https:\/\/tippmaakler.ee\/tooted\/"},{"@type":"ListItem","position":3,"name":"Konsultatsioon"}]},{"@type":"WebSite","@id":"https:\/\/tippmaakler.ee\/#website","url":"https:\/\/tippmaakler.ee\/","name":"Tippmaakler","description":"M&uuml;&uuml;k\/ Kinnisvara","publisher":{"@id":"https:\/\/tippmaakler.ee\/#organization"},"potentialAction":[{"@type":"SearchAction","target":{"@type":"EntryPoint","urlTemplate":"https:\/\/tippmaakler.ee\/?s={search_term_string}"},"query-input":{"@type":"PropertyValueSpecification","valueRequired":true,"valueName":"search_term_string"}}],"inLanguage":"en-US"},{"@type":"Organization","@id":"https:\/\/tippmaakler.ee\/#organization","name":"Tippmaakler","url":"https:\/\/tippmaakler.ee\/","logo":{"@type":"ImageObject","inLanguage":"en-US","@id":"https:\/\/tippmaakler.ee\/#\/schema\/logo\/image\/","url":"https:\/\/tippmaakler.ee\/wp-content\/uploads\/2026\/01\/cropped-735ff561-c63f-4154-820c-1dca5d3b4e9e-removebg-preview-e1768388885446.png","contentUrl":"https:\/\/tippmaakler.ee\/wp-content\/uploads\/2026\/01\/cropped-735ff561-c63f-4154-820c-1dca5d3b4e9e-removebg-preview-e1768388885446.png","width":398,"height":291,"caption":"Tippmaakler"},"image":{"@id":"https:\/\/tippmaakler.ee\/#\/schema\/logo\/image\/"},"sameAs":["https:\/\/www.facebook.com\/leprofit","https:\/\/www.instagram.com\/leprofitcoaching\/"]}]}},"_links":{"self":[{"href":"https:\/\/tippmaakler.ee\/en\/wp-json\/wp\/v2\/product\/3621","targetHints":{"allow":["GET"]}}],"collection":[{"href":"https:\/\/tippmaakler.ee\/en\/wp-json\/wp\/v2\/product"}],"about":[{"href":"https:\/\/tippmaakler.ee\/en\/wp-json\/wp\/v2\/types\/product"}],"wp:featuredmedia":[{"embeddable":true,"href":"https:\/\/tippmaakler.ee\/en\/wp-json\/wp\/v2\/media\/3640"}],"wp:attachment":[{"href":"https:\/\/tippmaakler.ee\/en\/wp-json\/wp\/v2\/media?parent=3621"}],"wp:term":[{"taxonomy":"product_brand","embeddable":true,"href":"https:\/\/tippmaakler.ee\/en\/wp-json\/wp\/v2\/product_brand?post=3621"},{"taxonomy":"product_cat","embeddable":true,"href":"https:\/\/tippmaakler.ee\/en\/wp-json\/wp\/v2\/product_cat?post=3621"},{"taxonomy":"product_tag","embeddable":true,"href":"https:\/\/tippmaakler.ee\/en\/wp-json\/wp\/v2\/product_tag?post=3621"}],"curies":[{"name":"wp","href":"https:\/\/api.w.org\/{rel}","templated":true}]}}