{"id":3447,"date":"2025-11-06T09:09:15","date_gmt":"2025-11-06T09:09:15","guid":{"rendered":"https:\/\/tippmaakler.ee\/?post_type=product&#038;p=3447"},"modified":"2025-11-12T12:14:41","modified_gmt":"2025-11-12T12:14:41","slug":"valkstart-kinnisvaras","status":"publish","type":"product","link":"https:\/\/tippmaakler.ee\/en\/toode\/koolitused\/valkstart-kinnisvaras\/","title":{"rendered":"V\u00e4lkstart kinnisvaras"},"content":{"rendered":"<p><span style=\"font-weight: 400;\">Kas soovid kinnisvaras p\u00e4riselt alustada, mitte ainult unistada sellest?<\/span><\/p>\n<p><span style=\"font-weight: 400;\">V\u00c4LKSTART KINNISVARAS on praktiline ja tulemustele suunatud 1-p\u00e4evane koolitus, kus sa ei kuula lihtsalt loengut, vaid paned oma kinnisvarakarj\u00e4\u00e4rile reaalselt k\u00e4igu sisse. See on p\u00e4ev, mil teooria ja tegevus saavad kokku \u2013 juba koolituse k\u00e4igus teed oma esimese m\u00fc\u00fcgisammu ja lahkud kindla tegevusplaaniga j\u00e4rgmiseks 30 p\u00e4evaks.<\/span><\/p>\n<p>&nbsp;<\/p>\n<h3><b>Mida koolitus annab?<\/b><\/h3>\n<p><span style=\"font-weight: 400;\">P\u00e4rast koolitust osaleja:<\/span><\/p>\n<ul>\n<li style=\"font-weight: 400;\" aria-level=\"1\"><span style=\"font-weight: 400;\">teab, kust leida esimesed kliendid ja kuidas nendega kontakti saada;<\/span><\/li>\n<li style=\"font-weight: 400;\" aria-level=\"1\"><span style=\"font-weight: 400;\">oskab alustada m\u00fc\u00fcjate ja ostjatega koost\u00f6\u00f6d praktilisel ja toimival viisil;<\/span><\/li>\n<li style=\"font-weight: 400;\" aria-level=\"1\"><span style=\"font-weight: 400;\">m\u00f5istab s\u00fcsteemi vihje \u2192 leping \u2192 tehing;<\/span><\/li>\n<li style=\"font-weight: 400;\" aria-level=\"1\"><span style=\"font-weight: 400;\">omab selget tegevusplaani j\u00e4rgmiseks 30 p\u00e4evaks;<\/span><\/li>\n<li style=\"font-weight: 400;\" aria-level=\"1\"><span style=\"font-weight: 400;\"><span style=\"font-weight: 400;\">on juba koolituse k\u00e4igus teinud oma esimese p\u00e4ris m\u00fc\u00fcgisammu.<\/span><\/span>See ei ole motivatsioonip\u00e4ev ega kuiv teooria \u2013 see on praktiline k\u00e4ivitusprogramm, mis aitab sul kohe tegutsema hakata.<\/li>\n<\/ul>\n<h3><\/h3>\n<h3><b>Kellele?<\/b><\/h3>\n<ul>\n<li style=\"font-weight: 400;\" aria-level=\"1\"><span style=\"font-weight: 400;\">uued inimesed, kes soovivad alustada kinnisvaramaaklerina<\/span><\/li>\n<li style=\"font-weight: 400;\" aria-level=\"1\"><span style=\"font-weight: 400;\">maaklerid, kes on m\u00f5nda aega seisnud ja vajavad restarti<\/span><\/li>\n<li style=\"font-weight: 400;\" aria-level=\"1\"><span style=\"font-weight: 400;\">k\u00f5ik, kes tahavad j\u00f5uda esimeste(te) lepingute ja tehinguteni<\/span><\/li>\n<\/ul>\n<h3><b>Koolituse info:<\/b><\/h3>\n<p><span style=\"font-weight: 400;\">Asukoht: J\u00f5e 2a, Tallinn<\/span><\/p>\n<p><span style=\"font-weight: 400;\">Kuup\u00e4ev: 20. november 2025<\/span><\/p>\n<p><span style=\"font-weight: 400;\">Aeg: 10:00\u201317:00<\/span><\/p>\n<p><span style=\"font-weight: 400;\">Hind 297\u20ac<\/span><\/p>\n<p>&nbsp;<\/p>\n<p><span style=\"font-weight: 400;\">Kursuse saad osta vajutades nupule &#8220;broneeri&#8221; v\u00f5i registreerides aadressil <\/span><a href=\"mailto:info@tippmaakler.ee\"><span style=\"font-weight: 400;\">info@tippmaakler.ee<\/span><\/a><span style=\"font-weight: 400;\"> peale mida saadame arve. Kui sul on k\u00fcsimusi, siis helista julgelt +372 502 9753!<\/span><\/p>\n<p>&nbsp;<\/p>\n<p><span style=\"font-weight: 400;\">\ud83c\udfaf Kindlusta oma koht juba t\u00e4na!<\/span><\/p>\n<p><span style=\"font-weight: 400;\">Kui sul on k\u00fcsimusi, kirjuta info@tippmaakler.ee<\/span><\/p>\n","protected":false},"excerpt":{"rendered":"<p>Kas soovid kinnisvaras p\u00e4riselt alustada, mitte ainult unistada sellest? V\u00c4LKSTART KINNISVARAS on praktiline ja tulemustele suunatud 1-p\u00e4evane koolitus, kus sa ei kuula lihtsalt loengut, vaid paned oma kinnisvarakarj\u00e4\u00e4rile reaalselt k\u00e4igu sisse. See on p\u00e4ev, mil teooria ja tegevus saavad kokku \u2013 juba koolituse k\u00e4igus teed oma esimese m\u00fc\u00fcgisammu ja lahkud kindla tegevusplaaniga j\u00e4rgmiseks 30 p\u00e4evaks. [&hellip;]<\/p>\n","protected":false},"featured_media":3448,"template":"","meta":{"_acf_changed":false,"site-sidebar-layout":"default","site-content-layout":"","ast-site-content-layout":"default","site-content-style":"default","site-sidebar-style":"default","ast-global-header-display":"","ast-banner-title-visibility":"","ast-main-header-display":"","ast-hfb-above-header-display":"","ast-hfb-below-header-display":"","ast-hfb-mobile-header-display":"","site-post-title":"","ast-breadcrumbs-content":"","ast-featured-img":"","footer-sml-layout":"","ast-disable-related-posts":"","theme-transparent-header-meta":"default","adv-header-id-meta":"","stick-header-meta":"","header-above-stick-meta":"","header-main-stick-meta":"","header-below-stick-meta":"","astra-migrate-meta-layouts":"set","ast-page-background-enabled":"default","ast-page-background-meta":{"desktop":{"background-color":"var(--ast-global-color-4)","background-image":"","background-repeat":"repeat","background-position":"center center","background-size":"auto","background-attachment":"scroll","background-type":"","background-media":"","overlay-type":"","overlay-color":"","overlay-opacity":"","overlay-gradient":""},"tablet":{"background-color":"","background-image":"","background-repeat":"repeat","background-position":"center center","background-size":"auto","background-attachment":"scroll","background-type":"","background-media":"","overlay-type":"","overlay-color":"","overlay-opacity":"","overlay-gradient":""},"mobile":{"background-color":"","background-image":"","background-repeat":"repeat","background-position":"center center","background-size":"auto","background-attachment":"scroll","background-type":"","background-media":"","overlay-type":"","overlay-color":"","overlay-opacity":"","overlay-gradient":""}},"ast-content-background-meta":{"desktop":{"background-color":"var(--ast-global-color-5)","background-image":"","background-repeat":"repeat","background-position":"center center","background-size":"auto","background-attachment":"scroll","background-type":"","background-media":"","overlay-type":"","overlay-color":"","overlay-opacity":"","overlay-gradient":""},"tablet":{"background-color":"var(--ast-global-color-5)","background-image":"","background-repeat":"repeat","background-position":"center center","background-size":"auto","background-attachment":"scroll","background-type":"","background-media":"","overlay-type":"","overlay-color":"","overlay-opacity":"","overlay-gradient":""},"mobile":{"background-color":"var(--ast-global-color-5)","background-image":"","background-repeat":"repeat","background-position":"center center","background-size":"auto","background-attachment":"scroll","background-type":"","background-media":"","overlay-type":"","overlay-color":"","overlay-opacity":"","overlay-gradient":""}}},"product_brand":[],"product_cat":[31],"product_tag":[],"class_list":{"0":"post-3447","1":"product","2":"type-product","3":"status-publish","4":"has-post-thumbnail","6":"product_cat-koolitused","7":"desktop-align-left","8":"tablet-align-left","9":"mobile-align-left","11":"first","12":"instock","13":"taxable","14":"shipping-taxable","15":"purchasable","16":"product-type-simple"},"acf":[],"yoast_head":"<!-- This site is optimized with the Yoast SEO plugin v27.3 - https:\/\/yoast.com\/product\/yoast-seo-wordpress\/ -->\n<title>V\u00e4lkstart kinnisvaras - Tippmaakler<\/title>\n<meta name=\"robots\" content=\"index, follow, max-snippet:-1, max-image-preview:large, max-video-preview:-1\" \/>\n<link rel=\"canonical\" href=\"https:\/\/tippmaakler.ee\/toode\/koolitused\/valkstart-kinnisvaras\/\" \/>\n<meta property=\"og:locale\" content=\"en_US\" \/>\n<meta property=\"og:type\" content=\"article\" \/>\n<meta property=\"og:title\" content=\"V\u00e4lkstart kinnisvaras - Tippmaakler\" \/>\n<meta property=\"og:description\" content=\"Kas soovid kinnisvaras p\u00e4riselt alustada, mitte ainult unistada sellest? V\u00c4LKSTART KINNISVARAS on praktiline ja tulemustele suunatud 1-p\u00e4evane koolitus, kus sa ei kuula lihtsalt loengut, vaid paned oma kinnisvarakarj\u00e4\u00e4rile reaalselt k\u00e4igu sisse. See on p\u00e4ev, mil teooria ja tegevus saavad kokku \u2013 juba koolituse k\u00e4igus teed oma esimese m\u00fc\u00fcgisammu ja lahkud kindla tegevusplaaniga j\u00e4rgmiseks 30 p\u00e4evaks. [&hellip;]\" \/>\n<meta property=\"og:url\" content=\"https:\/\/tippmaakler.ee\/toode\/koolitused\/valkstart-kinnisvaras\/\" \/>\n<meta property=\"og:site_name\" content=\"Tippmaakler\" \/>\n<meta property=\"article:publisher\" content=\"https:\/\/www.facebook.com\/leprofit\" \/>\n<meta property=\"article:modified_time\" content=\"2025-11-12T12:14:41+00:00\" \/>\n<meta property=\"og:image\" content=\"https:\/\/tippmaakler.ee\/wp-content\/uploads\/2025\/11\/Leprofit-reklaam-2-1024x1024.png\" \/>\n\t<meta property=\"og:image:width\" content=\"1024\" \/>\n\t<meta property=\"og:image:height\" content=\"1024\" \/>\n\t<meta property=\"og:image:type\" content=\"image\/png\" \/>\n<meta name=\"twitter:card\" content=\"summary_large_image\" \/>\n<meta name=\"twitter:label1\" content=\"Est. reading time\" \/>\n\t<meta name=\"twitter:data1\" content=\"2 minutes\" \/>\n<script type=\"application\/ld+json\" class=\"yoast-schema-graph\">{\"@context\":\"https:\\\/\\\/schema.org\",\"@graph\":[{\"@type\":\"WebPage\",\"@id\":\"https:\\\/\\\/tippmaakler.ee\\\/toode\\\/koolitused\\\/valkstart-kinnisvaras\\\/\",\"url\":\"https:\\\/\\\/tippmaakler.ee\\\/toode\\\/koolitused\\\/valkstart-kinnisvaras\\\/\",\"name\":\"V\u00e4lkstart kinnisvaras - Tippmaakler\",\"isPartOf\":{\"@id\":\"https:\\\/\\\/tippmaakler.ee\\\/#website\"},\"primaryImageOfPage\":{\"@id\":\"https:\\\/\\\/tippmaakler.ee\\\/toode\\\/koolitused\\\/valkstart-kinnisvaras\\\/#primaryimage\"},\"image\":{\"@id\":\"https:\\\/\\\/tippmaakler.ee\\\/toode\\\/koolitused\\\/valkstart-kinnisvaras\\\/#primaryimage\"},\"thumbnailUrl\":\"https:\\\/\\\/tippmaakler.ee\\\/wp-content\\\/uploads\\\/2025\\\/11\\\/Leprofit-reklaam-2.png\",\"datePublished\":\"2025-11-06T09:09:15+00:00\",\"dateModified\":\"2025-11-12T12:14:41+00:00\",\"breadcrumb\":{\"@id\":\"https:\\\/\\\/tippmaakler.ee\\\/toode\\\/koolitused\\\/valkstart-kinnisvaras\\\/#breadcrumb\"},\"inLanguage\":\"en-US\",\"potentialAction\":[{\"@type\":\"ReadAction\",\"target\":[\"https:\\\/\\\/tippmaakler.ee\\\/toode\\\/koolitused\\\/valkstart-kinnisvaras\\\/\"]}]},{\"@type\":\"ImageObject\",\"inLanguage\":\"en-US\",\"@id\":\"https:\\\/\\\/tippmaakler.ee\\\/toode\\\/koolitused\\\/valkstart-kinnisvaras\\\/#primaryimage\",\"url\":\"https:\\\/\\\/tippmaakler.ee\\\/wp-content\\\/uploads\\\/2025\\\/11\\\/Leprofit-reklaam-2.png\",\"contentUrl\":\"https:\\\/\\\/tippmaakler.ee\\\/wp-content\\\/uploads\\\/2025\\\/11\\\/Leprofit-reklaam-2.png\",\"width\":2160,\"height\":2160},{\"@type\":\"BreadcrumbList\",\"@id\":\"https:\\\/\\\/tippmaakler.ee\\\/toode\\\/koolitused\\\/valkstart-kinnisvaras\\\/#breadcrumb\",\"itemListElement\":[{\"@type\":\"ListItem\",\"position\":1,\"name\":\"Home\",\"item\":\"https:\\\/\\\/tippmaakler.ee\\\/en\\\/\"},{\"@type\":\"ListItem\",\"position\":2,\"name\":\"Tooted\",\"item\":\"https:\\\/\\\/tippmaakler.ee\\\/tooted\\\/\"},{\"@type\":\"ListItem\",\"position\":3,\"name\":\"V\u00e4lkstart kinnisvaras\"}]},{\"@type\":\"WebSite\",\"@id\":\"https:\\\/\\\/tippmaakler.ee\\\/#website\",\"url\":\"https:\\\/\\\/tippmaakler.ee\\\/\",\"name\":\"Tippmaakler\",\"description\":\"M&uuml;&uuml;k\\\/ Kinnisvara\",\"publisher\":{\"@id\":\"https:\\\/\\\/tippmaakler.ee\\\/#organization\"},\"potentialAction\":[{\"@type\":\"SearchAction\",\"target\":{\"@type\":\"EntryPoint\",\"urlTemplate\":\"https:\\\/\\\/tippmaakler.ee\\\/?s={search_term_string}\"},\"query-input\":{\"@type\":\"PropertyValueSpecification\",\"valueRequired\":true,\"valueName\":\"search_term_string\"}}],\"inLanguage\":\"en-US\"},{\"@type\":\"Organization\",\"@id\":\"https:\\\/\\\/tippmaakler.ee\\\/#organization\",\"name\":\"Tippmaakler\",\"url\":\"https:\\\/\\\/tippmaakler.ee\\\/\",\"logo\":{\"@type\":\"ImageObject\",\"inLanguage\":\"en-US\",\"@id\":\"https:\\\/\\\/tippmaakler.ee\\\/#\\\/schema\\\/logo\\\/image\\\/\",\"url\":\"https:\\\/\\\/tippmaakler.ee\\\/wp-content\\\/uploads\\\/2026\\\/01\\\/cropped-735ff561-c63f-4154-820c-1dca5d3b4e9e-removebg-preview-e1768388885446.png\",\"contentUrl\":\"https:\\\/\\\/tippmaakler.ee\\\/wp-content\\\/uploads\\\/2026\\\/01\\\/cropped-735ff561-c63f-4154-820c-1dca5d3b4e9e-removebg-preview-e1768388885446.png\",\"width\":398,\"height\":291,\"caption\":\"Tippmaakler\"},\"image\":{\"@id\":\"https:\\\/\\\/tippmaakler.ee\\\/#\\\/schema\\\/logo\\\/image\\\/\"},\"sameAs\":[\"https:\\\/\\\/www.facebook.com\\\/leprofit\",\"https:\\\/\\\/www.instagram.com\\\/leprofitcoaching\\\/\"]}]}<\/script>\n<!-- \/ Yoast SEO plugin. -->","yoast_head_json":{"title":"V\u00e4lkstart kinnisvaras - Tippmaakler","robots":{"index":"index","follow":"follow","max-snippet":"max-snippet:-1","max-image-preview":"max-image-preview:large","max-video-preview":"max-video-preview:-1"},"canonical":"https:\/\/tippmaakler.ee\/toode\/koolitused\/valkstart-kinnisvaras\/","og_locale":"en_US","og_type":"article","og_title":"V\u00e4lkstart kinnisvaras - Tippmaakler","og_description":"Kas soovid kinnisvaras p\u00e4riselt alustada, mitte ainult unistada sellest? V\u00c4LKSTART KINNISVARAS on praktiline ja tulemustele suunatud 1-p\u00e4evane koolitus, kus sa ei kuula lihtsalt loengut, vaid paned oma kinnisvarakarj\u00e4\u00e4rile reaalselt k\u00e4igu sisse. See on p\u00e4ev, mil teooria ja tegevus saavad kokku \u2013 juba koolituse k\u00e4igus teed oma esimese m\u00fc\u00fcgisammu ja lahkud kindla tegevusplaaniga j\u00e4rgmiseks 30 p\u00e4evaks. [&hellip;]","og_url":"https:\/\/tippmaakler.ee\/toode\/koolitused\/valkstart-kinnisvaras\/","og_site_name":"Tippmaakler","article_publisher":"https:\/\/www.facebook.com\/leprofit","article_modified_time":"2025-11-12T12:14:41+00:00","og_image":[{"width":1024,"height":1024,"url":"https:\/\/tippmaakler.ee\/wp-content\/uploads\/2025\/11\/Leprofit-reklaam-2-1024x1024.png","type":"image\/png"}],"twitter_card":"summary_large_image","twitter_misc":{"Est. reading time":"2 minutes"},"schema":{"@context":"https:\/\/schema.org","@graph":[{"@type":"WebPage","@id":"https:\/\/tippmaakler.ee\/toode\/koolitused\/valkstart-kinnisvaras\/","url":"https:\/\/tippmaakler.ee\/toode\/koolitused\/valkstart-kinnisvaras\/","name":"V\u00e4lkstart kinnisvaras - Tippmaakler","isPartOf":{"@id":"https:\/\/tippmaakler.ee\/#website"},"primaryImageOfPage":{"@id":"https:\/\/tippmaakler.ee\/toode\/koolitused\/valkstart-kinnisvaras\/#primaryimage"},"image":{"@id":"https:\/\/tippmaakler.ee\/toode\/koolitused\/valkstart-kinnisvaras\/#primaryimage"},"thumbnailUrl":"https:\/\/tippmaakler.ee\/wp-content\/uploads\/2025\/11\/Leprofit-reklaam-2.png","datePublished":"2025-11-06T09:09:15+00:00","dateModified":"2025-11-12T12:14:41+00:00","breadcrumb":{"@id":"https:\/\/tippmaakler.ee\/toode\/koolitused\/valkstart-kinnisvaras\/#breadcrumb"},"inLanguage":"en-US","potentialAction":[{"@type":"ReadAction","target":["https:\/\/tippmaakler.ee\/toode\/koolitused\/valkstart-kinnisvaras\/"]}]},{"@type":"ImageObject","inLanguage":"en-US","@id":"https:\/\/tippmaakler.ee\/toode\/koolitused\/valkstart-kinnisvaras\/#primaryimage","url":"https:\/\/tippmaakler.ee\/wp-content\/uploads\/2025\/11\/Leprofit-reklaam-2.png","contentUrl":"https:\/\/tippmaakler.ee\/wp-content\/uploads\/2025\/11\/Leprofit-reklaam-2.png","width":2160,"height":2160},{"@type":"BreadcrumbList","@id":"https:\/\/tippmaakler.ee\/toode\/koolitused\/valkstart-kinnisvaras\/#breadcrumb","itemListElement":[{"@type":"ListItem","position":1,"name":"Home","item":"https:\/\/tippmaakler.ee\/en\/"},{"@type":"ListItem","position":2,"name":"Tooted","item":"https:\/\/tippmaakler.ee\/tooted\/"},{"@type":"ListItem","position":3,"name":"V\u00e4lkstart kinnisvaras"}]},{"@type":"WebSite","@id":"https:\/\/tippmaakler.ee\/#website","url":"https:\/\/tippmaakler.ee\/","name":"Tippmaakler","description":"M&uuml;&uuml;k\/ Kinnisvara","publisher":{"@id":"https:\/\/tippmaakler.ee\/#organization"},"potentialAction":[{"@type":"SearchAction","target":{"@type":"EntryPoint","urlTemplate":"https:\/\/tippmaakler.ee\/?s={search_term_string}"},"query-input":{"@type":"PropertyValueSpecification","valueRequired":true,"valueName":"search_term_string"}}],"inLanguage":"en-US"},{"@type":"Organization","@id":"https:\/\/tippmaakler.ee\/#organization","name":"Tippmaakler","url":"https:\/\/tippmaakler.ee\/","logo":{"@type":"ImageObject","inLanguage":"en-US","@id":"https:\/\/tippmaakler.ee\/#\/schema\/logo\/image\/","url":"https:\/\/tippmaakler.ee\/wp-content\/uploads\/2026\/01\/cropped-735ff561-c63f-4154-820c-1dca5d3b4e9e-removebg-preview-e1768388885446.png","contentUrl":"https:\/\/tippmaakler.ee\/wp-content\/uploads\/2026\/01\/cropped-735ff561-c63f-4154-820c-1dca5d3b4e9e-removebg-preview-e1768388885446.png","width":398,"height":291,"caption":"Tippmaakler"},"image":{"@id":"https:\/\/tippmaakler.ee\/#\/schema\/logo\/image\/"},"sameAs":["https:\/\/www.facebook.com\/leprofit","https:\/\/www.instagram.com\/leprofitcoaching\/"]}]}},"_links":{"self":[{"href":"https:\/\/tippmaakler.ee\/en\/wp-json\/wp\/v2\/product\/3447","targetHints":{"allow":["GET"]}}],"collection":[{"href":"https:\/\/tippmaakler.ee\/en\/wp-json\/wp\/v2\/product"}],"about":[{"href":"https:\/\/tippmaakler.ee\/en\/wp-json\/wp\/v2\/types\/product"}],"wp:featuredmedia":[{"embeddable":true,"href":"https:\/\/tippmaakler.ee\/en\/wp-json\/wp\/v2\/media\/3448"}],"wp:attachment":[{"href":"https:\/\/tippmaakler.ee\/en\/wp-json\/wp\/v2\/media?parent=3447"}],"wp:term":[{"taxonomy":"product_brand","embeddable":true,"href":"https:\/\/tippmaakler.ee\/en\/wp-json\/wp\/v2\/product_brand?post=3447"},{"taxonomy":"product_cat","embeddable":true,"href":"https:\/\/tippmaakler.ee\/en\/wp-json\/wp\/v2\/product_cat?post=3447"},{"taxonomy":"product_tag","embeddable":true,"href":"https:\/\/tippmaakler.ee\/en\/wp-json\/wp\/v2\/product_tag?post=3447"}],"curies":[{"name":"wp","href":"https:\/\/api.w.org\/{rel}","templated":true}]}}