{"id":3162,"date":"2025-04-10T12:37:12","date_gmt":"2025-04-10T12:37:12","guid":{"rendered":"https:\/\/tippmaakler.ee\/?post_type=product&#038;p=3162"},"modified":"2025-04-14T16:16:32","modified_gmt":"2025-04-14T16:16:32","slug":"lunch-learn-miks-just-sina","status":"publish","type":"product","link":"https:\/\/tippmaakler.ee\/en\/toode\/koolitused\/lunch-learn-miks-just-sina\/","title":{"rendered":"Lunch &#038; Learn veebikoolitus: \u201eMiks just Sina?\u201c"},"content":{"rendered":"<h2>Lunch &amp; Learn veebikoolitus: \u201eMiks just Sina?\u201c \u2013 kuidas end eristada ja n\u00e4htavaks teha<\/h2>\n<p>Kas oled kunagi tundnud, et turul, kus on palju kinnisvarapakkumisi ja veel rohkem maaklereid, on keeruline silma paista?<br \/>\nSa tead, et oled tubli, usaldusv\u00e4\u00e4rne ja tegus \u2013 aga kuidas seda kliendini viia nii, et ta valiks just Sinu?<\/p>\n<p>Sellel 1,5-tunnisel praktilisel <strong>Lunch &amp; Learn veebikoolitusel<\/strong> saad vastused just nendele k\u00fcsimustele ning oskused, kuidas end usaldusv\u00e4\u00e4rselt ja eristuvana positsioneerida \u2013 isegi siis, kui konkurents on tihe ja turg vaikne.<\/p>\n<h3>Koolituselt \u00f5pid:<\/h3>\n<ul>\n<li>Kuidas turu \u201cm\u00fcra\u201d sees end esile t\u00f5sta ja luua tugevat isiklikku kuvandit<\/li>\n<li>Kuidas s\u00f5nastada oma tugevused nii, et klient tunneb: \u201cSee on minu inimene!\u201d<\/li>\n<li>Kuidas kasvatada oma n\u00e4htavust ilma kallite reklaamide ja keeruliste strateegiateta<\/li>\n<li>Kuidas ehitada usaldust juba enne kohtumist \u2013 l\u00e4bi kuulutuste, profiili ja suhtluse<\/li>\n<li>Kuidas panna iga klient Sind soovitama ja tagasi tulema<\/li>\n<li>Millised on 2025. aasta lihtsad ja t\u00f6\u00f6tavad turundusnipid kinnisvaramaaklerile<\/li>\n<\/ul>\n<h3>Miks peaksid osalema?<\/h3>\n<ul>\n<li>Saad praktilised teadmised, mida saad <strong>kohe kasutada<\/strong><\/li>\n<li>L\u00fchike, ent sisukas sessioon, mis sobib ideaalselt koos l\u00f5unapausiga<\/li>\n<li>Koolitus toimub Zoomis \u2013 mugavalt kontorist v\u00f5i kodust<\/li>\n<li>Webinarina \u2013 Sind ei n\u00e4e ega kuule keegi, saad keskenduda ja k\u00fcsida vajadusel chatis<\/li>\n<\/ul>\n<h3>Koolituse info:<\/h3>\n<ul>\n<li><strong>Formaat:<\/strong> Zoomi webinar<\/li>\n<li><strong>Osaluspanus:<\/strong> 25 \u20ac<\/li>\n<li><strong>Zoomi link:<\/strong> <em>saadetakse\u00a0p\u00e4rast makset e-posti teel<\/em><\/li>\n<\/ul>\n<h3>Kuidas registreeruda?<\/h3>\n<p>Kl\u00f5psa lehe all oleval nupul <strong>\u201cBroneeri\u201d<\/strong>, mis suunab Sind ostukorvi. P\u00e4rast makse sooritamist saadetakse Sulle automaatselt kinnituskiri ja osalemise Zoomi link e-postile.<\/p>\n<p>Kui soovid arvet ettev\u00f5tte nimele, saad selle sisestada registreerimise k\u00e4igus.<\/p>\n<p><strong>\ud83c\udfaf Kindlusta oma koht juba t\u00e4na!<\/strong><\/p>\n<p>Kui sul on k\u00fcsimusi, kirjuta <a href=\"mailto:info@tippmaakler.ee\">info@tippmaakler.ee<\/a><\/p>\n","protected":false},"excerpt":{"rendered":"<p>T\u00e4nases kinnisvaraturu tihedas konkurentsis ei piisa ainult heast teenusest \u2013 oluline on osata n\u00e4htavaks saada ja kliendi jaoks eristuda. Klientide usaldus ja valik s\u00fcnnib s\u00f5numitest, mis k\u00f5netavad. Just seet\u00f5ttu on oluline m\u00f5ista, kuidas oma tugevusi esile tuua ja luua v\u00e4\u00e4rtuspakkumine, mis t\u00f5stab Sind esile teiste hulgast.<\/p>\n","protected":false},"featured_media":3167,"template":"","meta":{"_acf_changed":false,"site-sidebar-layout":"default","site-content-layout":"default","ast-site-content-layout":"default","site-content-style":"default","site-sidebar-style":"default","ast-global-header-display":"","ast-banner-title-visibility":"","ast-main-header-display":"","ast-hfb-above-header-display":"","ast-hfb-below-header-display":"","ast-hfb-mobile-header-display":"","site-post-title":"","ast-breadcrumbs-content":"","ast-featured-img":"","footer-sml-layout":"","ast-disable-related-posts":"","theme-transparent-header-meta":"default","adv-header-id-meta":"","stick-header-meta":"","header-above-stick-meta":"","header-main-stick-meta":"","header-below-stick-meta":"","astra-migrate-meta-layouts":"set","ast-page-background-enabled":"default","ast-page-background-meta":{"desktop":{"background-color":"var(--ast-global-color-4)","background-image":"","background-repeat":"repeat","background-position":"center center","background-size":"auto","background-attachment":"scroll","background-type":"","background-media":"","overlay-type":"","overlay-color":"","overlay-opacity":"","overlay-gradient":""},"tablet":{"background-color":"","background-image":"","background-repeat":"repeat","background-position":"center center","background-size":"auto","background-attachment":"scroll","background-type":"","background-media":"","overlay-type":"","overlay-color":"","overlay-opacity":"","overlay-gradient":""},"mobile":{"background-color":"","background-image":"","background-repeat":"repeat","background-position":"center center","background-size":"auto","background-attachment":"scroll","background-type":"","background-media":"","overlay-type":"","overlay-color":"","overlay-opacity":"","overlay-gradient":""}},"ast-content-background-meta":{"desktop":{"background-color":"var(--ast-global-color-5)","background-image":"","background-repeat":"repeat","background-position":"center center","background-size":"auto","background-attachment":"scroll","background-type":"","background-media":"","overlay-type":"","overlay-color":"","overlay-opacity":"","overlay-gradient":""},"tablet":{"background-color":"var(--ast-global-color-5)","background-image":"","background-repeat":"repeat","background-position":"center center","background-size":"auto","background-attachment":"scroll","background-type":"","background-media":"","overlay-type":"","overlay-color":"","overlay-opacity":"","overlay-gradient":""},"mobile":{"background-color":"var(--ast-global-color-5)","background-image":"","background-repeat":"repeat","background-position":"center center","background-size":"auto","background-attachment":"scroll","background-type":"","background-media":"","overlay-type":"","overlay-color":"","overlay-opacity":"","overlay-gradient":""}}},"product_brand":[],"product_cat":[31],"product_tag":[],"class_list":{"0":"post-3162","1":"product","2":"type-product","3":"status-publish","4":"has-post-thumbnail","6":"product_cat-koolitused","7":"desktop-align-left","8":"tablet-align-left","9":"mobile-align-left","11":"first","12":"instock","13":"purchasable","14":"product-type-simple"},"acf":[],"yoast_head":"<!-- This site is optimized with the Yoast SEO plugin v27.3 - https:\/\/yoast.com\/product\/yoast-seo-wordpress\/ -->\n<title>Lunch &amp; Learn veebikoolitus: \u201eMiks just Sina?\u201c - Tippmaakler<\/title>\n<meta name=\"description\" content=\"Osale 23. aprilli Lunch &amp; Learn koolitusel Zoomis ja saa teada, kuidas eristuda, t\u00f5sta oma n\u00e4htavust ja v\u00f5ita rohkem kliente kinnisvaraturul.\" \/>\n<meta name=\"robots\" content=\"index, follow, max-snippet:-1, max-image-preview:large, max-video-preview:-1\" \/>\n<link rel=\"canonical\" href=\"https:\/\/tippmaakler.ee\/toode\/koolitused\/lunch-learn-miks-just-sina\/\" \/>\n<meta property=\"og:locale\" content=\"en_US\" \/>\n<meta property=\"og:type\" content=\"article\" \/>\n<meta property=\"og:title\" content=\"Lunch &amp; Learn veebikoolitus: \u201eMiks just Sina?\u201c - Tippmaakler\" \/>\n<meta property=\"og:description\" content=\"Osale 23. aprilli Lunch &amp; Learn koolitusel Zoomis ja saa teada, kuidas eristuda, t\u00f5sta oma n\u00e4htavust ja v\u00f5ita rohkem kliente kinnisvaraturul.\" \/>\n<meta property=\"og:url\" content=\"https:\/\/tippmaakler.ee\/toode\/koolitused\/lunch-learn-miks-just-sina\/\" \/>\n<meta property=\"og:site_name\" content=\"Tippmaakler\" \/>\n<meta property=\"article:publisher\" content=\"https:\/\/www.facebook.com\/leprofit\" \/>\n<meta property=\"article:modified_time\" content=\"2025-04-14T16:16:32+00:00\" \/>\n<meta property=\"og:image\" content=\"https:\/\/tippmaakler.ee\/wp-content\/uploads\/2025\/04\/LunchLearn-logo.png\" \/>\n\t<meta property=\"og:image:width\" content=\"1024\" \/>\n\t<meta property=\"og:image:height\" content=\"1024\" \/>\n\t<meta property=\"og:image:type\" content=\"image\/png\" \/>\n<meta name=\"twitter:card\" content=\"summary_large_image\" \/>\n<meta name=\"twitter:label1\" content=\"Est. reading time\" \/>\n\t<meta name=\"twitter:data1\" content=\"2 minutes\" \/>\n<script type=\"application\/ld+json\" class=\"yoast-schema-graph\">{\"@context\":\"https:\\\/\\\/schema.org\",\"@graph\":[{\"@type\":\"WebPage\",\"@id\":\"https:\\\/\\\/tippmaakler.ee\\\/toode\\\/koolitused\\\/lunch-learn-miks-just-sina\\\/\",\"url\":\"https:\\\/\\\/tippmaakler.ee\\\/toode\\\/koolitused\\\/lunch-learn-miks-just-sina\\\/\",\"name\":\"Lunch & Learn veebikoolitus: \u201eMiks just Sina?\u201c - Tippmaakler\",\"isPartOf\":{\"@id\":\"https:\\\/\\\/tippmaakler.ee\\\/#website\"},\"primaryImageOfPage\":{\"@id\":\"https:\\\/\\\/tippmaakler.ee\\\/toode\\\/koolitused\\\/lunch-learn-miks-just-sina\\\/#primaryimage\"},\"image\":{\"@id\":\"https:\\\/\\\/tippmaakler.ee\\\/toode\\\/koolitused\\\/lunch-learn-miks-just-sina\\\/#primaryimage\"},\"thumbnailUrl\":\"https:\\\/\\\/tippmaakler.ee\\\/wp-content\\\/uploads\\\/2025\\\/04\\\/LunchLearn-logo.png\",\"datePublished\":\"2025-04-10T12:37:12+00:00\",\"dateModified\":\"2025-04-14T16:16:32+00:00\",\"description\":\"Osale 23. aprilli Lunch & Learn koolitusel Zoomis ja saa teada, kuidas eristuda, t\u00f5sta oma n\u00e4htavust ja v\u00f5ita rohkem kliente kinnisvaraturul.\",\"breadcrumb\":{\"@id\":\"https:\\\/\\\/tippmaakler.ee\\\/toode\\\/koolitused\\\/lunch-learn-miks-just-sina\\\/#breadcrumb\"},\"inLanguage\":\"en-US\",\"potentialAction\":[{\"@type\":\"ReadAction\",\"target\":[\"https:\\\/\\\/tippmaakler.ee\\\/toode\\\/koolitused\\\/lunch-learn-miks-just-sina\\\/\"]}]},{\"@type\":\"ImageObject\",\"inLanguage\":\"en-US\",\"@id\":\"https:\\\/\\\/tippmaakler.ee\\\/toode\\\/koolitused\\\/lunch-learn-miks-just-sina\\\/#primaryimage\",\"url\":\"https:\\\/\\\/tippmaakler.ee\\\/wp-content\\\/uploads\\\/2025\\\/04\\\/LunchLearn-logo.png\",\"contentUrl\":\"https:\\\/\\\/tippmaakler.ee\\\/wp-content\\\/uploads\\\/2025\\\/04\\\/LunchLearn-logo.png\",\"width\":1024,\"height\":1024},{\"@type\":\"BreadcrumbList\",\"@id\":\"https:\\\/\\\/tippmaakler.ee\\\/toode\\\/koolitused\\\/lunch-learn-miks-just-sina\\\/#breadcrumb\",\"itemListElement\":[{\"@type\":\"ListItem\",\"position\":1,\"name\":\"Home\",\"item\":\"https:\\\/\\\/tippmaakler.ee\\\/en\\\/\"},{\"@type\":\"ListItem\",\"position\":2,\"name\":\"Tooted\",\"item\":\"https:\\\/\\\/tippmaakler.ee\\\/tooted\\\/\"},{\"@type\":\"ListItem\",\"position\":3,\"name\":\"Lunch &#038; Learn veebikoolitus: \u201eMiks just Sina?\u201c\"}]},{\"@type\":\"WebSite\",\"@id\":\"https:\\\/\\\/tippmaakler.ee\\\/#website\",\"url\":\"https:\\\/\\\/tippmaakler.ee\\\/\",\"name\":\"Tippmaakler\",\"description\":\"M&uuml;&uuml;k\\\/ Kinnisvara\",\"publisher\":{\"@id\":\"https:\\\/\\\/tippmaakler.ee\\\/#organization\"},\"potentialAction\":[{\"@type\":\"SearchAction\",\"target\":{\"@type\":\"EntryPoint\",\"urlTemplate\":\"https:\\\/\\\/tippmaakler.ee\\\/?s={search_term_string}\"},\"query-input\":{\"@type\":\"PropertyValueSpecification\",\"valueRequired\":true,\"valueName\":\"search_term_string\"}}],\"inLanguage\":\"en-US\"},{\"@type\":\"Organization\",\"@id\":\"https:\\\/\\\/tippmaakler.ee\\\/#organization\",\"name\":\"Tippmaakler\",\"url\":\"https:\\\/\\\/tippmaakler.ee\\\/\",\"logo\":{\"@type\":\"ImageObject\",\"inLanguage\":\"en-US\",\"@id\":\"https:\\\/\\\/tippmaakler.ee\\\/#\\\/schema\\\/logo\\\/image\\\/\",\"url\":\"https:\\\/\\\/tippmaakler.ee\\\/wp-content\\\/uploads\\\/2026\\\/01\\\/cropped-735ff561-c63f-4154-820c-1dca5d3b4e9e-removebg-preview-e1768388885446.png\",\"contentUrl\":\"https:\\\/\\\/tippmaakler.ee\\\/wp-content\\\/uploads\\\/2026\\\/01\\\/cropped-735ff561-c63f-4154-820c-1dca5d3b4e9e-removebg-preview-e1768388885446.png\",\"width\":398,\"height\":291,\"caption\":\"Tippmaakler\"},\"image\":{\"@id\":\"https:\\\/\\\/tippmaakler.ee\\\/#\\\/schema\\\/logo\\\/image\\\/\"},\"sameAs\":[\"https:\\\/\\\/www.facebook.com\\\/leprofit\",\"https:\\\/\\\/www.instagram.com\\\/leprofitcoaching\\\/\"]}]}<\/script>\n<!-- \/ Yoast SEO plugin. -->","yoast_head_json":{"title":"Lunch & Learn veebikoolitus: \u201eMiks just Sina?\u201c - Tippmaakler","description":"Osale 23. aprilli Lunch & Learn koolitusel Zoomis ja saa teada, kuidas eristuda, t\u00f5sta oma n\u00e4htavust ja v\u00f5ita rohkem kliente kinnisvaraturul.","robots":{"index":"index","follow":"follow","max-snippet":"max-snippet:-1","max-image-preview":"max-image-preview:large","max-video-preview":"max-video-preview:-1"},"canonical":"https:\/\/tippmaakler.ee\/toode\/koolitused\/lunch-learn-miks-just-sina\/","og_locale":"en_US","og_type":"article","og_title":"Lunch & Learn veebikoolitus: \u201eMiks just Sina?\u201c - Tippmaakler","og_description":"Osale 23. aprilli Lunch & Learn koolitusel Zoomis ja saa teada, kuidas eristuda, t\u00f5sta oma n\u00e4htavust ja v\u00f5ita rohkem kliente kinnisvaraturul.","og_url":"https:\/\/tippmaakler.ee\/toode\/koolitused\/lunch-learn-miks-just-sina\/","og_site_name":"Tippmaakler","article_publisher":"https:\/\/www.facebook.com\/leprofit","article_modified_time":"2025-04-14T16:16:32+00:00","og_image":[{"width":1024,"height":1024,"url":"https:\/\/tippmaakler.ee\/wp-content\/uploads\/2025\/04\/LunchLearn-logo.png","type":"image\/png"}],"twitter_card":"summary_large_image","twitter_misc":{"Est. reading time":"2 minutes"},"schema":{"@context":"https:\/\/schema.org","@graph":[{"@type":"WebPage","@id":"https:\/\/tippmaakler.ee\/toode\/koolitused\/lunch-learn-miks-just-sina\/","url":"https:\/\/tippmaakler.ee\/toode\/koolitused\/lunch-learn-miks-just-sina\/","name":"Lunch & Learn veebikoolitus: \u201eMiks just Sina?\u201c - Tippmaakler","isPartOf":{"@id":"https:\/\/tippmaakler.ee\/#website"},"primaryImageOfPage":{"@id":"https:\/\/tippmaakler.ee\/toode\/koolitused\/lunch-learn-miks-just-sina\/#primaryimage"},"image":{"@id":"https:\/\/tippmaakler.ee\/toode\/koolitused\/lunch-learn-miks-just-sina\/#primaryimage"},"thumbnailUrl":"https:\/\/tippmaakler.ee\/wp-content\/uploads\/2025\/04\/LunchLearn-logo.png","datePublished":"2025-04-10T12:37:12+00:00","dateModified":"2025-04-14T16:16:32+00:00","description":"Osale 23. aprilli Lunch & Learn koolitusel Zoomis ja saa teada, kuidas eristuda, t\u00f5sta oma n\u00e4htavust ja v\u00f5ita rohkem kliente kinnisvaraturul.","breadcrumb":{"@id":"https:\/\/tippmaakler.ee\/toode\/koolitused\/lunch-learn-miks-just-sina\/#breadcrumb"},"inLanguage":"en-US","potentialAction":[{"@type":"ReadAction","target":["https:\/\/tippmaakler.ee\/toode\/koolitused\/lunch-learn-miks-just-sina\/"]}]},{"@type":"ImageObject","inLanguage":"en-US","@id":"https:\/\/tippmaakler.ee\/toode\/koolitused\/lunch-learn-miks-just-sina\/#primaryimage","url":"https:\/\/tippmaakler.ee\/wp-content\/uploads\/2025\/04\/LunchLearn-logo.png","contentUrl":"https:\/\/tippmaakler.ee\/wp-content\/uploads\/2025\/04\/LunchLearn-logo.png","width":1024,"height":1024},{"@type":"BreadcrumbList","@id":"https:\/\/tippmaakler.ee\/toode\/koolitused\/lunch-learn-miks-just-sina\/#breadcrumb","itemListElement":[{"@type":"ListItem","position":1,"name":"Home","item":"https:\/\/tippmaakler.ee\/en\/"},{"@type":"ListItem","position":2,"name":"Tooted","item":"https:\/\/tippmaakler.ee\/tooted\/"},{"@type":"ListItem","position":3,"name":"Lunch &#038; Learn veebikoolitus: \u201eMiks just Sina?\u201c"}]},{"@type":"WebSite","@id":"https:\/\/tippmaakler.ee\/#website","url":"https:\/\/tippmaakler.ee\/","name":"Tippmaakler","description":"M&uuml;&uuml;k\/ Kinnisvara","publisher":{"@id":"https:\/\/tippmaakler.ee\/#organization"},"potentialAction":[{"@type":"SearchAction","target":{"@type":"EntryPoint","urlTemplate":"https:\/\/tippmaakler.ee\/?s={search_term_string}"},"query-input":{"@type":"PropertyValueSpecification","valueRequired":true,"valueName":"search_term_string"}}],"inLanguage":"en-US"},{"@type":"Organization","@id":"https:\/\/tippmaakler.ee\/#organization","name":"Tippmaakler","url":"https:\/\/tippmaakler.ee\/","logo":{"@type":"ImageObject","inLanguage":"en-US","@id":"https:\/\/tippmaakler.ee\/#\/schema\/logo\/image\/","url":"https:\/\/tippmaakler.ee\/wp-content\/uploads\/2026\/01\/cropped-735ff561-c63f-4154-820c-1dca5d3b4e9e-removebg-preview-e1768388885446.png","contentUrl":"https:\/\/tippmaakler.ee\/wp-content\/uploads\/2026\/01\/cropped-735ff561-c63f-4154-820c-1dca5d3b4e9e-removebg-preview-e1768388885446.png","width":398,"height":291,"caption":"Tippmaakler"},"image":{"@id":"https:\/\/tippmaakler.ee\/#\/schema\/logo\/image\/"},"sameAs":["https:\/\/www.facebook.com\/leprofit","https:\/\/www.instagram.com\/leprofitcoaching\/"]}]}},"_links":{"self":[{"href":"https:\/\/tippmaakler.ee\/en\/wp-json\/wp\/v2\/product\/3162","targetHints":{"allow":["GET"]}}],"collection":[{"href":"https:\/\/tippmaakler.ee\/en\/wp-json\/wp\/v2\/product"}],"about":[{"href":"https:\/\/tippmaakler.ee\/en\/wp-json\/wp\/v2\/types\/product"}],"wp:featuredmedia":[{"embeddable":true,"href":"https:\/\/tippmaakler.ee\/en\/wp-json\/wp\/v2\/media\/3167"}],"wp:attachment":[{"href":"https:\/\/tippmaakler.ee\/en\/wp-json\/wp\/v2\/media?parent=3162"}],"wp:term":[{"taxonomy":"product_brand","embeddable":true,"href":"https:\/\/tippmaakler.ee\/en\/wp-json\/wp\/v2\/product_brand?post=3162"},{"taxonomy":"product_cat","embeddable":true,"href":"https:\/\/tippmaakler.ee\/en\/wp-json\/wp\/v2\/product_cat?post=3162"},{"taxonomy":"product_tag","embeddable":true,"href":"https:\/\/tippmaakler.ee\/en\/wp-json\/wp\/v2\/product_tag?post=3162"}],"curies":[{"name":"wp","href":"https:\/\/api.w.org\/{rel}","templated":true}]}}