{"id":2986,"date":"2024-09-12T05:44:16","date_gmt":"2024-09-12T05:44:16","guid":{"rendered":"https:\/\/tippmaakler.ee\/?post_type=product&#038;p=2986"},"modified":"2025-01-22T07:59:49","modified_gmt":"2025-01-22T07:59:49","slug":"tippmaakleriks","status":"publish","type":"product","link":"https:\/\/tippmaakler.ee\/en\/toode\/koolitused\/tippmaakleriks\/","title":{"rendered":"&#8220;Kuidas saada Tippmaakleriks?&#8221;"},"content":{"rendered":"<p>Kas oled m\u00f5elnud kinnisvara\u00e4ri peale, kuid pole p\u00e4ris kindel, kust alustada? V\u00f5i soovid oma praeguse \u00e4ri viia j\u00e4rgmisele tasemele? Siis on see 2-p\u00e4evane <em>live<\/em>-koolitus <strong>&#8220;Kuidas saada Tippmaakleriks?&#8221;<\/strong> loodud just Sulle! See ei ole lihtsalt koolitus \u2013 see on teekond, mis aitab Sul avastada oma potentsiaali, v\u00f5ita hirmud ja \u00f5ppida kinnisvaramaailmas tegutsema kindlalt ja edukalt.<\/p>\n<p>Alustades karj\u00e4\u00e4ri <b>kinnisvaramaaklerina<\/b> v\u00f5ib tunduda keeruline, kui ei tea, kust alustada. Meie l\u00e4bi aegade edukaim koolitus vana nimega <strong>SKK<\/strong> (Sinu Kinnisvarakarj\u00e4\u00e4r) ja uue nimega <strong>&#8220;Kuidas saada Tippmaakleriks?&#8221;<\/strong> , mis on aidanud startida sadadel maakleritel ning on ideaalne koolitus neile, kes soovivad saada teadmisi, kuidas selles valdkonnas edukalt toimetada ja luua endale p\u00fcsiv karj\u00e4\u00e4r.<span class=\"Apple-converted-space\">\u00a0<\/span><\/p>\n<p><strong>&#8220;Kuidas saada Tippmaakleriks?&#8221;<\/strong> on Leanika J\u00e4rve poolt juhitud kahep\u00e4evane intensiivkoolitus, mis on m\u00f5eldud nii <strong>uutele<\/strong> tulijatele kui ka <strong>kogenud<\/strong> maakleritele <strong>kinnisvarasektoris<\/strong>. See programm on loodud selleks, et varustada teid <strong>p\u00f5hjalike teadmiste<\/strong> ja oskustega, mis on vajalikud <strong>eduka karj\u00e4\u00e4ri<\/strong> rajamiseks kinnisvara\u00e4ris.<\/p>\n<h3>Miks osaleda?<\/h3>\n<ul>\n<li><strong>Avasta saladused, mis muudavad kinnisvarakarj\u00e4\u00e4ri edulooks<\/strong> \u2013 olgu Sa alustaja v\u00f5i kogenud tegija, saad teada, kuidas viia oma \u00e4ri tippu.<\/li>\n<li><strong>Praktilised t\u00f6\u00f6riistad ja t\u00f5husad strateegiad<\/strong> \u2013 omanda kindel plaan, kuidas leida kliente, teha tehinguid ja hoida oma \u00e4ri kasumlikuna.<\/li>\n<li><strong>Enesekindlus ja inspiratsioon<\/strong> \u2013 me aitame Sul \u00fcletada hirmud ja \u00f5ppida, kuidas suhelda ja m\u00fc\u00fca nii, et edu on garanteeritud.<\/li>\n<\/ul>\n<p>Programm on disainitud mitte ainult teadmiste jagamiseks, vaid ka praktiliste oskuste arendamiseks, et saaksite<strong> koheselt<\/strong> rakendada \u00f5pitud strateegiaid oma t\u00f6\u00f6s. Koolituse l\u00e4bimine annab teile v\u00f5imaluse <b>kasvatada oma kinnisvara\u00e4ri<\/b>, parandada <b>kliendisuhteid<\/b> ja viia oma <b>m\u00fc\u00fcgioskused<\/b> uuele tasemel<\/p>\n<p>Me k\u00e4sitleme k\u00f5ike alates sellest, millistel alustel praegusel ajastul <b>kinnisvarasektorisse<\/b> siseneda, kuni sinu <b>\u00e4ripotentsiaali<\/b> avastamiseni. \u00dcks oluline t\u00f5demus on, et ilma kliendita pole kinnisvara\u00e4ris edasi liikuda v\u00f5imalik. Seega, meie fookus on \u00f5petada, kuidas luua ja hoida suhteid klientidega, mis on palju enamat kui lihtsalt kontaktide nimekiri <b>meililistis<\/b> v\u00f5i e<b>xceli tabelis<\/b>.<\/p>\n<p>Me jagame teadmisi, kuidas <b>kvalifitseerida potentsiaalseid kliente<\/b> ja luua nendega kestvaid suhteid, tagades, et iga kohtumine viib edasi uute vihjeteni. Kinnisvaramaakleri t\u00f6\u00f6 s\u00fcdames on efektiivne <b>turundamine<\/b> ja me tutvustame lihtsaid, kuid v\u00f5imsaid <b>turundusnippe<\/b>, mis aitavad iga algaja maakleri t\u00f6\u00f6d esile t\u00f5sta. Samuti \u00f5petame olulisi <b>m\u00fc\u00fcgistrateegiaid<\/b> ja kuidas neid oma \u00e4ri edendamiseks kasutada.<\/p>\n<p>Lisaks tehnilistele oskustele, r\u00f5hutame ka <b>isikliku arengu<\/b> t\u00e4htsust. Kuidas luua <b>edukas \u00e4riplaan<\/b>, hallata oma <b>aega<\/b> ja seada <b>eesm\u00e4rke<\/b>, mis viivad sind soovitud tulemusteni. Meie kursus viib sind l\u00e4bi kogu m\u00fc\u00fcgiprotsessi, alates esimesest kontaktist kuni tehinguni, pakkudes selleks vajalikke t\u00f6\u00f6riistu ja teadmisi.<\/p>\n<p><strong>&#8220;Kuidas saada tippmaakleriks&#8221;<\/strong> on mitte ainult koolitusprogramm, vaid ka <b>inspiratsiooniallikas<\/b>, pakkudes lugusid reaalsest elust ja praktilisi n\u00f5uandeid, mis p\u00e4rinevad <strong>Leanika J\u00e4rve 17-aastasest<\/strong> kogemusest\u00a0\u00a0kinnisvara\u00e4ris ning kes teeb siiani edukaid tehinguid igap\u00e4evaselt. Leanika on koolitanud kinnisvaraprofessionaale juba 15 aastat, aidates neil saavutada suurep\u00e4raseid tulemusi. Tema praktilised teadmised ja oskused toovad Sulle selge juhise, kuidas oma karj\u00e4\u00e4ri t\u00f5eliselt k\u00e4ima l\u00fckata.<\/p>\n<p>See koolitus on suurep\u00e4rane v\u00f5imalus k\u00f5igile, kes soovivad kinnisvaramaaklerina <b>edu saavutada<\/b>, pakkudes v\u00f5imalust, et saaksite osaleda nii klassiruumis kui ka veebis.<\/p>\n<h3>Liitu ja muuda oma tulevik!<\/h3>\n<p>Kujuta ette, et tead t\u00e4pselt, kuidas<strong> leida kliente<\/strong>, <strong>teha tehingud<\/strong> ja <strong>juhtida<\/strong> oma <strong>kinnisvara\u00e4ri<\/strong> enesekindlalt. Selle koolituse j\u00e4rel ei ole enam kahtlusi ega k\u00f5hklusi \u2013 Sa oled valmis s\u00e4rama <strong>kinnisvaramaailmas<\/strong>!<\/p>\n<p>Koolitus on praktiline, inspireeriv ja t\u00e4is t\u00f5elisi edulugusid \u2013 k\u00f5ik selleks, et just Sina saaksid saavutada suurep\u00e4raseid tulemusi.<\/p>\n<p><strong>V\u00f5ta oma karj\u00e4\u00e4r enda k\u00e4tte \u2013 liitu n\u00fc\u00fcd ja alusta teekonda eduni.<\/strong><\/p>\n<p>Koolitus sobib k\u00f5igile, kes soovivad saada teadmisi kinnisvaramaakleri t\u00f6\u00f6st.<\/p>\n<p>K\u00f5ik koolituse l\u00f5petanud saavad tunnistuse.<\/p>\n<p>Leprofit O\u00dc Eesti T\u00f6\u00f6tukassa koolitusparnter.<\/p>\n<p>&nbsp;<\/p>\n<p>&nbsp;<\/p>\n","protected":false},"excerpt":{"rendered":"<p><strong>Kinnisvara\u00e4ri koolitus Leanika J\u00e4rvega \u2013 sinu teekond eduni kinnisvaramaailmas!<\/strong><br \/>\n\u00d5pi 17-aastase kogemusega tunnustatud kinnisvarakoolitajalt praktilisi oskusi ja strateegiaid, mis aitavad sul saavutada edu kinnisvaravaldkonnas. Koolitus katab k\u00f5ik olulised teemad, alates kliendisuhtlusest ja m\u00fc\u00fcgitehnikatest kuni vihjete genereerimise ja kinnisvaraturu m\u00f5istmiseni. Saavuta oma karj\u00e4\u00e4ri eesm\u00e4rgid professionaalse ja inspireeriva juhendaja k\u00e4e all!<\/p>\n<p>Liitu koolitusega, mida juhib Leanika J\u00e4rve, rahvusvahelise kogemusega kinnisvaraspetsialist. Saad praktilised teadmised, kuidas t\u00f6\u00f6tada ostjate ja m\u00fc\u00fcjatega, luua m\u00fc\u00fcgistrateegiaid ja saavutada tipptulemusi kinnisvaramaailmas. Ideaalne algajatele ja professionaalidele, kes soovivad oma oskusi viia j\u00e4rgmisele tasemele.<\/p>\n","protected":false},"featured_media":3120,"template":"","meta":{"_acf_changed":false,"site-sidebar-layout":"default","site-content-layout":"default","ast-site-content-layout":"default","site-content-style":"default","site-sidebar-style":"default","ast-global-header-display":"","ast-banner-title-visibility":"","ast-main-header-display":"","ast-hfb-above-header-display":"","ast-hfb-below-header-display":"","ast-hfb-mobile-header-display":"","site-post-title":"","ast-breadcrumbs-content":"","ast-featured-img":"","footer-sml-layout":"","ast-disable-related-posts":"","theme-transparent-header-meta":"default","adv-header-id-meta":"","stick-header-meta":"","header-above-stick-meta":"","header-main-stick-meta":"","header-below-stick-meta":"","astra-migrate-meta-layouts":"set","ast-page-background-enabled":"default","ast-page-background-meta":{"desktop":{"background-color":"var(--ast-global-color-4)","background-image":"","background-repeat":"repeat","background-position":"center center","background-size":"auto","background-attachment":"scroll","background-type":"","background-media":"","overlay-type":"","overlay-color":"","overlay-opacity":"","overlay-gradient":""},"tablet":{"background-color":"","background-image":"","background-repeat":"repeat","background-position":"center center","background-size":"auto","background-attachment":"scroll","background-type":"","background-media":"","overlay-type":"","overlay-color":"","overlay-opacity":"","overlay-gradient":""},"mobile":{"background-color":"","background-image":"","background-repeat":"repeat","background-position":"center center","background-size":"auto","background-attachment":"scroll","background-type":"","background-media":"","overlay-type":"","overlay-color":"","overlay-opacity":"","overlay-gradient":""}},"ast-content-background-meta":{"desktop":{"background-color":"var(--ast-global-color-5)","background-image":"","background-repeat":"repeat","background-position":"center center","background-size":"auto","background-attachment":"scroll","background-type":"","background-media":"","overlay-type":"","overlay-color":"","overlay-opacity":"","overlay-gradient":""},"tablet":{"background-color":"var(--ast-global-color-5)","background-image":"","background-repeat":"repeat","background-position":"center center","background-size":"auto","background-attachment":"scroll","background-type":"","background-media":"","overlay-type":"","overlay-color":"","overlay-opacity":"","overlay-gradient":""},"mobile":{"background-color":"var(--ast-global-color-5)","background-image":"","background-repeat":"repeat","background-position":"center center","background-size":"auto","background-attachment":"scroll","background-type":"","background-media":"","overlay-type":"","overlay-color":"","overlay-opacity":"","overlay-gradient":""}}},"product_brand":[],"product_cat":[31],"product_tag":[],"class_list":{"0":"post-2986","1":"product","2":"type-product","3":"status-publish","4":"has-post-thumbnail","6":"product_cat-koolitused","7":"desktop-align-left","8":"tablet-align-left","9":"mobile-align-left","11":"first","12":"instock","13":"taxable","14":"shipping-taxable","15":"purchasable","16":"product-type-simple"},"acf":[],"yoast_head":"<!-- This site is optimized with the Yoast SEO plugin v27.3 - https:\/\/yoast.com\/product\/yoast-seo-wordpress\/ -->\n<title>&quot;Kuidas saada Tippmaakleriks?&quot; - Tippmaakler<\/title>\n<meta name=\"robots\" content=\"index, follow, max-snippet:-1, max-image-preview:large, max-video-preview:-1\" \/>\n<link rel=\"canonical\" href=\"https:\/\/tippmaakler.ee\/toode\/koolitused\/tippmaakleriks\/\" \/>\n<meta property=\"og:locale\" content=\"en_US\" \/>\n<meta property=\"og:type\" content=\"article\" \/>\n<meta property=\"og:title\" content=\"&quot;Kuidas saada Tippmaakleriks?&quot; - Tippmaakler\" \/>\n<meta property=\"og:description\" content=\"Kinnisvara\u00e4ri koolitus Leanika J\u00e4rvega \u2013 sinu teekond eduni kinnisvaramaailmas! \u00d5pi 17-aastase kogemusega tunnustatud kinnisvarakoolitajalt praktilisi oskusi ja strateegiaid, mis aitavad sul saavutada edu kinnisvaravaldkonnas. Koolitus katab k\u00f5ik olulised teemad, alates kliendisuhtlusest ja m\u00fc\u00fcgitehnikatest kuni vihjete genereerimise ja kinnisvaraturu m\u00f5istmiseni. Saavuta oma karj\u00e4\u00e4ri eesm\u00e4rgid professionaalse ja inspireeriva juhendaja k\u00e4e all!  Liitu koolitusega, mida juhib Leanika J\u00e4rve, rahvusvahelise kogemusega kinnisvaraspetsialist. Saad praktilised teadmised, kuidas t\u00f6\u00f6tada ostjate ja m\u00fc\u00fcjatega, luua m\u00fc\u00fcgistrateegiaid ja saavutada tipptulemusi kinnisvaramaailmas. Ideaalne algajatele ja professionaalidele, kes soovivad oma oskusi viia j\u00e4rgmisele tasemele.\" \/>\n<meta property=\"og:url\" content=\"https:\/\/tippmaakler.ee\/toode\/koolitused\/tippmaakleriks\/\" \/>\n<meta property=\"og:site_name\" content=\"Tippmaakler\" \/>\n<meta property=\"article:publisher\" content=\"https:\/\/www.facebook.com\/leprofit\" \/>\n<meta property=\"article:modified_time\" content=\"2025-01-22T07:59:49+00:00\" \/>\n<meta property=\"og:image\" content=\"https:\/\/tippmaakler.ee\/wp-content\/uploads\/2024\/09\/Kuidas-saada-tippmaakleriks.jpg\" \/>\n\t<meta property=\"og:image:width\" content=\"1080\" \/>\n\t<meta property=\"og:image:height\" content=\"1080\" \/>\n\t<meta property=\"og:image:type\" content=\"image\/jpeg\" \/>\n<meta name=\"twitter:card\" content=\"summary_large_image\" \/>\n<meta name=\"twitter:label1\" content=\"Est. reading time\" \/>\n\t<meta name=\"twitter:data1\" content=\"4 minutes\" \/>\n<script type=\"application\/ld+json\" class=\"yoast-schema-graph\">{\"@context\":\"https:\\\/\\\/schema.org\",\"@graph\":[{\"@type\":\"WebPage\",\"@id\":\"https:\\\/\\\/tippmaakler.ee\\\/toode\\\/koolitused\\\/tippmaakleriks\\\/\",\"url\":\"https:\\\/\\\/tippmaakler.ee\\\/toode\\\/koolitused\\\/tippmaakleriks\\\/\",\"name\":\"\\\"Kuidas saada Tippmaakleriks?\\\" - Tippmaakler\",\"isPartOf\":{\"@id\":\"https:\\\/\\\/tippmaakler.ee\\\/#website\"},\"primaryImageOfPage\":{\"@id\":\"https:\\\/\\\/tippmaakler.ee\\\/toode\\\/koolitused\\\/tippmaakleriks\\\/#primaryimage\"},\"image\":{\"@id\":\"https:\\\/\\\/tippmaakler.ee\\\/toode\\\/koolitused\\\/tippmaakleriks\\\/#primaryimage\"},\"thumbnailUrl\":\"https:\\\/\\\/tippmaakler.ee\\\/wp-content\\\/uploads\\\/2024\\\/09\\\/Kuidas-saada-tippmaakleriks.jpg\",\"datePublished\":\"2024-09-12T05:44:16+00:00\",\"dateModified\":\"2025-01-22T07:59:49+00:00\",\"breadcrumb\":{\"@id\":\"https:\\\/\\\/tippmaakler.ee\\\/toode\\\/koolitused\\\/tippmaakleriks\\\/#breadcrumb\"},\"inLanguage\":\"en-US\",\"potentialAction\":[{\"@type\":\"ReadAction\",\"target\":[\"https:\\\/\\\/tippmaakler.ee\\\/toode\\\/koolitused\\\/tippmaakleriks\\\/\"]}]},{\"@type\":\"ImageObject\",\"inLanguage\":\"en-US\",\"@id\":\"https:\\\/\\\/tippmaakler.ee\\\/toode\\\/koolitused\\\/tippmaakleriks\\\/#primaryimage\",\"url\":\"https:\\\/\\\/tippmaakler.ee\\\/wp-content\\\/uploads\\\/2024\\\/09\\\/Kuidas-saada-tippmaakleriks.jpg\",\"contentUrl\":\"https:\\\/\\\/tippmaakler.ee\\\/wp-content\\\/uploads\\\/2024\\\/09\\\/Kuidas-saada-tippmaakleriks.jpg\",\"width\":1080,\"height\":1080,\"caption\":\"Kuidas saada tippmaakleriks?\"},{\"@type\":\"BreadcrumbList\",\"@id\":\"https:\\\/\\\/tippmaakler.ee\\\/toode\\\/koolitused\\\/tippmaakleriks\\\/#breadcrumb\",\"itemListElement\":[{\"@type\":\"ListItem\",\"position\":1,\"name\":\"Home\",\"item\":\"https:\\\/\\\/tippmaakler.ee\\\/en\\\/\"},{\"@type\":\"ListItem\",\"position\":2,\"name\":\"Tooted\",\"item\":\"https:\\\/\\\/tippmaakler.ee\\\/tooted\\\/\"},{\"@type\":\"ListItem\",\"position\":3,\"name\":\"&#8220;Kuidas saada Tippmaakleriks?&#8221;\"}]},{\"@type\":\"WebSite\",\"@id\":\"https:\\\/\\\/tippmaakler.ee\\\/#website\",\"url\":\"https:\\\/\\\/tippmaakler.ee\\\/\",\"name\":\"Tippmaakler\",\"description\":\"M&uuml;&uuml;k\\\/ Kinnisvara\",\"publisher\":{\"@id\":\"https:\\\/\\\/tippmaakler.ee\\\/#organization\"},\"potentialAction\":[{\"@type\":\"SearchAction\",\"target\":{\"@type\":\"EntryPoint\",\"urlTemplate\":\"https:\\\/\\\/tippmaakler.ee\\\/?s={search_term_string}\"},\"query-input\":{\"@type\":\"PropertyValueSpecification\",\"valueRequired\":true,\"valueName\":\"search_term_string\"}}],\"inLanguage\":\"en-US\"},{\"@type\":\"Organization\",\"@id\":\"https:\\\/\\\/tippmaakler.ee\\\/#organization\",\"name\":\"Tippmaakler\",\"url\":\"https:\\\/\\\/tippmaakler.ee\\\/\",\"logo\":{\"@type\":\"ImageObject\",\"inLanguage\":\"en-US\",\"@id\":\"https:\\\/\\\/tippmaakler.ee\\\/#\\\/schema\\\/logo\\\/image\\\/\",\"url\":\"https:\\\/\\\/tippmaakler.ee\\\/wp-content\\\/uploads\\\/2026\\\/01\\\/cropped-735ff561-c63f-4154-820c-1dca5d3b4e9e-removebg-preview-e1768388885446.png\",\"contentUrl\":\"https:\\\/\\\/tippmaakler.ee\\\/wp-content\\\/uploads\\\/2026\\\/01\\\/cropped-735ff561-c63f-4154-820c-1dca5d3b4e9e-removebg-preview-e1768388885446.png\",\"width\":398,\"height\":291,\"caption\":\"Tippmaakler\"},\"image\":{\"@id\":\"https:\\\/\\\/tippmaakler.ee\\\/#\\\/schema\\\/logo\\\/image\\\/\"},\"sameAs\":[\"https:\\\/\\\/www.facebook.com\\\/leprofit\",\"https:\\\/\\\/www.instagram.com\\\/leprofitcoaching\\\/\"]}]}<\/script>\n<!-- \/ Yoast SEO plugin. -->","yoast_head_json":{"title":"\"Kuidas saada Tippmaakleriks?\" - Tippmaakler","robots":{"index":"index","follow":"follow","max-snippet":"max-snippet:-1","max-image-preview":"max-image-preview:large","max-video-preview":"max-video-preview:-1"},"canonical":"https:\/\/tippmaakler.ee\/toode\/koolitused\/tippmaakleriks\/","og_locale":"en_US","og_type":"article","og_title":"\"Kuidas saada Tippmaakleriks?\" - Tippmaakler","og_description":"Kinnisvara\u00e4ri koolitus Leanika J\u00e4rvega \u2013 sinu teekond eduni kinnisvaramaailmas! \u00d5pi 17-aastase kogemusega tunnustatud kinnisvarakoolitajalt praktilisi oskusi ja strateegiaid, mis aitavad sul saavutada edu kinnisvaravaldkonnas. Koolitus katab k\u00f5ik olulised teemad, alates kliendisuhtlusest ja m\u00fc\u00fcgitehnikatest kuni vihjete genereerimise ja kinnisvaraturu m\u00f5istmiseni. Saavuta oma karj\u00e4\u00e4ri eesm\u00e4rgid professionaalse ja inspireeriva juhendaja k\u00e4e all!  Liitu koolitusega, mida juhib Leanika J\u00e4rve, rahvusvahelise kogemusega kinnisvaraspetsialist. Saad praktilised teadmised, kuidas t\u00f6\u00f6tada ostjate ja m\u00fc\u00fcjatega, luua m\u00fc\u00fcgistrateegiaid ja saavutada tipptulemusi kinnisvaramaailmas. Ideaalne algajatele ja professionaalidele, kes soovivad oma oskusi viia j\u00e4rgmisele tasemele.","og_url":"https:\/\/tippmaakler.ee\/toode\/koolitused\/tippmaakleriks\/","og_site_name":"Tippmaakler","article_publisher":"https:\/\/www.facebook.com\/leprofit","article_modified_time":"2025-01-22T07:59:49+00:00","og_image":[{"width":1080,"height":1080,"url":"https:\/\/tippmaakler.ee\/wp-content\/uploads\/2024\/09\/Kuidas-saada-tippmaakleriks.jpg","type":"image\/jpeg"}],"twitter_card":"summary_large_image","twitter_misc":{"Est. reading time":"4 minutes"},"schema":{"@context":"https:\/\/schema.org","@graph":[{"@type":"WebPage","@id":"https:\/\/tippmaakler.ee\/toode\/koolitused\/tippmaakleriks\/","url":"https:\/\/tippmaakler.ee\/toode\/koolitused\/tippmaakleriks\/","name":"\"Kuidas saada Tippmaakleriks?\" - Tippmaakler","isPartOf":{"@id":"https:\/\/tippmaakler.ee\/#website"},"primaryImageOfPage":{"@id":"https:\/\/tippmaakler.ee\/toode\/koolitused\/tippmaakleriks\/#primaryimage"},"image":{"@id":"https:\/\/tippmaakler.ee\/toode\/koolitused\/tippmaakleriks\/#primaryimage"},"thumbnailUrl":"https:\/\/tippmaakler.ee\/wp-content\/uploads\/2024\/09\/Kuidas-saada-tippmaakleriks.jpg","datePublished":"2024-09-12T05:44:16+00:00","dateModified":"2025-01-22T07:59:49+00:00","breadcrumb":{"@id":"https:\/\/tippmaakler.ee\/toode\/koolitused\/tippmaakleriks\/#breadcrumb"},"inLanguage":"en-US","potentialAction":[{"@type":"ReadAction","target":["https:\/\/tippmaakler.ee\/toode\/koolitused\/tippmaakleriks\/"]}]},{"@type":"ImageObject","inLanguage":"en-US","@id":"https:\/\/tippmaakler.ee\/toode\/koolitused\/tippmaakleriks\/#primaryimage","url":"https:\/\/tippmaakler.ee\/wp-content\/uploads\/2024\/09\/Kuidas-saada-tippmaakleriks.jpg","contentUrl":"https:\/\/tippmaakler.ee\/wp-content\/uploads\/2024\/09\/Kuidas-saada-tippmaakleriks.jpg","width":1080,"height":1080,"caption":"Kuidas saada tippmaakleriks?"},{"@type":"BreadcrumbList","@id":"https:\/\/tippmaakler.ee\/toode\/koolitused\/tippmaakleriks\/#breadcrumb","itemListElement":[{"@type":"ListItem","position":1,"name":"Home","item":"https:\/\/tippmaakler.ee\/en\/"},{"@type":"ListItem","position":2,"name":"Tooted","item":"https:\/\/tippmaakler.ee\/tooted\/"},{"@type":"ListItem","position":3,"name":"&#8220;Kuidas saada Tippmaakleriks?&#8221;"}]},{"@type":"WebSite","@id":"https:\/\/tippmaakler.ee\/#website","url":"https:\/\/tippmaakler.ee\/","name":"Tippmaakler","description":"M&uuml;&uuml;k\/ Kinnisvara","publisher":{"@id":"https:\/\/tippmaakler.ee\/#organization"},"potentialAction":[{"@type":"SearchAction","target":{"@type":"EntryPoint","urlTemplate":"https:\/\/tippmaakler.ee\/?s={search_term_string}"},"query-input":{"@type":"PropertyValueSpecification","valueRequired":true,"valueName":"search_term_string"}}],"inLanguage":"en-US"},{"@type":"Organization","@id":"https:\/\/tippmaakler.ee\/#organization","name":"Tippmaakler","url":"https:\/\/tippmaakler.ee\/","logo":{"@type":"ImageObject","inLanguage":"en-US","@id":"https:\/\/tippmaakler.ee\/#\/schema\/logo\/image\/","url":"https:\/\/tippmaakler.ee\/wp-content\/uploads\/2026\/01\/cropped-735ff561-c63f-4154-820c-1dca5d3b4e9e-removebg-preview-e1768388885446.png","contentUrl":"https:\/\/tippmaakler.ee\/wp-content\/uploads\/2026\/01\/cropped-735ff561-c63f-4154-820c-1dca5d3b4e9e-removebg-preview-e1768388885446.png","width":398,"height":291,"caption":"Tippmaakler"},"image":{"@id":"https:\/\/tippmaakler.ee\/#\/schema\/logo\/image\/"},"sameAs":["https:\/\/www.facebook.com\/leprofit","https:\/\/www.instagram.com\/leprofitcoaching\/"]}]}},"_links":{"self":[{"href":"https:\/\/tippmaakler.ee\/en\/wp-json\/wp\/v2\/product\/2986","targetHints":{"allow":["GET"]}}],"collection":[{"href":"https:\/\/tippmaakler.ee\/en\/wp-json\/wp\/v2\/product"}],"about":[{"href":"https:\/\/tippmaakler.ee\/en\/wp-json\/wp\/v2\/types\/product"}],"wp:featuredmedia":[{"embeddable":true,"href":"https:\/\/tippmaakler.ee\/en\/wp-json\/wp\/v2\/media\/3120"}],"wp:attachment":[{"href":"https:\/\/tippmaakler.ee\/en\/wp-json\/wp\/v2\/media?parent=2986"}],"wp:term":[{"taxonomy":"product_brand","embeddable":true,"href":"https:\/\/tippmaakler.ee\/en\/wp-json\/wp\/v2\/product_brand?post=2986"},{"taxonomy":"product_cat","embeddable":true,"href":"https:\/\/tippmaakler.ee\/en\/wp-json\/wp\/v2\/product_cat?post=2986"},{"taxonomy":"product_tag","embeddable":true,"href":"https:\/\/tippmaakler.ee\/en\/wp-json\/wp\/v2\/product_tag?post=2986"}],"curies":[{"name":"wp","href":"https:\/\/api.w.org\/{rel}","templated":true}]}}