{"id":2903,"date":"2024-01-10T07:38:31","date_gmt":"2024-01-10T07:38:31","guid":{"rendered":"https:\/\/tippmaakler.ee\/?post_type=product&#038;p=2903"},"modified":"2025-03-14T11:49:26","modified_gmt":"2025-03-14T11:49:26","slug":"kinnisvaramaakleri-intensiivkursus-2","status":"publish","type":"product","link":"https:\/\/tippmaakler.ee\/en\/toode\/koolitused\/kinnisvaramaakleri-intensiivkursus-2\/","title":{"rendered":"Kinnisvaramaakleri Intensiivkursus"},"content":{"rendered":"<p>Kui Sa soovid alustada\u00a0<strong>kinnisvaramaakleri karj\u00e4\u00e4ri, <\/strong>siis\u00a0<strong>&#8220;Kinnisvaramaakleri Intensiivkursus&#8221;<\/strong> on just Sinu jaoks! See <strong>p\u00f5hjalik<\/strong> 2-kuuline programm annab Sulle vajalikud teadmised ja oskused, et saavutada kinnisvara\u00e4ris kiire start.<\/p>\n<p>Meie intensiivkursus \u00fchendab tipptasemel teoreetilise \u00f5ppe praktilise mentorlusega iga n\u00e4dal. Kursusel \u00f5pid looma strateegilist\u00a0<strong>\u00e4riplaani<\/strong> ja <strong>tegevuskava<\/strong>, \u00f5pid<strong>\u00a0kliendileidmise<\/strong> strateegiaid ja erinevate <strong>turundusmeetodite<\/strong>\u00a0kasutamist. Saad teada, kuidas suhelda professionaalselt <strong>m\u00fc\u00fcjate<\/strong> ja<strong> ostjatega<\/strong> ning kuidas edukalt lahendada keerukaid v\u00e4ljakutseid.<\/p>\n<p>Meie kursuse k\u00e4igus loome koos teiega <strong>turundusstrateegia,<\/strong> mis \u00f5petab, kuidas saada \u00a0<strong>100 uut<\/strong> <strong>kontakti<\/strong>. Samuti s\u00fcvendame teie oskusi visuaalsete abivahendite loomisel ja kasutamisel ning \u00f5petame, kuidas veenvalt vastata k\u00fcsimustele ja tulla toime keeruliste klientidega.<\/p>\n<p>Kursus kestab kaks kuud ja k\u00e4sitleb teemasid alates <strong>\u00e4riplaani<\/strong> ja <strong>eesm\u00e4rkide seadmise<\/strong>, <strong>kliendibaasi loomise<\/strong> ja t<strong>uru anal\u00fc\u00fcsini<\/strong> kuni <strong>personaalse turunduse<\/strong>, <strong>sotsiaalmeedia<\/strong> ja <strong>kinnisvara esitlusteni<\/strong>. Lisaks \u00f5petame teile, kuidas edukalt l\u00e4bi viia <strong>hinnal\u00e4bir\u00e4\u00e4kimisi<\/strong>\u00a0, kuidas kasutada erinevad <strong>registreid<\/strong> ja lahendada vastuv\u00e4iteid ning kuidas t\u00f5husalt <strong>koost\u00f6\u00f6d<\/strong> teiste maakleritega teha.<\/p>\n<p>Kursuse jooksul leiame Sulle ka ettev\u00f5te, kus Sa saad kohe \u00f5pitut <strong>praktiseerida<\/strong> ning aimu saada sellest p\u00f5nevast karj\u00e4\u00e4rist.<\/p>\n<p>\u00c4rge laske k\u00e4est v\u00f5imalust \u00f5ppida oma ala tippudelt ning astuda esimene samm <strong>eduka karj\u00e4\u00e4ri<\/strong> suunas!<\/p>\n<p>Leprofit O\u00dc on <strong>Eesti<\/strong> <strong>T\u00f6\u00f6tukassa<\/strong> <strong>koolituspartner<\/strong>.<\/p>\n","protected":false},"excerpt":{"rendered":"<p><strong>Kogenud praktikuna\u00a0<\/strong>tean\u00a0millest r\u00e4\u00e4gin ja\u00a0jagan\u00a0teadmisi sellest, mida ise aastaid kinnisvarakarj\u00e4\u00e4ri jooksul praktiseerinud olen.\u00a0Ma\u00a0olen\u00a0turule toonud kinnisvaraettev\u00f5tted\u00a0nagu\u00a0RE\/MAX ja Epicenter Kinnisvara. Olen olnud Arco Vara Tallinna b\u00fcroo tegevjuht ja partner nende frantsiisiv\u00f5rgustikus ning rahvusvaheliselt tunnustatud maakler. Minu\u00a0teadmised p\u00f5hinevad Ameerika \u00dchendriikide kinnisvara\u00e4ril ja koolitustel ning \u00fcle 15 aasta kogemustest Eesti kinnisvaraturult, kus\u00a0ma\u00a0teen\u00a0ise\u00a0siiani\u00a0pidevalt tehinguid.<\/p>\n<p>Koolituselt saadut saab\u00a0efektiivselt\u00a0ja\u00a0otseselt rakendada oma eesm\u00e4rkide\u00a0t\u00e4itmisel. Annan\u00a0v\u00e4ga\u00a0palju praktilisi n\u00f5uandeid, kuidas j\u00f5uda vihjetest tehinguteni, leida lahendusi k\u00f5ige olulisematele olukordadele ning olla teistest edukam\u00a0pidevalt muutuvas majanduslikus keskkonnas.<\/p>\n<p>&nbsp;<\/p>\n","protected":false},"featured_media":2890,"template":"","meta":{"_acf_changed":false,"site-sidebar-layout":"default","site-content-layout":"default","ast-site-content-layout":"default","site-content-style":"default","site-sidebar-style":"default","ast-global-header-display":"","ast-banner-title-visibility":"","ast-main-header-display":"","ast-hfb-above-header-display":"","ast-hfb-below-header-display":"","ast-hfb-mobile-header-display":"","site-post-title":"","ast-breadcrumbs-content":"","ast-featured-img":"","footer-sml-layout":"","ast-disable-related-posts":"","theme-transparent-header-meta":"default","adv-header-id-meta":"","stick-header-meta":"","header-above-stick-meta":"","header-main-stick-meta":"","header-below-stick-meta":"","astra-migrate-meta-layouts":"set","ast-page-background-enabled":"default","ast-page-background-meta":{"desktop":{"background-color":"var(--ast-global-color-4)","background-image":"","background-repeat":"repeat","background-position":"center center","background-size":"auto","background-attachment":"scroll","background-type":"","background-media":"","overlay-type":"","overlay-color":"","overlay-opacity":"","overlay-gradient":""},"tablet":{"background-color":"","background-image":"","background-repeat":"repeat","background-position":"center center","background-size":"auto","background-attachment":"scroll","background-type":"","background-media":"","overlay-type":"","overlay-color":"","overlay-opacity":"","overlay-gradient":""},"mobile":{"background-color":"","background-image":"","background-repeat":"repeat","background-position":"center center","background-size":"auto","background-attachment":"scroll","background-type":"","background-media":"","overlay-type":"","overlay-color":"","overlay-opacity":"","overlay-gradient":""}},"ast-content-background-meta":{"desktop":{"background-color":"var(--ast-global-color-5)","background-image":"","background-repeat":"repeat","background-position":"center center","background-size":"auto","background-attachment":"scroll","background-type":"","background-media":"","overlay-type":"","overlay-color":"","overlay-opacity":"","overlay-gradient":""},"tablet":{"background-color":"var(--ast-global-color-5)","background-image":"","background-repeat":"repeat","background-position":"center center","background-size":"auto","background-attachment":"scroll","background-type":"","background-media":"","overlay-type":"","overlay-color":"","overlay-opacity":"","overlay-gradient":""},"mobile":{"background-color":"var(--ast-global-color-5)","background-image":"","background-repeat":"repeat","background-position":"center center","background-size":"auto","background-attachment":"scroll","background-type":"","background-media":"","overlay-type":"","overlay-color":"","overlay-opacity":"","overlay-gradient":""}}},"product_brand":[],"product_cat":[31],"product_tag":[],"class_list":{"0":"post-2903","1":"product","2":"type-product","3":"status-publish","4":"has-post-thumbnail","6":"product_cat-koolitused","7":"desktop-align-left","8":"tablet-align-left","9":"mobile-align-left","11":"first","12":"instock","13":"taxable","14":"shipping-taxable","15":"purchasable","16":"product-type-simple"},"acf":[],"yoast_head":"<!-- This site is optimized with the Yoast SEO plugin v27.3 - https:\/\/yoast.com\/product\/yoast-seo-wordpress\/ -->\n<title>Kinnisvaramaakleri Intensiivkursus - Tippmaakler<\/title>\n<meta name=\"robots\" content=\"index, follow, max-snippet:-1, max-image-preview:large, max-video-preview:-1\" \/>\n<link rel=\"canonical\" href=\"https:\/\/tippmaakler.ee\/toode\/koolitused\/kinnisvaramaakleri-intensiivkursus-2\/\" \/>\n<meta property=\"og:locale\" content=\"en_US\" \/>\n<meta property=\"og:type\" content=\"article\" \/>\n<meta property=\"og:title\" content=\"Kinnisvaramaakleri Intensiivkursus - Tippmaakler\" \/>\n<meta property=\"og:description\" content=\"Kogenud praktikuna\u00a0tean\u00a0millest r\u00e4\u00e4gin ja\u00a0jagan\u00a0teadmisi sellest, mida ise aastaid kinnisvarakarj\u00e4\u00e4ri jooksul praktiseerinud olen.\u00a0Ma\u00a0olen\u00a0turule toonud kinnisvaraettev\u00f5tted\u00a0nagu\u00a0RE\/MAX ja Epicenter Kinnisvara. Olen olnud Arco Vara Tallinna b\u00fcroo tegevjuht ja partner nende frantsiisiv\u00f5rgustikus ning rahvusvaheliselt tunnustatud maakler. Minu\u00a0teadmised p\u00f5hinevad Ameerika \u00dchendriikide kinnisvara\u00e4ril ja koolitustel ning \u00fcle 15 aasta kogemustest Eesti kinnisvaraturult, kus\u00a0ma\u00a0teen\u00a0ise\u00a0siiani\u00a0pidevalt tehinguid.  Koolituselt saadut saab\u00a0efektiivselt\u00a0ja\u00a0otseselt rakendada oma eesm\u00e4rkide\u00a0t\u00e4itmisel. Annan\u00a0v\u00e4ga\u00a0palju praktilisi n\u00f5uandeid, kuidas j\u00f5uda vihjetest tehinguteni, leida lahendusi k\u00f5ige olulisematele olukordadele ning olla teistest edukam\u00a0pidevalt muutuvas majanduslikus keskkonnas.  &nbsp;\" \/>\n<meta property=\"og:url\" content=\"https:\/\/tippmaakler.ee\/toode\/koolitused\/kinnisvaramaakleri-intensiivkursus-2\/\" \/>\n<meta property=\"og:site_name\" content=\"Tippmaakler\" \/>\n<meta property=\"article:publisher\" content=\"https:\/\/www.facebook.com\/leprofit\" \/>\n<meta property=\"article:modified_time\" content=\"2025-03-14T11:49:26+00:00\" \/>\n<meta property=\"og:image\" content=\"https:\/\/tippmaakler.ee\/wp-content\/uploads\/2023\/04\/KinnisvaramaakleriIntensiivkursus.jpg\" \/>\n\t<meta property=\"og:image:width\" content=\"500\" \/>\n\t<meta property=\"og:image:height\" content=\"500\" \/>\n\t<meta property=\"og:image:type\" content=\"image\/jpeg\" \/>\n<meta name=\"twitter:card\" content=\"summary_large_image\" \/>\n<meta name=\"twitter:label1\" content=\"Est. reading time\" \/>\n\t<meta name=\"twitter:data1\" content=\"2 minutes\" \/>\n<script type=\"application\/ld+json\" class=\"yoast-schema-graph\">{\"@context\":\"https:\\\/\\\/schema.org\",\"@graph\":[{\"@type\":\"WebPage\",\"@id\":\"https:\\\/\\\/tippmaakler.ee\\\/toode\\\/koolitused\\\/kinnisvaramaakleri-intensiivkursus-2\\\/\",\"url\":\"https:\\\/\\\/tippmaakler.ee\\\/toode\\\/koolitused\\\/kinnisvaramaakleri-intensiivkursus-2\\\/\",\"name\":\"Kinnisvaramaakleri Intensiivkursus - Tippmaakler\",\"isPartOf\":{\"@id\":\"https:\\\/\\\/tippmaakler.ee\\\/#website\"},\"primaryImageOfPage\":{\"@id\":\"https:\\\/\\\/tippmaakler.ee\\\/toode\\\/koolitused\\\/kinnisvaramaakleri-intensiivkursus-2\\\/#primaryimage\"},\"image\":{\"@id\":\"https:\\\/\\\/tippmaakler.ee\\\/toode\\\/koolitused\\\/kinnisvaramaakleri-intensiivkursus-2\\\/#primaryimage\"},\"thumbnailUrl\":\"https:\\\/\\\/tippmaakler.ee\\\/wp-content\\\/uploads\\\/2023\\\/04\\\/KinnisvaramaakleriIntensiivkursus.jpg\",\"datePublished\":\"2024-01-10T07:38:31+00:00\",\"dateModified\":\"2025-03-14T11:49:26+00:00\",\"breadcrumb\":{\"@id\":\"https:\\\/\\\/tippmaakler.ee\\\/toode\\\/koolitused\\\/kinnisvaramaakleri-intensiivkursus-2\\\/#breadcrumb\"},\"inLanguage\":\"en-US\",\"potentialAction\":[{\"@type\":\"ReadAction\",\"target\":[\"https:\\\/\\\/tippmaakler.ee\\\/toode\\\/koolitused\\\/kinnisvaramaakleri-intensiivkursus-2\\\/\"]}]},{\"@type\":\"ImageObject\",\"inLanguage\":\"en-US\",\"@id\":\"https:\\\/\\\/tippmaakler.ee\\\/toode\\\/koolitused\\\/kinnisvaramaakleri-intensiivkursus-2\\\/#primaryimage\",\"url\":\"https:\\\/\\\/tippmaakler.ee\\\/wp-content\\\/uploads\\\/2023\\\/04\\\/KinnisvaramaakleriIntensiivkursus.jpg\",\"contentUrl\":\"https:\\\/\\\/tippmaakler.ee\\\/wp-content\\\/uploads\\\/2023\\\/04\\\/KinnisvaramaakleriIntensiivkursus.jpg\",\"width\":500,\"height\":500},{\"@type\":\"BreadcrumbList\",\"@id\":\"https:\\\/\\\/tippmaakler.ee\\\/toode\\\/koolitused\\\/kinnisvaramaakleri-intensiivkursus-2\\\/#breadcrumb\",\"itemListElement\":[{\"@type\":\"ListItem\",\"position\":1,\"name\":\"Home\",\"item\":\"https:\\\/\\\/tippmaakler.ee\\\/en\\\/\"},{\"@type\":\"ListItem\",\"position\":2,\"name\":\"Tooted\",\"item\":\"https:\\\/\\\/tippmaakler.ee\\\/tooted\\\/\"},{\"@type\":\"ListItem\",\"position\":3,\"name\":\"Kinnisvaramaakleri Intensiivkursus\"}]},{\"@type\":\"WebSite\",\"@id\":\"https:\\\/\\\/tippmaakler.ee\\\/#website\",\"url\":\"https:\\\/\\\/tippmaakler.ee\\\/\",\"name\":\"Tippmaakler\",\"description\":\"M&uuml;&uuml;k\\\/ Kinnisvara\",\"publisher\":{\"@id\":\"https:\\\/\\\/tippmaakler.ee\\\/#organization\"},\"potentialAction\":[{\"@type\":\"SearchAction\",\"target\":{\"@type\":\"EntryPoint\",\"urlTemplate\":\"https:\\\/\\\/tippmaakler.ee\\\/?s={search_term_string}\"},\"query-input\":{\"@type\":\"PropertyValueSpecification\",\"valueRequired\":true,\"valueName\":\"search_term_string\"}}],\"inLanguage\":\"en-US\"},{\"@type\":\"Organization\",\"@id\":\"https:\\\/\\\/tippmaakler.ee\\\/#organization\",\"name\":\"Tippmaakler\",\"url\":\"https:\\\/\\\/tippmaakler.ee\\\/\",\"logo\":{\"@type\":\"ImageObject\",\"inLanguage\":\"en-US\",\"@id\":\"https:\\\/\\\/tippmaakler.ee\\\/#\\\/schema\\\/logo\\\/image\\\/\",\"url\":\"https:\\\/\\\/tippmaakler.ee\\\/wp-content\\\/uploads\\\/2026\\\/01\\\/cropped-735ff561-c63f-4154-820c-1dca5d3b4e9e-removebg-preview-e1768388885446.png\",\"contentUrl\":\"https:\\\/\\\/tippmaakler.ee\\\/wp-content\\\/uploads\\\/2026\\\/01\\\/cropped-735ff561-c63f-4154-820c-1dca5d3b4e9e-removebg-preview-e1768388885446.png\",\"width\":398,\"height\":291,\"caption\":\"Tippmaakler\"},\"image\":{\"@id\":\"https:\\\/\\\/tippmaakler.ee\\\/#\\\/schema\\\/logo\\\/image\\\/\"},\"sameAs\":[\"https:\\\/\\\/www.facebook.com\\\/leprofit\",\"https:\\\/\\\/www.instagram.com\\\/leprofitcoaching\\\/\"]}]}<\/script>\n<!-- \/ Yoast SEO plugin. -->","yoast_head_json":{"title":"Kinnisvaramaakleri Intensiivkursus - Tippmaakler","robots":{"index":"index","follow":"follow","max-snippet":"max-snippet:-1","max-image-preview":"max-image-preview:large","max-video-preview":"max-video-preview:-1"},"canonical":"https:\/\/tippmaakler.ee\/toode\/koolitused\/kinnisvaramaakleri-intensiivkursus-2\/","og_locale":"en_US","og_type":"article","og_title":"Kinnisvaramaakleri Intensiivkursus - Tippmaakler","og_description":"Kogenud praktikuna\u00a0tean\u00a0millest r\u00e4\u00e4gin ja\u00a0jagan\u00a0teadmisi sellest, mida ise aastaid kinnisvarakarj\u00e4\u00e4ri jooksul praktiseerinud olen.\u00a0Ma\u00a0olen\u00a0turule toonud kinnisvaraettev\u00f5tted\u00a0nagu\u00a0RE\/MAX ja Epicenter Kinnisvara. Olen olnud Arco Vara Tallinna b\u00fcroo tegevjuht ja partner nende frantsiisiv\u00f5rgustikus ning rahvusvaheliselt tunnustatud maakler. Minu\u00a0teadmised p\u00f5hinevad Ameerika \u00dchendriikide kinnisvara\u00e4ril ja koolitustel ning \u00fcle 15 aasta kogemustest Eesti kinnisvaraturult, kus\u00a0ma\u00a0teen\u00a0ise\u00a0siiani\u00a0pidevalt tehinguid.  Koolituselt saadut saab\u00a0efektiivselt\u00a0ja\u00a0otseselt rakendada oma eesm\u00e4rkide\u00a0t\u00e4itmisel. Annan\u00a0v\u00e4ga\u00a0palju praktilisi n\u00f5uandeid, kuidas j\u00f5uda vihjetest tehinguteni, leida lahendusi k\u00f5ige olulisematele olukordadele ning olla teistest edukam\u00a0pidevalt muutuvas majanduslikus keskkonnas.  &nbsp;","og_url":"https:\/\/tippmaakler.ee\/toode\/koolitused\/kinnisvaramaakleri-intensiivkursus-2\/","og_site_name":"Tippmaakler","article_publisher":"https:\/\/www.facebook.com\/leprofit","article_modified_time":"2025-03-14T11:49:26+00:00","og_image":[{"width":500,"height":500,"url":"https:\/\/tippmaakler.ee\/wp-content\/uploads\/2023\/04\/KinnisvaramaakleriIntensiivkursus.jpg","type":"image\/jpeg"}],"twitter_card":"summary_large_image","twitter_misc":{"Est. reading time":"2 minutes"},"schema":{"@context":"https:\/\/schema.org","@graph":[{"@type":"WebPage","@id":"https:\/\/tippmaakler.ee\/toode\/koolitused\/kinnisvaramaakleri-intensiivkursus-2\/","url":"https:\/\/tippmaakler.ee\/toode\/koolitused\/kinnisvaramaakleri-intensiivkursus-2\/","name":"Kinnisvaramaakleri Intensiivkursus - Tippmaakler","isPartOf":{"@id":"https:\/\/tippmaakler.ee\/#website"},"primaryImageOfPage":{"@id":"https:\/\/tippmaakler.ee\/toode\/koolitused\/kinnisvaramaakleri-intensiivkursus-2\/#primaryimage"},"image":{"@id":"https:\/\/tippmaakler.ee\/toode\/koolitused\/kinnisvaramaakleri-intensiivkursus-2\/#primaryimage"},"thumbnailUrl":"https:\/\/tippmaakler.ee\/wp-content\/uploads\/2023\/04\/KinnisvaramaakleriIntensiivkursus.jpg","datePublished":"2024-01-10T07:38:31+00:00","dateModified":"2025-03-14T11:49:26+00:00","breadcrumb":{"@id":"https:\/\/tippmaakler.ee\/toode\/koolitused\/kinnisvaramaakleri-intensiivkursus-2\/#breadcrumb"},"inLanguage":"en-US","potentialAction":[{"@type":"ReadAction","target":["https:\/\/tippmaakler.ee\/toode\/koolitused\/kinnisvaramaakleri-intensiivkursus-2\/"]}]},{"@type":"ImageObject","inLanguage":"en-US","@id":"https:\/\/tippmaakler.ee\/toode\/koolitused\/kinnisvaramaakleri-intensiivkursus-2\/#primaryimage","url":"https:\/\/tippmaakler.ee\/wp-content\/uploads\/2023\/04\/KinnisvaramaakleriIntensiivkursus.jpg","contentUrl":"https:\/\/tippmaakler.ee\/wp-content\/uploads\/2023\/04\/KinnisvaramaakleriIntensiivkursus.jpg","width":500,"height":500},{"@type":"BreadcrumbList","@id":"https:\/\/tippmaakler.ee\/toode\/koolitused\/kinnisvaramaakleri-intensiivkursus-2\/#breadcrumb","itemListElement":[{"@type":"ListItem","position":1,"name":"Home","item":"https:\/\/tippmaakler.ee\/en\/"},{"@type":"ListItem","position":2,"name":"Tooted","item":"https:\/\/tippmaakler.ee\/tooted\/"},{"@type":"ListItem","position":3,"name":"Kinnisvaramaakleri Intensiivkursus"}]},{"@type":"WebSite","@id":"https:\/\/tippmaakler.ee\/#website","url":"https:\/\/tippmaakler.ee\/","name":"Tippmaakler","description":"M&uuml;&uuml;k\/ Kinnisvara","publisher":{"@id":"https:\/\/tippmaakler.ee\/#organization"},"potentialAction":[{"@type":"SearchAction","target":{"@type":"EntryPoint","urlTemplate":"https:\/\/tippmaakler.ee\/?s={search_term_string}"},"query-input":{"@type":"PropertyValueSpecification","valueRequired":true,"valueName":"search_term_string"}}],"inLanguage":"en-US"},{"@type":"Organization","@id":"https:\/\/tippmaakler.ee\/#organization","name":"Tippmaakler","url":"https:\/\/tippmaakler.ee\/","logo":{"@type":"ImageObject","inLanguage":"en-US","@id":"https:\/\/tippmaakler.ee\/#\/schema\/logo\/image\/","url":"https:\/\/tippmaakler.ee\/wp-content\/uploads\/2026\/01\/cropped-735ff561-c63f-4154-820c-1dca5d3b4e9e-removebg-preview-e1768388885446.png","contentUrl":"https:\/\/tippmaakler.ee\/wp-content\/uploads\/2026\/01\/cropped-735ff561-c63f-4154-820c-1dca5d3b4e9e-removebg-preview-e1768388885446.png","width":398,"height":291,"caption":"Tippmaakler"},"image":{"@id":"https:\/\/tippmaakler.ee\/#\/schema\/logo\/image\/"},"sameAs":["https:\/\/www.facebook.com\/leprofit","https:\/\/www.instagram.com\/leprofitcoaching\/"]}]}},"_links":{"self":[{"href":"https:\/\/tippmaakler.ee\/en\/wp-json\/wp\/v2\/product\/2903","targetHints":{"allow":["GET"]}}],"collection":[{"href":"https:\/\/tippmaakler.ee\/en\/wp-json\/wp\/v2\/product"}],"about":[{"href":"https:\/\/tippmaakler.ee\/en\/wp-json\/wp\/v2\/types\/product"}],"wp:featuredmedia":[{"embeddable":true,"href":"https:\/\/tippmaakler.ee\/en\/wp-json\/wp\/v2\/media\/2890"}],"wp:attachment":[{"href":"https:\/\/tippmaakler.ee\/en\/wp-json\/wp\/v2\/media?parent=2903"}],"wp:term":[{"taxonomy":"product_brand","embeddable":true,"href":"https:\/\/tippmaakler.ee\/en\/wp-json\/wp\/v2\/product_brand?post=2903"},{"taxonomy":"product_cat","embeddable":true,"href":"https:\/\/tippmaakler.ee\/en\/wp-json\/wp\/v2\/product_cat?post=2903"},{"taxonomy":"product_tag","embeddable":true,"href":"https:\/\/tippmaakler.ee\/en\/wp-json\/wp\/v2\/product_tag?post=2903"}],"curies":[{"name":"wp","href":"https:\/\/api.w.org\/{rel}","templated":true}]}}