{"id":2879,"date":"2023-11-14T19:10:42","date_gmt":"2023-11-14T19:10:42","guid":{"rendered":"https:\/\/tippmaakler.ee\/?post_type=product&#038;p=2879"},"modified":"2023-11-18T00:04:44","modified_gmt":"2023-11-18T00:04:44","slug":"tulevikku-vaatav-ettevotlus-ai-muuk-turundus-ja-innovatsioon","status":"publish","type":"product","link":"https:\/\/tippmaakler.ee\/en\/toode\/koolitused\/tulevikku-vaatav-ettevotlus-ai-muuk-turundus-ja-innovatsioon\/","title":{"rendered":"&#8220;Tulevikku vaatav ettev\u00f5tlus: AI, m\u00fc\u00fck, turundus ja innovatsioon&#8221;"},"content":{"rendered":"<p><b>Tere tulemast koolitusele &#8220;Tulevikku vaatav ettev\u00f5tlus: AI, m\u00fc\u00fck, turundus ja innovatsioon&#8221;<\/b><\/p>\n<p><b>See interaktiivne ja innovaatiline koolitus on m\u00f5eldud k\u00f5igile ettev\u00f5tjatele, juhtidele ja spetsialistidele, kes soovivad olla sammu v\u00f5rra ees kaasaegsetes \u00e4ritrendides ja tehnoloogiate kasutamises.<\/b><\/p>\n<p>Kas olete valmis sukelduma ettev\u00f5tluse tulevikku? &#8220;Tulevikku vaatav ettev\u00f5tlus&#8221; pakub teile ainulaadset v\u00f5imalust avastada, kuidas tehnoloogilised uuendused, eriti tehisintellekt (AI), v\u00f5ivad muuta teie \u00e4rimudeleid, m\u00fc\u00fcgistrateegiaid ja turundustegevusi.<\/p>\n<p><b>Mida koolitus pakub:<\/b><\/p>\n<ul>\n<li><b>AI rakendamine \u00e4ris<\/b>: \u00d5pite, kuidas tehisintellekti saab kasutada \u00e4riprotsesside t\u00f5hustamiseks, kliendikogemuse parandamiseks ja uute v\u00f5imaluste loomiseks.<\/li>\n<li><b>M\u00fc\u00fcgi- ja turundusstrateegiad<\/b>: Avastate kaasaegsed m\u00fc\u00fcgi- ja turundustehnikad, mis aitavad teil luua tugevamaid kliendisuhteid ja suurendada m\u00fc\u00fcgitulemusi.<\/li>\n<li><b>Innovatsioon ja loovus<\/b>: Uurime, kuidas innovatsioon ja loov m\u00f5tlemine saavad aidata teil avastada uusi \u00e4riv\u00f5imalusi ja eristuda konkurentidest.<\/li>\n<li><b>Praktilised harjutused ja case study\u2019d<\/b>: Koolitus sisaldab hulgaliselt praktilisi harjutusi ja reaalse elu n\u00e4iteid, mis v\u00f5imaldavad osalejatel rakendada \u00f5pitut oma ettev\u00f5ttes.<\/li>\n<\/ul>\n<p><b>Kellele Koolitus Sobib:<\/b><\/p>\n<ul>\n<li>Ettev\u00f5tjad, kes soovivad oma \u00e4ri viia j\u00e4rgmisele tasemele, kasutades uusimaid tehnoloogiaid ja innovaatilisi strateegiaid.<\/li>\n<li>Juhtivt\u00f6\u00f6tajad ja meeskonnajuhid, kes soovivad oma meeskondade efektiivsust t\u00f5sta ja suurendada ettev\u00f5tte konkurentsiv\u00f5imet.<\/li>\n<li>Spetsialistid ja konsultandid, kes soovivad oma valdkonnas p\u00fcsida tipus, rakendades uusimaid tehnoloogiaid ja turundustrende.<\/li>\n<\/ul>\n<p><b>Koolitusel Osalemine:<\/b><\/p>\n<p>Liituge meiega kahep\u00e4evasel teekonnal, et uurida ettev\u00f5tluse tulevikku ja varustada end teadmistega, mis on vajalikud edu saavutamiseks kiiresti arenevas \u00e4rimaailmas.<\/p>\n<p><b>Registreeruge n\u00fc\u00fcd, et kindlustada oma koht &#8220;Tulevikku vaatavas ettev\u00f5tluses: AI, m\u00fc\u00fck, turundus ja innovatsioon&#8221; ja alustage oma teekonda \u00e4ri tulevikku!<\/b><\/p>\n","protected":false},"excerpt":{"rendered":"<p><strong>Kogenud praktikuna\u00a0<\/strong>tean\u00a0millest r\u00e4\u00e4gin ja\u00a0jagan\u00a0teadmisi sellest, mida ise aastaid oma karj\u00e4\u00e4ri jooksul praktiseerinud olen.\u00a0Ma\u00a0olen\u00a0turule toonud\u00a0juhtivad kinnisvaraettev\u00f5tted\u00a0nagu\u00a0RE\/MAX ja Epicenter Kinnisvara. Olen olnud partner Arco Vara frantsiisiv\u00f5rgustikus ning rahvusvaheliselt tunnustatud maakler. Minu\u00a0teadmised p\u00f5hinevad Ameerika \u00dchendriikide kinnisvara\u00e4ril ja koolitustel ning \u00fcle 15 aasta kogemustest Eesti kinnisvaraturult, kus\u00a0ma\u00a0teen\u00a0ise\u00a0siiani\u00a0pidevalt tehinguid.<\/p>\n<p>Koolituselt saadut saab\u00a0efektiivselt\u00a0ja\u00a0otseselt rakendada oma eesm\u00e4rkide\u00a0t\u00e4itmisel. Annan\u00a0v\u00e4ga\u00a0palju praktilisi n\u00f5uandeid, kuidas j\u00f5uda vihjetest tehinguteni, leida lahendusi k\u00f5ige olulisematele olukordadele ning olla teistest edukam\u00a0pidevalt muutuvas majanduslikus keskkonnas.<\/p>\n<h4>Kui Sa \u00f5pid koolituselt v\u00e4hemalt \u00fche asja, mis aitab Su unistused teoks teha, \u00a0siis on see igati v\u00e4\u00e4rt investeering!<\/h4>\n","protected":false},"featured_media":2882,"template":"","meta":{"_acf_changed":false,"site-sidebar-layout":"default","site-content-layout":"default","ast-site-content-layout":"default","site-content-style":"default","site-sidebar-style":"default","ast-global-header-display":"","ast-banner-title-visibility":"","ast-main-header-display":"","ast-hfb-above-header-display":"","ast-hfb-below-header-display":"","ast-hfb-mobile-header-display":"","site-post-title":"","ast-breadcrumbs-content":"","ast-featured-img":"","footer-sml-layout":"","ast-disable-related-posts":"","theme-transparent-header-meta":"default","adv-header-id-meta":"","stick-header-meta":"","header-above-stick-meta":"","header-main-stick-meta":"","header-below-stick-meta":"","astra-migrate-meta-layouts":"set","ast-page-background-enabled":"default","ast-page-background-meta":{"desktop":{"background-color":"var(--ast-global-color-4)","background-image":"","background-repeat":"repeat","background-position":"center center","background-size":"auto","background-attachment":"scroll","background-type":"","background-media":"","overlay-type":"","overlay-color":"","overlay-opacity":"","overlay-gradient":""},"tablet":{"background-color":"","background-image":"","background-repeat":"repeat","background-position":"center center","background-size":"auto","background-attachment":"scroll","background-type":"","background-media":"","overlay-type":"","overlay-color":"","overlay-opacity":"","overlay-gradient":""},"mobile":{"background-color":"","background-image":"","background-repeat":"repeat","background-position":"center center","background-size":"auto","background-attachment":"scroll","background-type":"","background-media":"","overlay-type":"","overlay-color":"","overlay-opacity":"","overlay-gradient":""}},"ast-content-background-meta":{"desktop":{"background-color":"var(--ast-global-color-5)","background-image":"","background-repeat":"repeat","background-position":"center center","background-size":"auto","background-attachment":"scroll","background-type":"","background-media":"","overlay-type":"","overlay-color":"","overlay-opacity":"","overlay-gradient":""},"tablet":{"background-color":"var(--ast-global-color-5)","background-image":"","background-repeat":"repeat","background-position":"center center","background-size":"auto","background-attachment":"scroll","background-type":"","background-media":"","overlay-type":"","overlay-color":"","overlay-opacity":"","overlay-gradient":""},"mobile":{"background-color":"var(--ast-global-color-5)","background-image":"","background-repeat":"repeat","background-position":"center center","background-size":"auto","background-attachment":"scroll","background-type":"","background-media":"","overlay-type":"","overlay-color":"","overlay-opacity":"","overlay-gradient":""}}},"product_brand":[],"product_cat":[31],"product_tag":[],"class_list":{"0":"post-2879","1":"product","2":"type-product","3":"status-publish","4":"has-post-thumbnail","6":"product_cat-koolitused","7":"desktop-align-left","8":"tablet-align-left","9":"mobile-align-left","11":"first","12":"instock","13":"taxable","14":"shipping-taxable","15":"purchasable","16":"product-type-simple"},"acf":[],"yoast_head":"<!-- This site is optimized with the Yoast SEO plugin v27.3 - https:\/\/yoast.com\/product\/yoast-seo-wordpress\/ -->\n<title>&quot;Tulevikku vaatav ettev\u00f5tlus: AI, m\u00fc\u00fck, turundus ja innovatsioon&quot; - Tippmaakler<\/title>\n<meta name=\"description\" content=\"&quot;Liitu Leanika J\u00e4rve juhitud &quot;Tulevikku vaatav ettev\u00f5tlus&quot; koolitusega ja avasta uusimad strateegiad AI-s, m\u00fc\u00fcgis ja turunduses. T\u00f5sta oma \u00e4ri uuele tasemele!&quot;\" \/>\n<meta name=\"robots\" content=\"index, follow, max-snippet:-1, max-image-preview:large, max-video-preview:-1\" \/>\n<link rel=\"canonical\" href=\"https:\/\/tippmaakler.ee\/toode\/koolitused\/tulevikku-vaatav-ettevotlus-ai-muuk-turundus-ja-innovatsioon\/\" \/>\n<meta property=\"og:locale\" content=\"en_US\" \/>\n<meta property=\"og:type\" content=\"article\" \/>\n<meta property=\"og:title\" content=\"&quot;Tulevikku vaatav ettev\u00f5tlus: AI, m\u00fc\u00fck, turundus ja innovatsioon&quot; - Tippmaakler\" \/>\n<meta property=\"og:description\" content=\"&quot;Liitu Leanika J\u00e4rve juhitud &quot;Tulevikku vaatav ettev\u00f5tlus&quot; koolitusega ja avasta uusimad strateegiad AI-s, m\u00fc\u00fcgis ja turunduses. T\u00f5sta oma \u00e4ri uuele tasemele!&quot;\" \/>\n<meta property=\"og:url\" content=\"https:\/\/tippmaakler.ee\/toode\/koolitused\/tulevikku-vaatav-ettevotlus-ai-muuk-turundus-ja-innovatsioon\/\" \/>\n<meta property=\"og:site_name\" content=\"Tippmaakler\" \/>\n<meta property=\"article:publisher\" content=\"https:\/\/www.facebook.com\/leprofit\" \/>\n<meta property=\"article:modified_time\" content=\"2023-11-18T00:04:44+00:00\" \/>\n<meta property=\"og:image\" content=\"https:\/\/tippmaakler.ee\/wp-content\/uploads\/2023\/11\/muuk-turundus-ja-innovatsioon.jpg\" \/>\n\t<meta property=\"og:image:width\" content=\"500\" \/>\n\t<meta property=\"og:image:height\" content=\"500\" \/>\n\t<meta property=\"og:image:type\" content=\"image\/jpeg\" \/>\n<meta name=\"twitter:card\" content=\"summary_large_image\" \/>\n<meta name=\"twitter:label1\" content=\"Est. reading time\" \/>\n\t<meta name=\"twitter:data1\" content=\"2 minutes\" \/>\n<script type=\"application\/ld+json\" class=\"yoast-schema-graph\">{\"@context\":\"https:\\\/\\\/schema.org\",\"@graph\":[{\"@type\":\"WebPage\",\"@id\":\"https:\\\/\\\/tippmaakler.ee\\\/toode\\\/koolitused\\\/tulevikku-vaatav-ettevotlus-ai-muuk-turundus-ja-innovatsioon\\\/\",\"url\":\"https:\\\/\\\/tippmaakler.ee\\\/toode\\\/koolitused\\\/tulevikku-vaatav-ettevotlus-ai-muuk-turundus-ja-innovatsioon\\\/\",\"name\":\"\\\"Tulevikku vaatav ettev\u00f5tlus: AI, m\u00fc\u00fck, turundus ja innovatsioon\\\" - Tippmaakler\",\"isPartOf\":{\"@id\":\"https:\\\/\\\/tippmaakler.ee\\\/#website\"},\"primaryImageOfPage\":{\"@id\":\"https:\\\/\\\/tippmaakler.ee\\\/toode\\\/koolitused\\\/tulevikku-vaatav-ettevotlus-ai-muuk-turundus-ja-innovatsioon\\\/#primaryimage\"},\"image\":{\"@id\":\"https:\\\/\\\/tippmaakler.ee\\\/toode\\\/koolitused\\\/tulevikku-vaatav-ettevotlus-ai-muuk-turundus-ja-innovatsioon\\\/#primaryimage\"},\"thumbnailUrl\":\"https:\\\/\\\/tippmaakler.ee\\\/wp-content\\\/uploads\\\/2023\\\/11\\\/muuk-turundus-ja-innovatsioon.jpg\",\"datePublished\":\"2023-11-14T19:10:42+00:00\",\"dateModified\":\"2023-11-18T00:04:44+00:00\",\"description\":\"\\\"Liitu Leanika J\u00e4rve juhitud \\\"Tulevikku vaatav ettev\u00f5tlus\\\" koolitusega ja avasta uusimad strateegiad AI-s, m\u00fc\u00fcgis ja turunduses. T\u00f5sta oma \u00e4ri uuele tasemele!\\\"\",\"breadcrumb\":{\"@id\":\"https:\\\/\\\/tippmaakler.ee\\\/toode\\\/koolitused\\\/tulevikku-vaatav-ettevotlus-ai-muuk-turundus-ja-innovatsioon\\\/#breadcrumb\"},\"inLanguage\":\"en-US\",\"potentialAction\":[{\"@type\":\"ReadAction\",\"target\":[\"https:\\\/\\\/tippmaakler.ee\\\/toode\\\/koolitused\\\/tulevikku-vaatav-ettevotlus-ai-muuk-turundus-ja-innovatsioon\\\/\"]}]},{\"@type\":\"ImageObject\",\"inLanguage\":\"en-US\",\"@id\":\"https:\\\/\\\/tippmaakler.ee\\\/toode\\\/koolitused\\\/tulevikku-vaatav-ettevotlus-ai-muuk-turundus-ja-innovatsioon\\\/#primaryimage\",\"url\":\"https:\\\/\\\/tippmaakler.ee\\\/wp-content\\\/uploads\\\/2023\\\/11\\\/muuk-turundus-ja-innovatsioon.jpg\",\"contentUrl\":\"https:\\\/\\\/tippmaakler.ee\\\/wp-content\\\/uploads\\\/2023\\\/11\\\/muuk-turundus-ja-innovatsioon.jpg\",\"width\":500,\"height\":500},{\"@type\":\"BreadcrumbList\",\"@id\":\"https:\\\/\\\/tippmaakler.ee\\\/toode\\\/koolitused\\\/tulevikku-vaatav-ettevotlus-ai-muuk-turundus-ja-innovatsioon\\\/#breadcrumb\",\"itemListElement\":[{\"@type\":\"ListItem\",\"position\":1,\"name\":\"Home\",\"item\":\"https:\\\/\\\/tippmaakler.ee\\\/en\\\/\"},{\"@type\":\"ListItem\",\"position\":2,\"name\":\"Tooted\",\"item\":\"https:\\\/\\\/tippmaakler.ee\\\/tooted\\\/\"},{\"@type\":\"ListItem\",\"position\":3,\"name\":\"&#8220;Tulevikku vaatav ettev\u00f5tlus: AI, m\u00fc\u00fck, turundus ja innovatsioon&#8221;\"}]},{\"@type\":\"WebSite\",\"@id\":\"https:\\\/\\\/tippmaakler.ee\\\/#website\",\"url\":\"https:\\\/\\\/tippmaakler.ee\\\/\",\"name\":\"Tippmaakler\",\"description\":\"M&uuml;&uuml;k\\\/ Kinnisvara\",\"publisher\":{\"@id\":\"https:\\\/\\\/tippmaakler.ee\\\/#organization\"},\"potentialAction\":[{\"@type\":\"SearchAction\",\"target\":{\"@type\":\"EntryPoint\",\"urlTemplate\":\"https:\\\/\\\/tippmaakler.ee\\\/?s={search_term_string}\"},\"query-input\":{\"@type\":\"PropertyValueSpecification\",\"valueRequired\":true,\"valueName\":\"search_term_string\"}}],\"inLanguage\":\"en-US\"},{\"@type\":\"Organization\",\"@id\":\"https:\\\/\\\/tippmaakler.ee\\\/#organization\",\"name\":\"Tippmaakler\",\"url\":\"https:\\\/\\\/tippmaakler.ee\\\/\",\"logo\":{\"@type\":\"ImageObject\",\"inLanguage\":\"en-US\",\"@id\":\"https:\\\/\\\/tippmaakler.ee\\\/#\\\/schema\\\/logo\\\/image\\\/\",\"url\":\"https:\\\/\\\/tippmaakler.ee\\\/wp-content\\\/uploads\\\/2026\\\/01\\\/cropped-735ff561-c63f-4154-820c-1dca5d3b4e9e-removebg-preview-e1768388885446.png\",\"contentUrl\":\"https:\\\/\\\/tippmaakler.ee\\\/wp-content\\\/uploads\\\/2026\\\/01\\\/cropped-735ff561-c63f-4154-820c-1dca5d3b4e9e-removebg-preview-e1768388885446.png\",\"width\":398,\"height\":291,\"caption\":\"Tippmaakler\"},\"image\":{\"@id\":\"https:\\\/\\\/tippmaakler.ee\\\/#\\\/schema\\\/logo\\\/image\\\/\"},\"sameAs\":[\"https:\\\/\\\/www.facebook.com\\\/leprofit\",\"https:\\\/\\\/www.instagram.com\\\/leprofitcoaching\\\/\"]}]}<\/script>\n<!-- \/ Yoast SEO plugin. -->","yoast_head_json":{"title":"\"Tulevikku vaatav ettev\u00f5tlus: AI, m\u00fc\u00fck, turundus ja innovatsioon\" - Tippmaakler","description":"\"Liitu Leanika J\u00e4rve juhitud \"Tulevikku vaatav ettev\u00f5tlus\" koolitusega ja avasta uusimad strateegiad AI-s, m\u00fc\u00fcgis ja turunduses. T\u00f5sta oma \u00e4ri uuele tasemele!\"","robots":{"index":"index","follow":"follow","max-snippet":"max-snippet:-1","max-image-preview":"max-image-preview:large","max-video-preview":"max-video-preview:-1"},"canonical":"https:\/\/tippmaakler.ee\/toode\/koolitused\/tulevikku-vaatav-ettevotlus-ai-muuk-turundus-ja-innovatsioon\/","og_locale":"en_US","og_type":"article","og_title":"\"Tulevikku vaatav ettev\u00f5tlus: AI, m\u00fc\u00fck, turundus ja innovatsioon\" - Tippmaakler","og_description":"\"Liitu Leanika J\u00e4rve juhitud \"Tulevikku vaatav ettev\u00f5tlus\" koolitusega ja avasta uusimad strateegiad AI-s, m\u00fc\u00fcgis ja turunduses. T\u00f5sta oma \u00e4ri uuele tasemele!\"","og_url":"https:\/\/tippmaakler.ee\/toode\/koolitused\/tulevikku-vaatav-ettevotlus-ai-muuk-turundus-ja-innovatsioon\/","og_site_name":"Tippmaakler","article_publisher":"https:\/\/www.facebook.com\/leprofit","article_modified_time":"2023-11-18T00:04:44+00:00","og_image":[{"width":500,"height":500,"url":"https:\/\/tippmaakler.ee\/wp-content\/uploads\/2023\/11\/muuk-turundus-ja-innovatsioon.jpg","type":"image\/jpeg"}],"twitter_card":"summary_large_image","twitter_misc":{"Est. reading time":"2 minutes"},"schema":{"@context":"https:\/\/schema.org","@graph":[{"@type":"WebPage","@id":"https:\/\/tippmaakler.ee\/toode\/koolitused\/tulevikku-vaatav-ettevotlus-ai-muuk-turundus-ja-innovatsioon\/","url":"https:\/\/tippmaakler.ee\/toode\/koolitused\/tulevikku-vaatav-ettevotlus-ai-muuk-turundus-ja-innovatsioon\/","name":"\"Tulevikku vaatav ettev\u00f5tlus: AI, m\u00fc\u00fck, turundus ja innovatsioon\" - Tippmaakler","isPartOf":{"@id":"https:\/\/tippmaakler.ee\/#website"},"primaryImageOfPage":{"@id":"https:\/\/tippmaakler.ee\/toode\/koolitused\/tulevikku-vaatav-ettevotlus-ai-muuk-turundus-ja-innovatsioon\/#primaryimage"},"image":{"@id":"https:\/\/tippmaakler.ee\/toode\/koolitused\/tulevikku-vaatav-ettevotlus-ai-muuk-turundus-ja-innovatsioon\/#primaryimage"},"thumbnailUrl":"https:\/\/tippmaakler.ee\/wp-content\/uploads\/2023\/11\/muuk-turundus-ja-innovatsioon.jpg","datePublished":"2023-11-14T19:10:42+00:00","dateModified":"2023-11-18T00:04:44+00:00","description":"\"Liitu Leanika J\u00e4rve juhitud \"Tulevikku vaatav ettev\u00f5tlus\" koolitusega ja avasta uusimad strateegiad AI-s, m\u00fc\u00fcgis ja turunduses. T\u00f5sta oma \u00e4ri uuele tasemele!\"","breadcrumb":{"@id":"https:\/\/tippmaakler.ee\/toode\/koolitused\/tulevikku-vaatav-ettevotlus-ai-muuk-turundus-ja-innovatsioon\/#breadcrumb"},"inLanguage":"en-US","potentialAction":[{"@type":"ReadAction","target":["https:\/\/tippmaakler.ee\/toode\/koolitused\/tulevikku-vaatav-ettevotlus-ai-muuk-turundus-ja-innovatsioon\/"]}]},{"@type":"ImageObject","inLanguage":"en-US","@id":"https:\/\/tippmaakler.ee\/toode\/koolitused\/tulevikku-vaatav-ettevotlus-ai-muuk-turundus-ja-innovatsioon\/#primaryimage","url":"https:\/\/tippmaakler.ee\/wp-content\/uploads\/2023\/11\/muuk-turundus-ja-innovatsioon.jpg","contentUrl":"https:\/\/tippmaakler.ee\/wp-content\/uploads\/2023\/11\/muuk-turundus-ja-innovatsioon.jpg","width":500,"height":500},{"@type":"BreadcrumbList","@id":"https:\/\/tippmaakler.ee\/toode\/koolitused\/tulevikku-vaatav-ettevotlus-ai-muuk-turundus-ja-innovatsioon\/#breadcrumb","itemListElement":[{"@type":"ListItem","position":1,"name":"Home","item":"https:\/\/tippmaakler.ee\/en\/"},{"@type":"ListItem","position":2,"name":"Tooted","item":"https:\/\/tippmaakler.ee\/tooted\/"},{"@type":"ListItem","position":3,"name":"&#8220;Tulevikku vaatav ettev\u00f5tlus: AI, m\u00fc\u00fck, turundus ja innovatsioon&#8221;"}]},{"@type":"WebSite","@id":"https:\/\/tippmaakler.ee\/#website","url":"https:\/\/tippmaakler.ee\/","name":"Tippmaakler","description":"M&uuml;&uuml;k\/ Kinnisvara","publisher":{"@id":"https:\/\/tippmaakler.ee\/#organization"},"potentialAction":[{"@type":"SearchAction","target":{"@type":"EntryPoint","urlTemplate":"https:\/\/tippmaakler.ee\/?s={search_term_string}"},"query-input":{"@type":"PropertyValueSpecification","valueRequired":true,"valueName":"search_term_string"}}],"inLanguage":"en-US"},{"@type":"Organization","@id":"https:\/\/tippmaakler.ee\/#organization","name":"Tippmaakler","url":"https:\/\/tippmaakler.ee\/","logo":{"@type":"ImageObject","inLanguage":"en-US","@id":"https:\/\/tippmaakler.ee\/#\/schema\/logo\/image\/","url":"https:\/\/tippmaakler.ee\/wp-content\/uploads\/2026\/01\/cropped-735ff561-c63f-4154-820c-1dca5d3b4e9e-removebg-preview-e1768388885446.png","contentUrl":"https:\/\/tippmaakler.ee\/wp-content\/uploads\/2026\/01\/cropped-735ff561-c63f-4154-820c-1dca5d3b4e9e-removebg-preview-e1768388885446.png","width":398,"height":291,"caption":"Tippmaakler"},"image":{"@id":"https:\/\/tippmaakler.ee\/#\/schema\/logo\/image\/"},"sameAs":["https:\/\/www.facebook.com\/leprofit","https:\/\/www.instagram.com\/leprofitcoaching\/"]}]}},"_links":{"self":[{"href":"https:\/\/tippmaakler.ee\/en\/wp-json\/wp\/v2\/product\/2879","targetHints":{"allow":["GET"]}}],"collection":[{"href":"https:\/\/tippmaakler.ee\/en\/wp-json\/wp\/v2\/product"}],"about":[{"href":"https:\/\/tippmaakler.ee\/en\/wp-json\/wp\/v2\/types\/product"}],"wp:featuredmedia":[{"embeddable":true,"href":"https:\/\/tippmaakler.ee\/en\/wp-json\/wp\/v2\/media\/2882"}],"wp:attachment":[{"href":"https:\/\/tippmaakler.ee\/en\/wp-json\/wp\/v2\/media?parent=2879"}],"wp:term":[{"taxonomy":"product_brand","embeddable":true,"href":"https:\/\/tippmaakler.ee\/en\/wp-json\/wp\/v2\/product_brand?post=2879"},{"taxonomy":"product_cat","embeddable":true,"href":"https:\/\/tippmaakler.ee\/en\/wp-json\/wp\/v2\/product_cat?post=2879"},{"taxonomy":"product_tag","embeddable":true,"href":"https:\/\/tippmaakler.ee\/en\/wp-json\/wp\/v2\/product_tag?post=2879"}],"curies":[{"name":"wp","href":"https:\/\/api.w.org\/{rel}","templated":true}]}}