{"id":2833,"date":"2023-10-04T14:52:09","date_gmt":"2023-10-04T14:52:09","guid":{"rendered":"https:\/\/tippmaakler.ee\/?post_type=product&#038;p=2833"},"modified":"2024-01-10T10:00:51","modified_gmt":"2024-01-10T10:00:51","slug":"ettevotja-teejuht-praktiline-koolitus-ettevotte-loomiseks","status":"publish","type":"product","link":"https:\/\/tippmaakler.ee\/en\/toode\/koolitused\/ettevotja-teejuht-praktiline-koolitus-ettevotte-loomiseks\/","title":{"rendered":"&#8220;Ettev\u00f5tja teejuht&#8221;- Praktiline koolitus ettev\u00f5tte loomiseks"},"content":{"rendered":"<p>Tere tulemast <strong>&#8220;Ettev\u00f5tja teejuht&#8221;<\/strong> koolitusele! Oled valmis oma \u00e4riidee ellu viima, oma ettev\u00f5tet kasvatama v\u00f5i lihtsalt ettev\u00f5tlusmaailma s\u00fcgavamalt uurima? Siis oled j\u00f5udnud \u00f5igesse kohta!<\/p>\n<p><strong>Mis on &#8220;Ettev\u00f5tja teejuhi&#8221; koolitus?<\/strong><\/p>\n<p><strong>&#8220;Ettev\u00f5tja teejuht&#8221;<\/strong> on kuuajane intensiivne ettev\u00f5tluskoolitus, mis on loodud eelk\u00f5ige Sulle, kes soovid saada ettev\u00f5tlusmaailmas tugevamaks, arukamaks ja enesekindlamaks. See kursus viib Sind l\u00e4bi kogu ettev\u00f5tlusmaastiku, alates \u00e4riideest kuni turundusstrateegiateni, pakkudes praktilisi teadmisi ja oskusi, mida kohe rakendada saad.<\/p>\n<p><strong>Mida Sa &#8220;Ettev\u00f5tja teejuht&#8221; koolituselt oodata v\u00f5id:<\/strong><\/p>\n<ul>\n<li>\u00d5pi hindama ja arendama oma \u00e4riideed, muutes selle eduka ettev\u00f5tte aluseks.<\/li>\n<li>Lood unikaalse ettev\u00f5tte identiteedi, mis t\u00f5mbab kliente ligi.<\/li>\n<li>Koostad p\u00f5hjaliku \u00e4riplaani ja tegevuskava oma ettev\u00f5tte kasvatamiseks.<\/li>\n<li>Omandad m\u00fc\u00fcgioskused ja kliendisuhete haldamise p\u00f5hit\u00f5ed.<\/li>\n<li>Avastad strateegiad klientide leidmiseks ja nendega t\u00f5husalt suhtlemiseks.<\/li>\n<li>\u00d5pid algt\u00f5ed sotsiaalmeedia turundusest ja lood m\u00f5jusad uudiskirjad.<\/li>\n<\/ul>\n<p>Miks valida <strong>&#8220;Ettev\u00f5tja teejuht&#8221;<\/strong>? Sest meie koolitus ei piirdu pelgalt teooriaga &#8211; see keskendub praktilistele oskustele ja v\u00f5imaldab Sul \u00f5pitut kohe ellu viia. Loome koos Sinu ettev\u00f5ttele strateegiad, mis toovad koheselt kliendid ja tekitavad reaalsed tulemused.<\/p>\n<p><strong>&#8220;Ettev\u00f5tja teejuht&#8221;<\/strong> koolitus kestab \u00fcks kuu, sisaldades n\u00e4dalas \u00fcht teooriatundi ja v\u00e4hemalt kolme praktilise harjutuse p\u00e4eva. K\u00f5ik see v\u00e4\u00e4rtuslik info ja praktilised kogemused on Sinu jaoks just sellel koolitusel!<\/p>\n<p>Alusta oma ettev\u00f5tte loomise teekonda kohe! Liitu meiega ja saa valmis oma \u00e4riideed teostama!<\/p>\n","protected":false},"excerpt":{"rendered":"<p><strong>Kogenud praktikuna\u00a0<\/strong>tean\u00a0millest r\u00e4\u00e4gin ja\u00a0jagan\u00a0teadmisi sellest, mida ise aastaid oma karj\u00e4\u00e4ri jooksul praktiseerinud olen.\u00a0Ma\u00a0olen\u00a0turule toonud\u00a0juhtivad kinnisvaraettev\u00f5tted\u00a0nagu\u00a0RE\/MAX ja Epicenter Kinnisvara. Olen olnud partner Arco Vara frantsiisiv\u00f5rgustikus ning rahvusvaheliselt tunnustatud maakler. Minu\u00a0teadmised p\u00f5hinevad Ameerika \u00dchendriikide kinnisvara\u00e4ril ja koolitustel ning \u00fcle 15 aasta kogemustest Eesti kinnisvaraturult, kus\u00a0ma\u00a0teen\u00a0ise\u00a0siiani\u00a0pidevalt tehinguid.<\/p>\n<p>Koolituselt saadut saab\u00a0efektiivselt\u00a0ja\u00a0otseselt rakendada oma eesm\u00e4rkide\u00a0t\u00e4itmisel. Annan\u00a0v\u00e4ga\u00a0palju praktilisi n\u00f5uandeid, kuidas j\u00f5uda vihjetest tehinguteni, leida lahendusi k\u00f5ige olulisematele olukordadele ning olla teistest edukam\u00a0pidevalt muutuvas majanduslikus keskkonnas.<\/p>\n<h4>Kui Sa \u00f5pid koolituselt v\u00e4hemalt \u00fche asja, mis aitab Su unistused teoks teha, \u00a0siis on see igati v\u00e4\u00e4rt investeering!<\/h4>\n","protected":false},"featured_media":2907,"template":"","meta":{"_acf_changed":false,"site-sidebar-layout":"default","site-content-layout":"default","ast-site-content-layout":"default","site-content-style":"default","site-sidebar-style":"default","ast-global-header-display":"","ast-banner-title-visibility":"","ast-main-header-display":"","ast-hfb-above-header-display":"","ast-hfb-below-header-display":"","ast-hfb-mobile-header-display":"","site-post-title":"","ast-breadcrumbs-content":"","ast-featured-img":"","footer-sml-layout":"","ast-disable-related-posts":"","theme-transparent-header-meta":"default","adv-header-id-meta":"","stick-header-meta":"","header-above-stick-meta":"","header-main-stick-meta":"","header-below-stick-meta":"","astra-migrate-meta-layouts":"set","ast-page-background-enabled":"default","ast-page-background-meta":{"desktop":{"background-color":"var(--ast-global-color-4)","background-image":"","background-repeat":"repeat","background-position":"center center","background-size":"auto","background-attachment":"scroll","background-type":"","background-media":"","overlay-type":"","overlay-color":"","overlay-opacity":"","overlay-gradient":""},"tablet":{"background-color":"","background-image":"","background-repeat":"repeat","background-position":"center center","background-size":"auto","background-attachment":"scroll","background-type":"","background-media":"","overlay-type":"","overlay-color":"","overlay-opacity":"","overlay-gradient":""},"mobile":{"background-color":"","background-image":"","background-repeat":"repeat","background-position":"center center","background-size":"auto","background-attachment":"scroll","background-type":"","background-media":"","overlay-type":"","overlay-color":"","overlay-opacity":"","overlay-gradient":""}},"ast-content-background-meta":{"desktop":{"background-color":"var(--ast-global-color-5)","background-image":"","background-repeat":"repeat","background-position":"center center","background-size":"auto","background-attachment":"scroll","background-type":"","background-media":"","overlay-type":"","overlay-color":"","overlay-opacity":"","overlay-gradient":""},"tablet":{"background-color":"var(--ast-global-color-5)","background-image":"","background-repeat":"repeat","background-position":"center center","background-size":"auto","background-attachment":"scroll","background-type":"","background-media":"","overlay-type":"","overlay-color":"","overlay-opacity":"","overlay-gradient":""},"mobile":{"background-color":"var(--ast-global-color-5)","background-image":"","background-repeat":"repeat","background-position":"center center","background-size":"auto","background-attachment":"scroll","background-type":"","background-media":"","overlay-type":"","overlay-color":"","overlay-opacity":"","overlay-gradient":""}}},"product_brand":[],"product_cat":[31],"product_tag":[],"class_list":{"0":"post-2833","1":"product","2":"type-product","3":"status-publish","4":"has-post-thumbnail","6":"product_cat-koolitused","7":"desktop-align-left","8":"tablet-align-left","9":"mobile-align-left","11":"first","12":"instock","13":"taxable","14":"shipping-taxable","15":"purchasable","16":"product-type-simple"},"acf":[],"yoast_head":"<!-- This site is optimized with the Yoast SEO plugin v27.3 - https:\/\/yoast.com\/product\/yoast-seo-wordpress\/ -->\n<title>&quot;Ettev\u00f5tja teejuht&quot;- Praktiline koolitus ettev\u00f5tte loomiseks - Tippmaakler<\/title>\n<meta name=\"robots\" content=\"index, follow, max-snippet:-1, max-image-preview:large, max-video-preview:-1\" \/>\n<link rel=\"canonical\" href=\"https:\/\/tippmaakler.ee\/toode\/koolitused\/ettevotja-teejuht-praktiline-koolitus-ettevotte-loomiseks\/\" \/>\n<meta property=\"og:locale\" content=\"en_US\" \/>\n<meta property=\"og:type\" content=\"article\" \/>\n<meta property=\"og:title\" content=\"&quot;Ettev\u00f5tja teejuht&quot;- Praktiline koolitus ettev\u00f5tte loomiseks - Tippmaakler\" \/>\n<meta property=\"og:description\" content=\"Kogenud praktikuna\u00a0tean\u00a0millest r\u00e4\u00e4gin ja\u00a0jagan\u00a0teadmisi sellest, mida ise aastaid oma karj\u00e4\u00e4ri jooksul praktiseerinud olen.\u00a0Ma\u00a0olen\u00a0turule toonud\u00a0juhtivad kinnisvaraettev\u00f5tted\u00a0nagu\u00a0RE\/MAX ja Epicenter Kinnisvara. Olen olnud partner Arco Vara frantsiisiv\u00f5rgustikus ning rahvusvaheliselt tunnustatud maakler. Minu\u00a0teadmised p\u00f5hinevad Ameerika \u00dchendriikide kinnisvara\u00e4ril ja koolitustel ning \u00fcle 15 aasta kogemustest Eesti kinnisvaraturult, kus\u00a0ma\u00a0teen\u00a0ise\u00a0siiani\u00a0pidevalt tehinguid.  Koolituselt saadut saab\u00a0efektiivselt\u00a0ja\u00a0otseselt rakendada oma eesm\u00e4rkide\u00a0t\u00e4itmisel. Annan\u00a0v\u00e4ga\u00a0palju praktilisi n\u00f5uandeid, kuidas j\u00f5uda vihjetest tehinguteni, leida lahendusi k\u00f5ige olulisematele olukordadele ning olla teistest edukam\u00a0pidevalt muutuvas majanduslikus keskkonnas. Kui Sa \u00f5pid koolituselt v\u00e4hemalt \u00fche asja, mis aitab Su unistused teoks teha, \u00a0siis on see igati v\u00e4\u00e4rt investeering!\" \/>\n<meta property=\"og:url\" content=\"https:\/\/tippmaakler.ee\/toode\/koolitused\/ettevotja-teejuht-praktiline-koolitus-ettevotte-loomiseks\/\" \/>\n<meta property=\"og:site_name\" content=\"Tippmaakler\" \/>\n<meta property=\"article:publisher\" content=\"https:\/\/www.facebook.com\/leprofit\" \/>\n<meta property=\"article:modified_time\" content=\"2024-01-10T10:00:51+00:00\" \/>\n<meta property=\"og:image\" content=\"https:\/\/tippmaakler.ee\/wp-content\/uploads\/2023\/10\/Ettevotja-teejuht-.png\" \/>\n\t<meta property=\"og:image:width\" content=\"1024\" \/>\n\t<meta property=\"og:image:height\" content=\"1024\" \/>\n\t<meta property=\"og:image:type\" content=\"image\/png\" \/>\n<meta name=\"twitter:card\" content=\"summary_large_image\" \/>\n<meta name=\"twitter:label1\" content=\"Est. reading time\" \/>\n\t<meta name=\"twitter:data1\" content=\"2 minutes\" \/>\n<script type=\"application\/ld+json\" class=\"yoast-schema-graph\">{\"@context\":\"https:\\\/\\\/schema.org\",\"@graph\":[{\"@type\":\"WebPage\",\"@id\":\"https:\\\/\\\/tippmaakler.ee\\\/toode\\\/koolitused\\\/ettevotja-teejuht-praktiline-koolitus-ettevotte-loomiseks\\\/\",\"url\":\"https:\\\/\\\/tippmaakler.ee\\\/toode\\\/koolitused\\\/ettevotja-teejuht-praktiline-koolitus-ettevotte-loomiseks\\\/\",\"name\":\"\\\"Ettev\u00f5tja teejuht\\\"- Praktiline koolitus ettev\u00f5tte loomiseks - Tippmaakler\",\"isPartOf\":{\"@id\":\"https:\\\/\\\/tippmaakler.ee\\\/#website\"},\"primaryImageOfPage\":{\"@id\":\"https:\\\/\\\/tippmaakler.ee\\\/toode\\\/koolitused\\\/ettevotja-teejuht-praktiline-koolitus-ettevotte-loomiseks\\\/#primaryimage\"},\"image\":{\"@id\":\"https:\\\/\\\/tippmaakler.ee\\\/toode\\\/koolitused\\\/ettevotja-teejuht-praktiline-koolitus-ettevotte-loomiseks\\\/#primaryimage\"},\"thumbnailUrl\":\"https:\\\/\\\/tippmaakler.ee\\\/wp-content\\\/uploads\\\/2023\\\/10\\\/Ettevotja-teejuht-.png\",\"datePublished\":\"2023-10-04T14:52:09+00:00\",\"dateModified\":\"2024-01-10T10:00:51+00:00\",\"breadcrumb\":{\"@id\":\"https:\\\/\\\/tippmaakler.ee\\\/toode\\\/koolitused\\\/ettevotja-teejuht-praktiline-koolitus-ettevotte-loomiseks\\\/#breadcrumb\"},\"inLanguage\":\"en-US\",\"potentialAction\":[{\"@type\":\"ReadAction\",\"target\":[\"https:\\\/\\\/tippmaakler.ee\\\/toode\\\/koolitused\\\/ettevotja-teejuht-praktiline-koolitus-ettevotte-loomiseks\\\/\"]}]},{\"@type\":\"ImageObject\",\"inLanguage\":\"en-US\",\"@id\":\"https:\\\/\\\/tippmaakler.ee\\\/toode\\\/koolitused\\\/ettevotja-teejuht-praktiline-koolitus-ettevotte-loomiseks\\\/#primaryimage\",\"url\":\"https:\\\/\\\/tippmaakler.ee\\\/wp-content\\\/uploads\\\/2023\\\/10\\\/Ettevotja-teejuht-.png\",\"contentUrl\":\"https:\\\/\\\/tippmaakler.ee\\\/wp-content\\\/uploads\\\/2023\\\/10\\\/Ettevotja-teejuht-.png\",\"width\":1024,\"height\":1024},{\"@type\":\"BreadcrumbList\",\"@id\":\"https:\\\/\\\/tippmaakler.ee\\\/toode\\\/koolitused\\\/ettevotja-teejuht-praktiline-koolitus-ettevotte-loomiseks\\\/#breadcrumb\",\"itemListElement\":[{\"@type\":\"ListItem\",\"position\":1,\"name\":\"Home\",\"item\":\"https:\\\/\\\/tippmaakler.ee\\\/en\\\/\"},{\"@type\":\"ListItem\",\"position\":2,\"name\":\"Tooted\",\"item\":\"https:\\\/\\\/tippmaakler.ee\\\/tooted\\\/\"},{\"@type\":\"ListItem\",\"position\":3,\"name\":\"&#8220;Ettev\u00f5tja teejuht&#8221;- Praktiline koolitus ettev\u00f5tte loomiseks\"}]},{\"@type\":\"WebSite\",\"@id\":\"https:\\\/\\\/tippmaakler.ee\\\/#website\",\"url\":\"https:\\\/\\\/tippmaakler.ee\\\/\",\"name\":\"Tippmaakler\",\"description\":\"M&uuml;&uuml;k\\\/ Kinnisvara\",\"publisher\":{\"@id\":\"https:\\\/\\\/tippmaakler.ee\\\/#organization\"},\"potentialAction\":[{\"@type\":\"SearchAction\",\"target\":{\"@type\":\"EntryPoint\",\"urlTemplate\":\"https:\\\/\\\/tippmaakler.ee\\\/?s={search_term_string}\"},\"query-input\":{\"@type\":\"PropertyValueSpecification\",\"valueRequired\":true,\"valueName\":\"search_term_string\"}}],\"inLanguage\":\"en-US\"},{\"@type\":\"Organization\",\"@id\":\"https:\\\/\\\/tippmaakler.ee\\\/#organization\",\"name\":\"Tippmaakler\",\"url\":\"https:\\\/\\\/tippmaakler.ee\\\/\",\"logo\":{\"@type\":\"ImageObject\",\"inLanguage\":\"en-US\",\"@id\":\"https:\\\/\\\/tippmaakler.ee\\\/#\\\/schema\\\/logo\\\/image\\\/\",\"url\":\"https:\\\/\\\/tippmaakler.ee\\\/wp-content\\\/uploads\\\/2026\\\/01\\\/cropped-735ff561-c63f-4154-820c-1dca5d3b4e9e-removebg-preview-e1768388885446.png\",\"contentUrl\":\"https:\\\/\\\/tippmaakler.ee\\\/wp-content\\\/uploads\\\/2026\\\/01\\\/cropped-735ff561-c63f-4154-820c-1dca5d3b4e9e-removebg-preview-e1768388885446.png\",\"width\":398,\"height\":291,\"caption\":\"Tippmaakler\"},\"image\":{\"@id\":\"https:\\\/\\\/tippmaakler.ee\\\/#\\\/schema\\\/logo\\\/image\\\/\"},\"sameAs\":[\"https:\\\/\\\/www.facebook.com\\\/leprofit\",\"https:\\\/\\\/www.instagram.com\\\/leprofitcoaching\\\/\"]}]}<\/script>\n<!-- \/ Yoast SEO plugin. -->","yoast_head_json":{"title":"\"Ettev\u00f5tja teejuht\"- Praktiline koolitus ettev\u00f5tte loomiseks - Tippmaakler","robots":{"index":"index","follow":"follow","max-snippet":"max-snippet:-1","max-image-preview":"max-image-preview:large","max-video-preview":"max-video-preview:-1"},"canonical":"https:\/\/tippmaakler.ee\/toode\/koolitused\/ettevotja-teejuht-praktiline-koolitus-ettevotte-loomiseks\/","og_locale":"en_US","og_type":"article","og_title":"\"Ettev\u00f5tja teejuht\"- Praktiline koolitus ettev\u00f5tte loomiseks - Tippmaakler","og_description":"Kogenud praktikuna\u00a0tean\u00a0millest r\u00e4\u00e4gin ja\u00a0jagan\u00a0teadmisi sellest, mida ise aastaid oma karj\u00e4\u00e4ri jooksul praktiseerinud olen.\u00a0Ma\u00a0olen\u00a0turule toonud\u00a0juhtivad kinnisvaraettev\u00f5tted\u00a0nagu\u00a0RE\/MAX ja Epicenter Kinnisvara. Olen olnud partner Arco Vara frantsiisiv\u00f5rgustikus ning rahvusvaheliselt tunnustatud maakler. Minu\u00a0teadmised p\u00f5hinevad Ameerika \u00dchendriikide kinnisvara\u00e4ril ja koolitustel ning \u00fcle 15 aasta kogemustest Eesti kinnisvaraturult, kus\u00a0ma\u00a0teen\u00a0ise\u00a0siiani\u00a0pidevalt tehinguid.  Koolituselt saadut saab\u00a0efektiivselt\u00a0ja\u00a0otseselt rakendada oma eesm\u00e4rkide\u00a0t\u00e4itmisel. Annan\u00a0v\u00e4ga\u00a0palju praktilisi n\u00f5uandeid, kuidas j\u00f5uda vihjetest tehinguteni, leida lahendusi k\u00f5ige olulisematele olukordadele ning olla teistest edukam\u00a0pidevalt muutuvas majanduslikus keskkonnas. Kui Sa \u00f5pid koolituselt v\u00e4hemalt \u00fche asja, mis aitab Su unistused teoks teha, \u00a0siis on see igati v\u00e4\u00e4rt investeering!","og_url":"https:\/\/tippmaakler.ee\/toode\/koolitused\/ettevotja-teejuht-praktiline-koolitus-ettevotte-loomiseks\/","og_site_name":"Tippmaakler","article_publisher":"https:\/\/www.facebook.com\/leprofit","article_modified_time":"2024-01-10T10:00:51+00:00","og_image":[{"url":"https:\/\/tippmaakler.ee\/wp-content\/uploads\/2023\/10\/Ettevotja-teejuht-.png","width":1024,"height":1024,"type":"image\/png"}],"twitter_card":"summary_large_image","twitter_misc":{"Est. reading time":"2 minutes"},"schema":{"@context":"https:\/\/schema.org","@graph":[{"@type":"WebPage","@id":"https:\/\/tippmaakler.ee\/toode\/koolitused\/ettevotja-teejuht-praktiline-koolitus-ettevotte-loomiseks\/","url":"https:\/\/tippmaakler.ee\/toode\/koolitused\/ettevotja-teejuht-praktiline-koolitus-ettevotte-loomiseks\/","name":"\"Ettev\u00f5tja teejuht\"- Praktiline koolitus ettev\u00f5tte loomiseks - Tippmaakler","isPartOf":{"@id":"https:\/\/tippmaakler.ee\/#website"},"primaryImageOfPage":{"@id":"https:\/\/tippmaakler.ee\/toode\/koolitused\/ettevotja-teejuht-praktiline-koolitus-ettevotte-loomiseks\/#primaryimage"},"image":{"@id":"https:\/\/tippmaakler.ee\/toode\/koolitused\/ettevotja-teejuht-praktiline-koolitus-ettevotte-loomiseks\/#primaryimage"},"thumbnailUrl":"https:\/\/tippmaakler.ee\/wp-content\/uploads\/2023\/10\/Ettevotja-teejuht-.png","datePublished":"2023-10-04T14:52:09+00:00","dateModified":"2024-01-10T10:00:51+00:00","breadcrumb":{"@id":"https:\/\/tippmaakler.ee\/toode\/koolitused\/ettevotja-teejuht-praktiline-koolitus-ettevotte-loomiseks\/#breadcrumb"},"inLanguage":"en-US","potentialAction":[{"@type":"ReadAction","target":["https:\/\/tippmaakler.ee\/toode\/koolitused\/ettevotja-teejuht-praktiline-koolitus-ettevotte-loomiseks\/"]}]},{"@type":"ImageObject","inLanguage":"en-US","@id":"https:\/\/tippmaakler.ee\/toode\/koolitused\/ettevotja-teejuht-praktiline-koolitus-ettevotte-loomiseks\/#primaryimage","url":"https:\/\/tippmaakler.ee\/wp-content\/uploads\/2023\/10\/Ettevotja-teejuht-.png","contentUrl":"https:\/\/tippmaakler.ee\/wp-content\/uploads\/2023\/10\/Ettevotja-teejuht-.png","width":1024,"height":1024},{"@type":"BreadcrumbList","@id":"https:\/\/tippmaakler.ee\/toode\/koolitused\/ettevotja-teejuht-praktiline-koolitus-ettevotte-loomiseks\/#breadcrumb","itemListElement":[{"@type":"ListItem","position":1,"name":"Home","item":"https:\/\/tippmaakler.ee\/en\/"},{"@type":"ListItem","position":2,"name":"Tooted","item":"https:\/\/tippmaakler.ee\/tooted\/"},{"@type":"ListItem","position":3,"name":"&#8220;Ettev\u00f5tja teejuht&#8221;- Praktiline koolitus ettev\u00f5tte loomiseks"}]},{"@type":"WebSite","@id":"https:\/\/tippmaakler.ee\/#website","url":"https:\/\/tippmaakler.ee\/","name":"Tippmaakler","description":"M&uuml;&uuml;k\/ Kinnisvara","publisher":{"@id":"https:\/\/tippmaakler.ee\/#organization"},"potentialAction":[{"@type":"SearchAction","target":{"@type":"EntryPoint","urlTemplate":"https:\/\/tippmaakler.ee\/?s={search_term_string}"},"query-input":{"@type":"PropertyValueSpecification","valueRequired":true,"valueName":"search_term_string"}}],"inLanguage":"en-US"},{"@type":"Organization","@id":"https:\/\/tippmaakler.ee\/#organization","name":"Tippmaakler","url":"https:\/\/tippmaakler.ee\/","logo":{"@type":"ImageObject","inLanguage":"en-US","@id":"https:\/\/tippmaakler.ee\/#\/schema\/logo\/image\/","url":"https:\/\/tippmaakler.ee\/wp-content\/uploads\/2026\/01\/cropped-735ff561-c63f-4154-820c-1dca5d3b4e9e-removebg-preview-e1768388885446.png","contentUrl":"https:\/\/tippmaakler.ee\/wp-content\/uploads\/2026\/01\/cropped-735ff561-c63f-4154-820c-1dca5d3b4e9e-removebg-preview-e1768388885446.png","width":398,"height":291,"caption":"Tippmaakler"},"image":{"@id":"https:\/\/tippmaakler.ee\/#\/schema\/logo\/image\/"},"sameAs":["https:\/\/www.facebook.com\/leprofit","https:\/\/www.instagram.com\/leprofitcoaching\/"]}]}},"_links":{"self":[{"href":"https:\/\/tippmaakler.ee\/en\/wp-json\/wp\/v2\/product\/2833","targetHints":{"allow":["GET"]}}],"collection":[{"href":"https:\/\/tippmaakler.ee\/en\/wp-json\/wp\/v2\/product"}],"about":[{"href":"https:\/\/tippmaakler.ee\/en\/wp-json\/wp\/v2\/types\/product"}],"wp:featuredmedia":[{"embeddable":true,"href":"https:\/\/tippmaakler.ee\/en\/wp-json\/wp\/v2\/media\/2907"}],"wp:attachment":[{"href":"https:\/\/tippmaakler.ee\/en\/wp-json\/wp\/v2\/media?parent=2833"}],"wp:term":[{"taxonomy":"product_brand","embeddable":true,"href":"https:\/\/tippmaakler.ee\/en\/wp-json\/wp\/v2\/product_brand?post=2833"},{"taxonomy":"product_cat","embeddable":true,"href":"https:\/\/tippmaakler.ee\/en\/wp-json\/wp\/v2\/product_cat?post=2833"},{"taxonomy":"product_tag","embeddable":true,"href":"https:\/\/tippmaakler.ee\/en\/wp-json\/wp\/v2\/product_tag?post=2833"}],"curies":[{"name":"wp","href":"https:\/\/api.w.org\/{rel}","templated":true}]}}