{"id":2817,"date":"2023-09-25T18:01:54","date_gmt":"2023-09-25T18:01:54","guid":{"rendered":"https:\/\/tippmaakler.ee\/?post_type=product&#038;p=2817"},"modified":"2024-12-02T10:29:32","modified_gmt":"2024-12-02T10:29:32","slug":"veebiseminar-kuidas-kavatada-oma-ari-linkedini-kaudu","status":"publish","type":"product","link":"https:\/\/tippmaakler.ee\/en\/toode\/koolitused\/veebiseminar-kuidas-kavatada-oma-ari-linkedini-kaudu\/","title":{"rendered":"Veebiseminar &#8220;Kuidas kavatada oma \u00e4ri Linkedin&#8217;i kaudu&#8221;"},"content":{"rendered":"<p><strong>Tere tulemast meie p\u00f5nevale LinkedIni koolitusele, mis viib Sinu \u00e4ri uuele tasemele! Kas oled kunagi m\u00f5elnud, kuidas kasutada LinkedIni, et leida uusi kliente, luua tugevaid \u00e4risuhteid ja kasvatada oma ettev\u00f5tet?<\/strong><\/p>\n<p>\u00d5pi LinkedIni juhtivalt eksperdilt Eestis &#8211; <a href=\"https:\/\/www.linkedin.com\/in\/indrek-poldvee-sales-marketing-coach\/\">Indrek P\u00f5ldveelt<\/a>. Liitu meie LinkedIni koolitusega ja kasuta \u00e4ra tema teadmised LinkedIni potentsiaali maksimeerimiseks oma \u00e4ri jaoks.<\/p>\n<p><strong>Koolituselt \u00f5pid:<\/strong><\/p>\n<ul>\n<li>Kuidas teha enda LinkedIni profiil selliseks, et see t\u00f5mbaks ligi potentsiaalseid kliente ja \u00e4ripartnereid.<\/li>\n<li>Kuidas luua ja jagada sisu, mis t\u00f5esti m\u00f5jutab ja kuidas seda teha efektiivselt.<\/li>\n<li>Kuidas kasvatada oma LinkedIni v\u00f5rgustikku ja suurendada oma profiili n\u00e4htavust.<\/li>\n<li>Kuidas leida ja \u00fchendada end potentsiaalsete klientide ja \u00e4ripartneritega.<\/li>\n<li>Kuidas muuta LinkedIni \u00fchendused t\u00f5eliseks \u00e4riks.<\/li>\n<li>Kuidas kasutada LinkedIni, et kasvatada oma \u00e4ri t\u00f5husa turundusvahendina.<\/li>\n<li>Kuidas saavutada m\u00fc\u00fcgi ja \u00e4risuhete kasvu l\u00e4bi LinkedIni.<\/li>\n<\/ul>\n<p>Osaledes meie LinkedIni koolitusel, avanevad Sulle uued v\u00f5imalused \u00e4ri kasvatamiseks ja v\u00f5rgustiku loomiseks sotsiaalmeedia platvormil, mis on t\u00e4nap\u00e4eval \u00e4\u00e4rmiselt oluline.<\/p>\n<p><strong>Miks peaksid kaaluma osalemist:<\/strong><\/p>\n<ol>\n<li>\u00d5pid, kuidas enda LinkedIni profiili kujundada nii, et see t\u00f5mbaks ligi potentsiaalseid kliente ja \u00e4ripartnereid.<\/li>\n<li>Saad teadmised ja oskused, kuidas luua ja jagada sisu, mis m\u00f5jutab teisi ning aitab suurendada Sinu \u00e4ri n\u00e4htavust.<\/li>\n<li>\u00d5pid, kuidas kasvatada oma LinkedIni v\u00f5rgustikku ning t\u00f5sta oma profiili n\u00e4htavust, mis v\u00f5imaldab Sul j\u00f5uda rohkemate potentsiaalsete klientideni.<\/li>\n<li>Koolitus annab Sulle vajalikud teadmised, kuidas leida ja \u00fchendada end potentsiaalsete klientide ja \u00e4ripartneritega.<\/li>\n<li>Saad teada, kuidas kasutada LinkedIni t\u00f5husa turundusvahendina \u00e4ri kasvatamiseks.<\/li>\n<li>\u00d5pid, kuidas saavutada reaalset m\u00fc\u00fcgi kasvu ja loodud \u00e4risuhteid l\u00e4bi LinkedIni.<\/li>\n<\/ol>\n<p>Meie koolitus annab praktilised oskused ja teadmised, mida saad kohe rakendada oma \u00e4ri edendamisel. Lisaks saad v\u00f5imaluse interaktiivsel seminaril osaledes saada vastused oma k\u00fcsimustele ning \u00fchendada ennast teiste ettev\u00f5tjatega, et luua uusi ja kasulikke \u00e4risuhteid. Osalemisega meie LinkedIni koolitusel astud olulise sammu oma \u00e4ri edu suunas.<\/p>\n<p><strong>Koolitusele registreerimiseks<\/strong> kl\u00f5psa palun nupul<strong> &#8216;Broneeri&#8217;<\/strong>, mis suunab Sind ostukorvi. P\u00e4rast koolituse eest tasumist saadetakse Sulle<strong> kinnituskiri<\/strong> e-posti teel. Kui soovid esitada ettev\u00f5tte andmed arve saamiseks, saad seda teha registreerimisprotsessi k\u00e4igus. P\u00e4rast koolituse eest tasumist saadetakse sulle Zoomi link e-posti teel. Koolitus toimub veebiseminarina, mis tagab mugava osalemise kodust v\u00f5i kontorist. Koolitus on piisavalt l\u00fchike, et mahutuda Sinu ajakavasse.<\/p>\n","protected":false},"excerpt":{"rendered":"<p>LinkedIn on muutunud \u00fcha olulisemaks <strong>ettev\u00f5tjatele,<\/strong> kes soovivad p\u00fcsida konkurentsis ja pakkuda suuremat <strong>v\u00e4\u00e4rtust<\/strong> oma klientidele. \u00dcha enam \u00e4risid otsib <strong>\u00e4risuhteid<\/strong> ja v\u00f5imalusi elektrooniliste kanalite kaudu ning seet\u00f5ttu on vaj<strong>a kaasaegseid\u00a0tehnoloogiaid<\/strong>, mis v\u00f5imaldavad teil j\u00f5uda laiema publikuni ja t\u00f5husamalt <strong>suhelda klientidega<\/strong>.<\/p>\n","protected":false},"featured_media":2825,"template":"","meta":{"_acf_changed":false,"site-sidebar-layout":"default","site-content-layout":"default","ast-site-content-layout":"default","site-content-style":"default","site-sidebar-style":"default","ast-global-header-display":"","ast-banner-title-visibility":"","ast-main-header-display":"","ast-hfb-above-header-display":"","ast-hfb-below-header-display":"","ast-hfb-mobile-header-display":"","site-post-title":"","ast-breadcrumbs-content":"","ast-featured-img":"","footer-sml-layout":"","ast-disable-related-posts":"","theme-transparent-header-meta":"default","adv-header-id-meta":"","stick-header-meta":"","header-above-stick-meta":"","header-main-stick-meta":"","header-below-stick-meta":"","astra-migrate-meta-layouts":"set","ast-page-background-enabled":"default","ast-page-background-meta":{"desktop":{"background-color":"var(--ast-global-color-4)","background-image":"","background-repeat":"repeat","background-position":"center center","background-size":"auto","background-attachment":"scroll","background-type":"","background-media":"","overlay-type":"","overlay-color":"","overlay-opacity":"","overlay-gradient":""},"tablet":{"background-color":"","background-image":"","background-repeat":"repeat","background-position":"center center","background-size":"auto","background-attachment":"scroll","background-type":"","background-media":"","overlay-type":"","overlay-color":"","overlay-opacity":"","overlay-gradient":""},"mobile":{"background-color":"","background-image":"","background-repeat":"repeat","background-position":"center center","background-size":"auto","background-attachment":"scroll","background-type":"","background-media":"","overlay-type":"","overlay-color":"","overlay-opacity":"","overlay-gradient":""}},"ast-content-background-meta":{"desktop":{"background-color":"var(--ast-global-color-5)","background-image":"","background-repeat":"repeat","background-position":"center center","background-size":"auto","background-attachment":"scroll","background-type":"","background-media":"","overlay-type":"","overlay-color":"","overlay-opacity":"","overlay-gradient":""},"tablet":{"background-color":"var(--ast-global-color-5)","background-image":"","background-repeat":"repeat","background-position":"center center","background-size":"auto","background-attachment":"scroll","background-type":"","background-media":"","overlay-type":"","overlay-color":"","overlay-opacity":"","overlay-gradient":""},"mobile":{"background-color":"var(--ast-global-color-5)","background-image":"","background-repeat":"repeat","background-position":"center center","background-size":"auto","background-attachment":"scroll","background-type":"","background-media":"","overlay-type":"","overlay-color":"","overlay-opacity":"","overlay-gradient":""}}},"product_brand":[],"product_cat":[31],"product_tag":[],"class_list":{"0":"post-2817","1":"product","2":"type-product","3":"status-publish","4":"has-post-thumbnail","6":"product_cat-koolitused","7":"desktop-align-left","8":"tablet-align-left","9":"mobile-align-left","11":"first","12":"instock","13":"purchasable","14":"product-type-simple"},"acf":[],"yoast_head":"<!-- This site is optimized with the Yoast SEO plugin v27.3 - https:\/\/yoast.com\/product\/yoast-seo-wordpress\/ -->\n<title>Veebiseminar &quot;Kuidas kavatada oma \u00e4ri Linkedin&#039;i kaudu&quot; - Tippmaakler<\/title>\n<meta name=\"description\" content=\"LinkedIni koolitus: \u00f5pi \u00e4ri kasvatama ja kontakte looma professionaalsel veebiseminaril.\" \/>\n<meta name=\"robots\" content=\"index, follow, max-snippet:-1, max-image-preview:large, max-video-preview:-1\" \/>\n<link rel=\"canonical\" href=\"https:\/\/tippmaakler.ee\/toode\/koolitused\/veebiseminar-kuidas-kavatada-oma-ari-linkedini-kaudu\/\" \/>\n<meta property=\"og:locale\" content=\"en_US\" \/>\n<meta property=\"og:type\" content=\"article\" \/>\n<meta property=\"og:title\" content=\"Veebiseminar &quot;Kuidas kavatada oma \u00e4ri Linkedin&#039;i kaudu&quot; - Tippmaakler\" \/>\n<meta property=\"og:description\" content=\"LinkedIni koolitus: \u00f5pi \u00e4ri kasvatama ja kontakte looma professionaalsel veebiseminaril.\" \/>\n<meta property=\"og:url\" content=\"https:\/\/tippmaakler.ee\/toode\/koolitused\/veebiseminar-kuidas-kavatada-oma-ari-linkedini-kaudu\/\" \/>\n<meta property=\"og:site_name\" content=\"Tippmaakler\" \/>\n<meta property=\"article:publisher\" content=\"https:\/\/www.facebook.com\/leprofit\" \/>\n<meta property=\"article:modified_time\" content=\"2024-12-02T10:29:32+00:00\" \/>\n<meta property=\"og:image\" content=\"https:\/\/tippmaakler.ee\/wp-content\/uploads\/2023\/09\/Linkedin-veebiseminari-banner-1-1.jpg\" \/>\n\t<meta property=\"og:image:width\" content=\"1080\" \/>\n\t<meta property=\"og:image:height\" content=\"1080\" \/>\n\t<meta property=\"og:image:type\" content=\"image\/jpeg\" \/>\n<meta name=\"twitter:card\" content=\"summary_large_image\" \/>\n<meta name=\"twitter:label1\" content=\"Est. reading time\" \/>\n\t<meta name=\"twitter:data1\" content=\"3 minutes\" \/>\n<script type=\"application\/ld+json\" class=\"yoast-schema-graph\">{\"@context\":\"https:\\\/\\\/schema.org\",\"@graph\":[{\"@type\":\"WebPage\",\"@id\":\"https:\\\/\\\/tippmaakler.ee\\\/toode\\\/koolitused\\\/veebiseminar-kuidas-kavatada-oma-ari-linkedini-kaudu\\\/\",\"url\":\"https:\\\/\\\/tippmaakler.ee\\\/toode\\\/koolitused\\\/veebiseminar-kuidas-kavatada-oma-ari-linkedini-kaudu\\\/\",\"name\":\"Veebiseminar \\\"Kuidas kavatada oma \u00e4ri Linkedin'i kaudu\\\" - Tippmaakler\",\"isPartOf\":{\"@id\":\"https:\\\/\\\/tippmaakler.ee\\\/#website\"},\"primaryImageOfPage\":{\"@id\":\"https:\\\/\\\/tippmaakler.ee\\\/toode\\\/koolitused\\\/veebiseminar-kuidas-kavatada-oma-ari-linkedini-kaudu\\\/#primaryimage\"},\"image\":{\"@id\":\"https:\\\/\\\/tippmaakler.ee\\\/toode\\\/koolitused\\\/veebiseminar-kuidas-kavatada-oma-ari-linkedini-kaudu\\\/#primaryimage\"},\"thumbnailUrl\":\"https:\\\/\\\/tippmaakler.ee\\\/wp-content\\\/uploads\\\/2023\\\/09\\\/Linkedin-veebiseminari-banner-1-1.jpg\",\"datePublished\":\"2023-09-25T18:01:54+00:00\",\"dateModified\":\"2024-12-02T10:29:32+00:00\",\"description\":\"LinkedIni koolitus: \u00f5pi \u00e4ri kasvatama ja kontakte looma professionaalsel veebiseminaril.\",\"breadcrumb\":{\"@id\":\"https:\\\/\\\/tippmaakler.ee\\\/toode\\\/koolitused\\\/veebiseminar-kuidas-kavatada-oma-ari-linkedini-kaudu\\\/#breadcrumb\"},\"inLanguage\":\"en-US\",\"potentialAction\":[{\"@type\":\"ReadAction\",\"target\":[\"https:\\\/\\\/tippmaakler.ee\\\/toode\\\/koolitused\\\/veebiseminar-kuidas-kavatada-oma-ari-linkedini-kaudu\\\/\"]}]},{\"@type\":\"ImageObject\",\"inLanguage\":\"en-US\",\"@id\":\"https:\\\/\\\/tippmaakler.ee\\\/toode\\\/koolitused\\\/veebiseminar-kuidas-kavatada-oma-ari-linkedini-kaudu\\\/#primaryimage\",\"url\":\"https:\\\/\\\/tippmaakler.ee\\\/wp-content\\\/uploads\\\/2023\\\/09\\\/Linkedin-veebiseminari-banner-1-1.jpg\",\"contentUrl\":\"https:\\\/\\\/tippmaakler.ee\\\/wp-content\\\/uploads\\\/2023\\\/09\\\/Linkedin-veebiseminari-banner-1-1.jpg\",\"width\":1080,\"height\":1080},{\"@type\":\"BreadcrumbList\",\"@id\":\"https:\\\/\\\/tippmaakler.ee\\\/toode\\\/koolitused\\\/veebiseminar-kuidas-kavatada-oma-ari-linkedini-kaudu\\\/#breadcrumb\",\"itemListElement\":[{\"@type\":\"ListItem\",\"position\":1,\"name\":\"Home\",\"item\":\"https:\\\/\\\/tippmaakler.ee\\\/en\\\/\"},{\"@type\":\"ListItem\",\"position\":2,\"name\":\"Tooted\",\"item\":\"https:\\\/\\\/tippmaakler.ee\\\/tooted\\\/\"},{\"@type\":\"ListItem\",\"position\":3,\"name\":\"Veebiseminar &#8220;Kuidas kavatada oma \u00e4ri Linkedin&#8217;i kaudu&#8221;\"}]},{\"@type\":\"WebSite\",\"@id\":\"https:\\\/\\\/tippmaakler.ee\\\/#website\",\"url\":\"https:\\\/\\\/tippmaakler.ee\\\/\",\"name\":\"Tippmaakler\",\"description\":\"M&uuml;&uuml;k\\\/ Kinnisvara\",\"publisher\":{\"@id\":\"https:\\\/\\\/tippmaakler.ee\\\/#organization\"},\"potentialAction\":[{\"@type\":\"SearchAction\",\"target\":{\"@type\":\"EntryPoint\",\"urlTemplate\":\"https:\\\/\\\/tippmaakler.ee\\\/?s={search_term_string}\"},\"query-input\":{\"@type\":\"PropertyValueSpecification\",\"valueRequired\":true,\"valueName\":\"search_term_string\"}}],\"inLanguage\":\"en-US\"},{\"@type\":\"Organization\",\"@id\":\"https:\\\/\\\/tippmaakler.ee\\\/#organization\",\"name\":\"Tippmaakler\",\"url\":\"https:\\\/\\\/tippmaakler.ee\\\/\",\"logo\":{\"@type\":\"ImageObject\",\"inLanguage\":\"en-US\",\"@id\":\"https:\\\/\\\/tippmaakler.ee\\\/#\\\/schema\\\/logo\\\/image\\\/\",\"url\":\"https:\\\/\\\/tippmaakler.ee\\\/wp-content\\\/uploads\\\/2026\\\/01\\\/cropped-735ff561-c63f-4154-820c-1dca5d3b4e9e-removebg-preview-e1768388885446.png\",\"contentUrl\":\"https:\\\/\\\/tippmaakler.ee\\\/wp-content\\\/uploads\\\/2026\\\/01\\\/cropped-735ff561-c63f-4154-820c-1dca5d3b4e9e-removebg-preview-e1768388885446.png\",\"width\":398,\"height\":291,\"caption\":\"Tippmaakler\"},\"image\":{\"@id\":\"https:\\\/\\\/tippmaakler.ee\\\/#\\\/schema\\\/logo\\\/image\\\/\"},\"sameAs\":[\"https:\\\/\\\/www.facebook.com\\\/leprofit\",\"https:\\\/\\\/www.instagram.com\\\/leprofitcoaching\\\/\"]}]}<\/script>\n<!-- \/ Yoast SEO plugin. -->","yoast_head_json":{"title":"Veebiseminar \"Kuidas kavatada oma \u00e4ri Linkedin'i kaudu\" - Tippmaakler","description":"LinkedIni koolitus: \u00f5pi \u00e4ri kasvatama ja kontakte looma professionaalsel veebiseminaril.","robots":{"index":"index","follow":"follow","max-snippet":"max-snippet:-1","max-image-preview":"max-image-preview:large","max-video-preview":"max-video-preview:-1"},"canonical":"https:\/\/tippmaakler.ee\/toode\/koolitused\/veebiseminar-kuidas-kavatada-oma-ari-linkedini-kaudu\/","og_locale":"en_US","og_type":"article","og_title":"Veebiseminar \"Kuidas kavatada oma \u00e4ri Linkedin'i kaudu\" - Tippmaakler","og_description":"LinkedIni koolitus: \u00f5pi \u00e4ri kasvatama ja kontakte looma professionaalsel veebiseminaril.","og_url":"https:\/\/tippmaakler.ee\/toode\/koolitused\/veebiseminar-kuidas-kavatada-oma-ari-linkedini-kaudu\/","og_site_name":"Tippmaakler","article_publisher":"https:\/\/www.facebook.com\/leprofit","article_modified_time":"2024-12-02T10:29:32+00:00","og_image":[{"width":1080,"height":1080,"url":"https:\/\/tippmaakler.ee\/wp-content\/uploads\/2023\/09\/Linkedin-veebiseminari-banner-1-1.jpg","type":"image\/jpeg"}],"twitter_card":"summary_large_image","twitter_misc":{"Est. reading time":"3 minutes"},"schema":{"@context":"https:\/\/schema.org","@graph":[{"@type":"WebPage","@id":"https:\/\/tippmaakler.ee\/toode\/koolitused\/veebiseminar-kuidas-kavatada-oma-ari-linkedini-kaudu\/","url":"https:\/\/tippmaakler.ee\/toode\/koolitused\/veebiseminar-kuidas-kavatada-oma-ari-linkedini-kaudu\/","name":"Veebiseminar \"Kuidas kavatada oma \u00e4ri Linkedin'i kaudu\" - Tippmaakler","isPartOf":{"@id":"https:\/\/tippmaakler.ee\/#website"},"primaryImageOfPage":{"@id":"https:\/\/tippmaakler.ee\/toode\/koolitused\/veebiseminar-kuidas-kavatada-oma-ari-linkedini-kaudu\/#primaryimage"},"image":{"@id":"https:\/\/tippmaakler.ee\/toode\/koolitused\/veebiseminar-kuidas-kavatada-oma-ari-linkedini-kaudu\/#primaryimage"},"thumbnailUrl":"https:\/\/tippmaakler.ee\/wp-content\/uploads\/2023\/09\/Linkedin-veebiseminari-banner-1-1.jpg","datePublished":"2023-09-25T18:01:54+00:00","dateModified":"2024-12-02T10:29:32+00:00","description":"LinkedIni koolitus: \u00f5pi \u00e4ri kasvatama ja kontakte looma professionaalsel veebiseminaril.","breadcrumb":{"@id":"https:\/\/tippmaakler.ee\/toode\/koolitused\/veebiseminar-kuidas-kavatada-oma-ari-linkedini-kaudu\/#breadcrumb"},"inLanguage":"en-US","potentialAction":[{"@type":"ReadAction","target":["https:\/\/tippmaakler.ee\/toode\/koolitused\/veebiseminar-kuidas-kavatada-oma-ari-linkedini-kaudu\/"]}]},{"@type":"ImageObject","inLanguage":"en-US","@id":"https:\/\/tippmaakler.ee\/toode\/koolitused\/veebiseminar-kuidas-kavatada-oma-ari-linkedini-kaudu\/#primaryimage","url":"https:\/\/tippmaakler.ee\/wp-content\/uploads\/2023\/09\/Linkedin-veebiseminari-banner-1-1.jpg","contentUrl":"https:\/\/tippmaakler.ee\/wp-content\/uploads\/2023\/09\/Linkedin-veebiseminari-banner-1-1.jpg","width":1080,"height":1080},{"@type":"BreadcrumbList","@id":"https:\/\/tippmaakler.ee\/toode\/koolitused\/veebiseminar-kuidas-kavatada-oma-ari-linkedini-kaudu\/#breadcrumb","itemListElement":[{"@type":"ListItem","position":1,"name":"Home","item":"https:\/\/tippmaakler.ee\/en\/"},{"@type":"ListItem","position":2,"name":"Tooted","item":"https:\/\/tippmaakler.ee\/tooted\/"},{"@type":"ListItem","position":3,"name":"Veebiseminar &#8220;Kuidas kavatada oma \u00e4ri Linkedin&#8217;i kaudu&#8221;"}]},{"@type":"WebSite","@id":"https:\/\/tippmaakler.ee\/#website","url":"https:\/\/tippmaakler.ee\/","name":"Tippmaakler","description":"M&uuml;&uuml;k\/ Kinnisvara","publisher":{"@id":"https:\/\/tippmaakler.ee\/#organization"},"potentialAction":[{"@type":"SearchAction","target":{"@type":"EntryPoint","urlTemplate":"https:\/\/tippmaakler.ee\/?s={search_term_string}"},"query-input":{"@type":"PropertyValueSpecification","valueRequired":true,"valueName":"search_term_string"}}],"inLanguage":"en-US"},{"@type":"Organization","@id":"https:\/\/tippmaakler.ee\/#organization","name":"Tippmaakler","url":"https:\/\/tippmaakler.ee\/","logo":{"@type":"ImageObject","inLanguage":"en-US","@id":"https:\/\/tippmaakler.ee\/#\/schema\/logo\/image\/","url":"https:\/\/tippmaakler.ee\/wp-content\/uploads\/2026\/01\/cropped-735ff561-c63f-4154-820c-1dca5d3b4e9e-removebg-preview-e1768388885446.png","contentUrl":"https:\/\/tippmaakler.ee\/wp-content\/uploads\/2026\/01\/cropped-735ff561-c63f-4154-820c-1dca5d3b4e9e-removebg-preview-e1768388885446.png","width":398,"height":291,"caption":"Tippmaakler"},"image":{"@id":"https:\/\/tippmaakler.ee\/#\/schema\/logo\/image\/"},"sameAs":["https:\/\/www.facebook.com\/leprofit","https:\/\/www.instagram.com\/leprofitcoaching\/"]}]}},"_links":{"self":[{"href":"https:\/\/tippmaakler.ee\/en\/wp-json\/wp\/v2\/product\/2817","targetHints":{"allow":["GET"]}}],"collection":[{"href":"https:\/\/tippmaakler.ee\/en\/wp-json\/wp\/v2\/product"}],"about":[{"href":"https:\/\/tippmaakler.ee\/en\/wp-json\/wp\/v2\/types\/product"}],"wp:featuredmedia":[{"embeddable":true,"href":"https:\/\/tippmaakler.ee\/en\/wp-json\/wp\/v2\/media\/2825"}],"wp:attachment":[{"href":"https:\/\/tippmaakler.ee\/en\/wp-json\/wp\/v2\/media?parent=2817"}],"wp:term":[{"taxonomy":"product_brand","embeddable":true,"href":"https:\/\/tippmaakler.ee\/en\/wp-json\/wp\/v2\/product_brand?post=2817"},{"taxonomy":"product_cat","embeddable":true,"href":"https:\/\/tippmaakler.ee\/en\/wp-json\/wp\/v2\/product_cat?post=2817"},{"taxonomy":"product_tag","embeddable":true,"href":"https:\/\/tippmaakler.ee\/en\/wp-json\/wp\/v2\/product_tag?post=2817"}],"curies":[{"name":"wp","href":"https:\/\/api.w.org\/{rel}","templated":true}]}}