{"id":2741,"date":"2023-03-18T10:35:08","date_gmt":"2023-03-18T10:35:08","guid":{"rendered":"https:\/\/tippmaakler.ee\/?post_type=product&#038;p=2741"},"modified":"2024-12-02T10:32:04","modified_gmt":"2024-12-02T10:32:04","slug":"sammsammultedupoole","status":"publish","type":"product","link":"https:\/\/tippmaakler.ee\/en\/toode\/koolitused\/sammsammultedupoole\/","title":{"rendered":"&#8220;Samm-sammult edu poole: Kinnisvaramaakleritele m\u00f5eldud koolitus"},"content":{"rendered":"<p><strong>Samm-sammult edu poole : Efektiivsed strateegiad klientide leidmiseks ja hoidmiseks, kohtumiste haldamiseks ja objektide paremaks m\u00fc\u00fcmiseks.<\/strong><\/p>\n<p>Workshop on loodud spetsiaalselt selleks, et aidata<strong> kinnisvaramaakleritel<\/strong> edu saavutada ka t\u00e4nap\u00e4eva kiiresti arenevas <strong>\u00e4rimaailmas.<\/strong><\/p>\n<p>Workshopil \u00f5petan erinevaid\u00a0<strong>tehnoloogiaid<\/strong>, mis aitavad kinnisvaramaakleritel oma kliendibaasi oluliselt suurendada, <strong>saada rohkem vihjeid<\/strong> ja soovitusi ning teha <strong>rohkem tehinguid<\/strong>. Lisaks r\u00e4\u00e4gin, kuidas m\u00fc\u00fca objekte ja selle k\u00f5igega eristuda konkurentsist!<\/p>\n<p>R\u00e4\u00e4gin\u00a0kuidas kasutada erinevaid <strong>elektroonilisi vahendeid<\/strong>, et t\u00f5hustada oma suhtlust klientidega.<\/p>\n<p>\u00d5petan <strong>koostama e-kirju,<\/strong> mis haaravad klientide t\u00e4helepanu ning kirju, mida nimetan<strong>\u00a0<\/strong><strong>e-v\u00e4\u00e4rtusteks.<\/strong> N\u00e4itan, kuidas luua<strong> e-vihjeid ja kuidas saata e-notese<\/strong>, et t\u00f5sta oma kliendibaasi aktiivsust ning suurendada tehingute hulka. Samuti tutvustan teile <strong>e-kohtumiste<\/strong> telgitaguseid, mis v\u00f5imaldavad teil suhelda<strong> klientidega virtuaalselt<\/strong>, olles <strong>paindlikumad<\/strong> ja <strong>efektiivsemad<\/strong>.<\/p>\n<p>\u00d5petan mitte ainult erinevaid tehnoloogiaid klientide<strong> leidmiseks<\/strong> ja <strong>suhtluseks<\/strong>, vaid r\u00e4\u00e4gin ka kinnisvaramaakleri k\u00f5ige olulisemast <strong>t\u00f6\u00f6riistast &#8211; \u00e4riplaanist<\/strong>. \u00d5petan, kuidas luua selgeid <strong>eesm\u00e4rke<\/strong> ja koostada nende saavutamiseks konkreetne <strong>tegevuskava<\/strong>. Samuti n\u00e4itan, milline n\u00e4eb v\u00e4lja maakleri igap\u00e4evane <strong>CRM<\/strong> ja kuidas seda <strong>s\u00fcsteemselt<\/strong> kasutada. Olen veendunud, et kui maakler ei t\u00f6\u00f6ta <strong>s\u00fcsteemi<\/strong> j\u00e4rgi, siis ei tule ka <strong>j\u00e4rjepidevaid tulemusi.<\/strong><\/p>\n<p><strong>Kliendibaasi haldamine<\/strong> on \u00e4\u00e4rmiselt oluline. Statistika j\u00e4rgi tehakse<strong> 80% lepingutest<\/strong> alles <strong>5-12 kontakti<\/strong> j\u00e4rel ning vaid 2% lepingutest tehakse peale esimest kontakti. Seega on \u00e4\u00e4rmiselt oluline hoida silm peal oma<strong> kontaktidel<\/strong> ja suhelda nendega <strong>regulaarselt<\/strong>, et luua usaldust ja <strong>suurendada<\/strong> tehingute arvu.<\/p>\n<p>Workshop annab teile <strong>innovaatlised teadmised<\/strong> ja <strong>praktilised<\/strong> oskused<strong>,<\/strong> et muuta oma t\u00f6\u00f6protsessid <strong>kaasaegsemaks ja t\u00f5husamaks.<\/strong> \u00d5pite\u00a0<strong>uuenduslikke l\u00e4henemisviise<\/strong>, mis aitavad teil luua tugevamaid suhteid klientidega ning saada rohkem \u00e4ri.<\/p>\n<p><strong>Olge konkurentidest ees!<\/strong>\u00a0Registreeri ennast p\u00f5nevale innovaatilisele workshopile ja avasta, kuidas kasutada <strong>erinevaid strateegiaid<\/strong>\u00a0oma kinnisvaratehingute elluviimiseks.<\/p>\n<p>Kohtumiseni!<\/p>\n<p>Leanika J\u00e4rve<\/p>\n","protected":false},"excerpt":{"rendered":"<p><strong>Innovatsioon<\/strong> on muutunud \u00fcha olulisemaks kinnisvaramaakleritele, kes soovivad<strong> p\u00fcsida konkurentsis<\/strong> ja pakkuda suuremat v\u00e4\u00e4rtust oma klientidele. \u00dcha enam kliente otsib kinnisvara- ja maakleriteenuseid<strong> elektrooniliste kanalite<\/strong> kaudu ning seet\u00f5ttu on vaja<strong> kaasaegseid tehnoloogiaid,<\/strong> mis v\u00f5imaldavad teil j\u00f5uda laiema publikuni ja t\u00f5husamalt suhelda klientidega.<\/p>\n<p>Workshopil keskendume sellele, kuidas kasutada<strong> innovaatilisi tehnoloogiaid<\/strong> oma kliendibaasi laiendamiseks, rohkemate vihjete ja soovituste saamiseks ning<strong> tehingute arvu suurendamiseks<\/strong>. Uurime p\u00f5hjalikult <strong>e-ralli<\/strong> ja<strong> e-vihjete<\/strong> kontseptsioone ning n\u00e4itame, kuidas neid t\u00f5husalt kasutada, et j\u00f5uda potentsiaalsete klientideni kiiremini ja t\u00f5husamalt.<\/p>\n","protected":false},"featured_media":2941,"template":"","meta":{"_acf_changed":false,"site-sidebar-layout":"default","site-content-layout":"default","ast-site-content-layout":"default","site-content-style":"default","site-sidebar-style":"default","ast-global-header-display":"","ast-banner-title-visibility":"","ast-main-header-display":"","ast-hfb-above-header-display":"","ast-hfb-below-header-display":"","ast-hfb-mobile-header-display":"","site-post-title":"","ast-breadcrumbs-content":"","ast-featured-img":"","footer-sml-layout":"","ast-disable-related-posts":"","theme-transparent-header-meta":"default","adv-header-id-meta":"","stick-header-meta":"","header-above-stick-meta":"","header-main-stick-meta":"","header-below-stick-meta":"","astra-migrate-meta-layouts":"set","ast-page-background-enabled":"default","ast-page-background-meta":{"desktop":{"background-color":"var(--ast-global-color-4)","background-image":"","background-repeat":"repeat","background-position":"center center","background-size":"auto","background-attachment":"scroll","background-type":"","background-media":"","overlay-type":"","overlay-color":"","overlay-opacity":"","overlay-gradient":""},"tablet":{"background-color":"","background-image":"","background-repeat":"repeat","background-position":"center center","background-size":"auto","background-attachment":"scroll","background-type":"","background-media":"","overlay-type":"","overlay-color":"","overlay-opacity":"","overlay-gradient":""},"mobile":{"background-color":"","background-image":"","background-repeat":"repeat","background-position":"center center","background-size":"auto","background-attachment":"scroll","background-type":"","background-media":"","overlay-type":"","overlay-color":"","overlay-opacity":"","overlay-gradient":""}},"ast-content-background-meta":{"desktop":{"background-color":"var(--ast-global-color-5)","background-image":"","background-repeat":"repeat","background-position":"center center","background-size":"auto","background-attachment":"scroll","background-type":"","background-media":"","overlay-type":"","overlay-color":"","overlay-opacity":"","overlay-gradient":""},"tablet":{"background-color":"var(--ast-global-color-5)","background-image":"","background-repeat":"repeat","background-position":"center center","background-size":"auto","background-attachment":"scroll","background-type":"","background-media":"","overlay-type":"","overlay-color":"","overlay-opacity":"","overlay-gradient":""},"mobile":{"background-color":"var(--ast-global-color-5)","background-image":"","background-repeat":"repeat","background-position":"center center","background-size":"auto","background-attachment":"scroll","background-type":"","background-media":"","overlay-type":"","overlay-color":"","overlay-opacity":"","overlay-gradient":""}}},"product_brand":[],"product_cat":[31],"product_tag":[],"class_list":{"0":"post-2741","1":"product","2":"type-product","3":"status-publish","4":"has-post-thumbnail","6":"product_cat-koolitused","7":"desktop-align-left","8":"tablet-align-left","9":"mobile-align-left","11":"first","12":"instock","13":"taxable","14":"shipping-taxable","15":"purchasable","16":"product-type-simple"},"acf":[],"yoast_head":"<!-- This site is optimized with the Yoast SEO plugin v27.3 - https:\/\/yoast.com\/product\/yoast-seo-wordpress\/ -->\n<title>&quot;Samm-sammult edu poole: Kinnisvaramaakleritele m\u00f5eldud koolitus - Tippmaakler<\/title>\n<meta name=\"robots\" content=\"index, follow, max-snippet:-1, max-image-preview:large, max-video-preview:-1\" \/>\n<link rel=\"canonical\" href=\"https:\/\/tippmaakler.ee\/toode\/koolitused\/sammsammultedupoole\/\" \/>\n<meta property=\"og:locale\" content=\"en_US\" \/>\n<meta property=\"og:type\" content=\"article\" \/>\n<meta property=\"og:title\" content=\"&quot;Samm-sammult edu poole: Kinnisvaramaakleritele m\u00f5eldud koolitus - Tippmaakler\" \/>\n<meta property=\"og:description\" content=\"Innovatsioon on muutunud \u00fcha olulisemaks kinnisvaramaakleritele, kes soovivad p\u00fcsida konkurentsis ja pakkuda suuremat v\u00e4\u00e4rtust oma klientidele. \u00dcha enam kliente otsib kinnisvara- ja maakleriteenuseid elektrooniliste kanalite kaudu ning seet\u00f5ttu on vaja kaasaegseid tehnoloogiaid, mis v\u00f5imaldavad teil j\u00f5uda laiema publikuni ja t\u00f5husamalt suhelda klientidega.  Workshopil keskendume sellele, kuidas kasutada innovaatilisi tehnoloogiaid oma kliendibaasi laiendamiseks, rohkemate vihjete ja soovituste saamiseks ning tehingute arvu suurendamiseks. Uurime p\u00f5hjalikult e-ralli ja e-vihjete kontseptsioone ning n\u00e4itame, kuidas neid t\u00f5husalt kasutada, et j\u00f5uda potentsiaalsete klientideni kiiremini ja t\u00f5husamalt.\" \/>\n<meta property=\"og:url\" content=\"https:\/\/tippmaakler.ee\/toode\/koolitused\/sammsammultedupoole\/\" \/>\n<meta property=\"og:site_name\" content=\"Tippmaakler\" \/>\n<meta property=\"article:publisher\" content=\"https:\/\/www.facebook.com\/leprofit\" \/>\n<meta property=\"article:modified_time\" content=\"2024-12-02T10:32:04+00:00\" \/>\n<meta property=\"og:image\" content=\"https:\/\/tippmaakler.ee\/wp-content\/uploads\/2023\/03\/Innovatsiooni-joud.png\" \/>\n\t<meta property=\"og:image:width\" content=\"1080\" \/>\n\t<meta property=\"og:image:height\" content=\"1080\" \/>\n\t<meta property=\"og:image:type\" content=\"image\/png\" \/>\n<meta name=\"twitter:card\" content=\"summary_large_image\" \/>\n<meta name=\"twitter:label1\" content=\"Est. reading time\" \/>\n\t<meta name=\"twitter:data1\" content=\"2 minutes\" \/>\n<script type=\"application\/ld+json\" class=\"yoast-schema-graph\">{\"@context\":\"https:\\\/\\\/schema.org\",\"@graph\":[{\"@type\":\"WebPage\",\"@id\":\"https:\\\/\\\/tippmaakler.ee\\\/toode\\\/koolitused\\\/sammsammultedupoole\\\/\",\"url\":\"https:\\\/\\\/tippmaakler.ee\\\/toode\\\/koolitused\\\/sammsammultedupoole\\\/\",\"name\":\"\\\"Samm-sammult edu poole: Kinnisvaramaakleritele m\u00f5eldud koolitus - Tippmaakler\",\"isPartOf\":{\"@id\":\"https:\\\/\\\/tippmaakler.ee\\\/#website\"},\"primaryImageOfPage\":{\"@id\":\"https:\\\/\\\/tippmaakler.ee\\\/toode\\\/koolitused\\\/sammsammultedupoole\\\/#primaryimage\"},\"image\":{\"@id\":\"https:\\\/\\\/tippmaakler.ee\\\/toode\\\/koolitused\\\/sammsammultedupoole\\\/#primaryimage\"},\"thumbnailUrl\":\"https:\\\/\\\/tippmaakler.ee\\\/wp-content\\\/uploads\\\/2023\\\/03\\\/Innovatsiooni-joud.png\",\"datePublished\":\"2023-03-18T10:35:08+00:00\",\"dateModified\":\"2024-12-02T10:32:04+00:00\",\"breadcrumb\":{\"@id\":\"https:\\\/\\\/tippmaakler.ee\\\/toode\\\/koolitused\\\/sammsammultedupoole\\\/#breadcrumb\"},\"inLanguage\":\"en-US\",\"potentialAction\":[{\"@type\":\"ReadAction\",\"target\":[\"https:\\\/\\\/tippmaakler.ee\\\/toode\\\/koolitused\\\/sammsammultedupoole\\\/\"]}]},{\"@type\":\"ImageObject\",\"inLanguage\":\"en-US\",\"@id\":\"https:\\\/\\\/tippmaakler.ee\\\/toode\\\/koolitused\\\/sammsammultedupoole\\\/#primaryimage\",\"url\":\"https:\\\/\\\/tippmaakler.ee\\\/wp-content\\\/uploads\\\/2023\\\/03\\\/Innovatsiooni-joud.png\",\"contentUrl\":\"https:\\\/\\\/tippmaakler.ee\\\/wp-content\\\/uploads\\\/2023\\\/03\\\/Innovatsiooni-joud.png\",\"width\":1080,\"height\":1080},{\"@type\":\"BreadcrumbList\",\"@id\":\"https:\\\/\\\/tippmaakler.ee\\\/toode\\\/koolitused\\\/sammsammultedupoole\\\/#breadcrumb\",\"itemListElement\":[{\"@type\":\"ListItem\",\"position\":1,\"name\":\"Home\",\"item\":\"https:\\\/\\\/tippmaakler.ee\\\/en\\\/\"},{\"@type\":\"ListItem\",\"position\":2,\"name\":\"Tooted\",\"item\":\"https:\\\/\\\/tippmaakler.ee\\\/tooted\\\/\"},{\"@type\":\"ListItem\",\"position\":3,\"name\":\"&#8220;Samm-sammult edu poole: Kinnisvaramaakleritele m\u00f5eldud koolitus\"}]},{\"@type\":\"WebSite\",\"@id\":\"https:\\\/\\\/tippmaakler.ee\\\/#website\",\"url\":\"https:\\\/\\\/tippmaakler.ee\\\/\",\"name\":\"Tippmaakler\",\"description\":\"M&uuml;&uuml;k\\\/ Kinnisvara\",\"publisher\":{\"@id\":\"https:\\\/\\\/tippmaakler.ee\\\/#organization\"},\"potentialAction\":[{\"@type\":\"SearchAction\",\"target\":{\"@type\":\"EntryPoint\",\"urlTemplate\":\"https:\\\/\\\/tippmaakler.ee\\\/?s={search_term_string}\"},\"query-input\":{\"@type\":\"PropertyValueSpecification\",\"valueRequired\":true,\"valueName\":\"search_term_string\"}}],\"inLanguage\":\"en-US\"},{\"@type\":\"Organization\",\"@id\":\"https:\\\/\\\/tippmaakler.ee\\\/#organization\",\"name\":\"Tippmaakler\",\"url\":\"https:\\\/\\\/tippmaakler.ee\\\/\",\"logo\":{\"@type\":\"ImageObject\",\"inLanguage\":\"en-US\",\"@id\":\"https:\\\/\\\/tippmaakler.ee\\\/#\\\/schema\\\/logo\\\/image\\\/\",\"url\":\"https:\\\/\\\/tippmaakler.ee\\\/wp-content\\\/uploads\\\/2026\\\/01\\\/cropped-735ff561-c63f-4154-820c-1dca5d3b4e9e-removebg-preview-e1768388885446.png\",\"contentUrl\":\"https:\\\/\\\/tippmaakler.ee\\\/wp-content\\\/uploads\\\/2026\\\/01\\\/cropped-735ff561-c63f-4154-820c-1dca5d3b4e9e-removebg-preview-e1768388885446.png\",\"width\":398,\"height\":291,\"caption\":\"Tippmaakler\"},\"image\":{\"@id\":\"https:\\\/\\\/tippmaakler.ee\\\/#\\\/schema\\\/logo\\\/image\\\/\"},\"sameAs\":[\"https:\\\/\\\/www.facebook.com\\\/leprofit\",\"https:\\\/\\\/www.instagram.com\\\/leprofitcoaching\\\/\"]}]}<\/script>\n<!-- \/ Yoast SEO plugin. -->","yoast_head_json":{"title":"\"Samm-sammult edu poole: Kinnisvaramaakleritele m\u00f5eldud koolitus - Tippmaakler","robots":{"index":"index","follow":"follow","max-snippet":"max-snippet:-1","max-image-preview":"max-image-preview:large","max-video-preview":"max-video-preview:-1"},"canonical":"https:\/\/tippmaakler.ee\/toode\/koolitused\/sammsammultedupoole\/","og_locale":"en_US","og_type":"article","og_title":"\"Samm-sammult edu poole: Kinnisvaramaakleritele m\u00f5eldud koolitus - Tippmaakler","og_description":"Innovatsioon on muutunud \u00fcha olulisemaks kinnisvaramaakleritele, kes soovivad p\u00fcsida konkurentsis ja pakkuda suuremat v\u00e4\u00e4rtust oma klientidele. \u00dcha enam kliente otsib kinnisvara- ja maakleriteenuseid elektrooniliste kanalite kaudu ning seet\u00f5ttu on vaja kaasaegseid tehnoloogiaid, mis v\u00f5imaldavad teil j\u00f5uda laiema publikuni ja t\u00f5husamalt suhelda klientidega.  Workshopil keskendume sellele, kuidas kasutada innovaatilisi tehnoloogiaid oma kliendibaasi laiendamiseks, rohkemate vihjete ja soovituste saamiseks ning tehingute arvu suurendamiseks. Uurime p\u00f5hjalikult e-ralli ja e-vihjete kontseptsioone ning n\u00e4itame, kuidas neid t\u00f5husalt kasutada, et j\u00f5uda potentsiaalsete klientideni kiiremini ja t\u00f5husamalt.","og_url":"https:\/\/tippmaakler.ee\/toode\/koolitused\/sammsammultedupoole\/","og_site_name":"Tippmaakler","article_publisher":"https:\/\/www.facebook.com\/leprofit","article_modified_time":"2024-12-02T10:32:04+00:00","og_image":[{"width":1080,"height":1080,"url":"https:\/\/tippmaakler.ee\/wp-content\/uploads\/2023\/03\/Innovatsiooni-joud.png","type":"image\/png"}],"twitter_card":"summary_large_image","twitter_misc":{"Est. reading time":"2 minutes"},"schema":{"@context":"https:\/\/schema.org","@graph":[{"@type":"WebPage","@id":"https:\/\/tippmaakler.ee\/toode\/koolitused\/sammsammultedupoole\/","url":"https:\/\/tippmaakler.ee\/toode\/koolitused\/sammsammultedupoole\/","name":"\"Samm-sammult edu poole: Kinnisvaramaakleritele m\u00f5eldud koolitus - Tippmaakler","isPartOf":{"@id":"https:\/\/tippmaakler.ee\/#website"},"primaryImageOfPage":{"@id":"https:\/\/tippmaakler.ee\/toode\/koolitused\/sammsammultedupoole\/#primaryimage"},"image":{"@id":"https:\/\/tippmaakler.ee\/toode\/koolitused\/sammsammultedupoole\/#primaryimage"},"thumbnailUrl":"https:\/\/tippmaakler.ee\/wp-content\/uploads\/2023\/03\/Innovatsiooni-joud.png","datePublished":"2023-03-18T10:35:08+00:00","dateModified":"2024-12-02T10:32:04+00:00","breadcrumb":{"@id":"https:\/\/tippmaakler.ee\/toode\/koolitused\/sammsammultedupoole\/#breadcrumb"},"inLanguage":"en-US","potentialAction":[{"@type":"ReadAction","target":["https:\/\/tippmaakler.ee\/toode\/koolitused\/sammsammultedupoole\/"]}]},{"@type":"ImageObject","inLanguage":"en-US","@id":"https:\/\/tippmaakler.ee\/toode\/koolitused\/sammsammultedupoole\/#primaryimage","url":"https:\/\/tippmaakler.ee\/wp-content\/uploads\/2023\/03\/Innovatsiooni-joud.png","contentUrl":"https:\/\/tippmaakler.ee\/wp-content\/uploads\/2023\/03\/Innovatsiooni-joud.png","width":1080,"height":1080},{"@type":"BreadcrumbList","@id":"https:\/\/tippmaakler.ee\/toode\/koolitused\/sammsammultedupoole\/#breadcrumb","itemListElement":[{"@type":"ListItem","position":1,"name":"Home","item":"https:\/\/tippmaakler.ee\/en\/"},{"@type":"ListItem","position":2,"name":"Tooted","item":"https:\/\/tippmaakler.ee\/tooted\/"},{"@type":"ListItem","position":3,"name":"&#8220;Samm-sammult edu poole: Kinnisvaramaakleritele m\u00f5eldud koolitus"}]},{"@type":"WebSite","@id":"https:\/\/tippmaakler.ee\/#website","url":"https:\/\/tippmaakler.ee\/","name":"Tippmaakler","description":"M&uuml;&uuml;k\/ Kinnisvara","publisher":{"@id":"https:\/\/tippmaakler.ee\/#organization"},"potentialAction":[{"@type":"SearchAction","target":{"@type":"EntryPoint","urlTemplate":"https:\/\/tippmaakler.ee\/?s={search_term_string}"},"query-input":{"@type":"PropertyValueSpecification","valueRequired":true,"valueName":"search_term_string"}}],"inLanguage":"en-US"},{"@type":"Organization","@id":"https:\/\/tippmaakler.ee\/#organization","name":"Tippmaakler","url":"https:\/\/tippmaakler.ee\/","logo":{"@type":"ImageObject","inLanguage":"en-US","@id":"https:\/\/tippmaakler.ee\/#\/schema\/logo\/image\/","url":"https:\/\/tippmaakler.ee\/wp-content\/uploads\/2026\/01\/cropped-735ff561-c63f-4154-820c-1dca5d3b4e9e-removebg-preview-e1768388885446.png","contentUrl":"https:\/\/tippmaakler.ee\/wp-content\/uploads\/2026\/01\/cropped-735ff561-c63f-4154-820c-1dca5d3b4e9e-removebg-preview-e1768388885446.png","width":398,"height":291,"caption":"Tippmaakler"},"image":{"@id":"https:\/\/tippmaakler.ee\/#\/schema\/logo\/image\/"},"sameAs":["https:\/\/www.facebook.com\/leprofit","https:\/\/www.instagram.com\/leprofitcoaching\/"]}]}},"_links":{"self":[{"href":"https:\/\/tippmaakler.ee\/en\/wp-json\/wp\/v2\/product\/2741","targetHints":{"allow":["GET"]}}],"collection":[{"href":"https:\/\/tippmaakler.ee\/en\/wp-json\/wp\/v2\/product"}],"about":[{"href":"https:\/\/tippmaakler.ee\/en\/wp-json\/wp\/v2\/types\/product"}],"wp:featuredmedia":[{"embeddable":true,"href":"https:\/\/tippmaakler.ee\/en\/wp-json\/wp\/v2\/media\/2941"}],"wp:attachment":[{"href":"https:\/\/tippmaakler.ee\/en\/wp-json\/wp\/v2\/media?parent=2741"}],"wp:term":[{"taxonomy":"product_brand","embeddable":true,"href":"https:\/\/tippmaakler.ee\/en\/wp-json\/wp\/v2\/product_brand?post=2741"},{"taxonomy":"product_cat","embeddable":true,"href":"https:\/\/tippmaakler.ee\/en\/wp-json\/wp\/v2\/product_cat?post=2741"},{"taxonomy":"product_tag","embeddable":true,"href":"https:\/\/tippmaakler.ee\/en\/wp-json\/wp\/v2\/product_tag?post=2741"}],"curies":[{"name":"wp","href":"https:\/\/api.w.org\/{rel}","templated":true}]}}