{"id":13,"date":"2023-02-20T19:29:27","date_gmt":"2023-02-20T19:29:27","guid":{"rendered":"https:\/\/tippmaakler.ee\/?post_type=product&#038;p=13"},"modified":"2025-11-12T12:38:16","modified_gmt":"2025-11-12T12:38:16","slug":"kuidas-saada-tippmaakleriks","status":"publish","type":"product","link":"https:\/\/tippmaakler.ee\/en\/toode\/videokursus\/kuidas-saada-tippmaakleriks\/","title":{"rendered":"Videokursus &#8211; &#8220;Kuidas saada Tippmaakleriks&#8221;"},"content":{"rendered":"<ul>\n<li style=\"list-style-type: none;\">\n<h3>Kuidas saada tippmaakleriks \u2013 kursus neile, kes soovivad edasi j\u00f5uda!<\/h3>\n<p>Oled sa valmis oma kinnisvarakarj\u00e4\u00e4ri j\u00e4rgmisele tasemele viima? Minu p\u00f5hjalik videokursus, <strong>\u201eKuidas saada tippmaakleriks,\u201c<\/strong> paljastab strateegiad, mis on aidanud sadadel maakleritel j\u00f5uda tippu ja saavutada p\u00fcsivat edu! See ei ole lihtsalt teooria \u2013 see kursus keskendub praktilistele oskustele ja reaalsetele meetoditele, mis t\u00f6\u00f6tavad just t\u00e4na.<\/p>\n<h3>Koolituse autor \u2013 <a href=\"https:\/\/tippmaakler.ee\/minust\/\">Leanika J\u00e4rve<\/a><\/h3>\n<p>Kursuse on kokku pannud Eesti \u00fcks tunnustatumaid kinnisvaraspetsialiste, <strong>Leanika J\u00e4rve<\/strong>. 17-aastase kinnisvarakogemusega Leanika on koolitanud tuhandeid maaklereid, juhtinud Eesti tippb\u00fcroosid ja toonud siia rahvusvaheliselt tuntud RE\/MAX kaubam\u00e4rgi. Ta on teinud \u00fcle 200 miljoni euro v\u00e4\u00e4rtuses kinnisvaratehinguid ja j\u00e4tkab aktiivselt kinnisvaraturul tegutsemist, olles inspiratsiooniks ja juhiks nii algajatele kui ka kogenud maakleritele. Leanika teadmised ja kogemused on just need, mis viivad sind kindlalt edasi.<\/p>\n<h3>Mida sa sellelt kursuselt \u00f5pid?<\/h3>\n<ul>\n<li><strong>T\u00f5husad \u00e4ristrateegiad ja turutundmine<\/strong>: \u00f5pi, kuidas anal\u00fc\u00fcsida turgu ja rakendada strateegiaid, mis annavad sulle konkurentide ees tugeva eelise.<\/li>\n<li><strong>Kliendi leidmine ja suhete loomine<\/strong>: avastad lihtsad, kuid v\u00f5imsad viisid uute klientide leidmiseks ja pikaajaliste suhete loomiseks oma andmebaasis.<\/li>\n<li><strong>Aja planeerimine ja fookus<\/strong>: saad teada, kuidas optimeerida oma aega ja hoida fookust just olulistel tegevustel, mis toovad tulemusi.<\/li>\n<li><strong>Eduka kinnisvarakarj\u00e4\u00e4ri saladused<\/strong>: paljastan oma tipptasemel tehnikaid ja p\u00e4evast p\u00e4eva t\u00f5estatud taktikaid, mis aitavad saavutada reaalset ja m\u00f5\u00f5detavat edu.<\/li>\n<\/ul>\n<h3>Kellele see kursus sobib?<\/h3>\n<p>See kursus on loodud nii alustavatele maakleritele kui ka kogenud professionaalidele, kes soovivad oma tulemusi parandada. Kui sa oled sihikindel ja valmis oma karj\u00e4\u00e4ri t\u00f5eliselt edasi viima, siis see kursus on sulle!<\/p>\n<h3>Liitu kursusega ja saa osa t\u00f5elisest edust!<\/h3>\n<p>\u00c4ra oota, kuni turg sinu eest otsuseid teeb! V\u00f5ta kontroll oma karj\u00e4\u00e4ri \u00fcle ja liitu kursusega, mis annab sulle k\u00f5ik vajalikud t\u00f6\u00f6riistad ja teadmised, et saavutada edu kinnisvaraturul.<\/li>\n<\/ul>\n","protected":false},"excerpt":{"rendered":"<p><em>Teemad, mida koolitusel puudutame:<\/em><\/p>\n<p>\u2022\u00a0\u00a0\u00a0\u00a0<em>&#8211; Kuidas eristuda konkurentidest ja pakkuda parimat teenust<\/em><\/p>\n<p>\u2022\u00a0\u00a0\u00a0\u00a0<em>&#8211; Kuidas leida uusi kliente ja nendega edukalt suhelda\u00a0<\/em><\/p>\n<p>\u2022\u00a0\u00a0\u00a0\u00a0<em>&#8211; Viis p\u00f5hilist m\u00fc\u00fcgiedu saladust<\/em><\/p>\n<p>\u2022\u00a0\u00a0\u00a0\u00a0<em>&#8211; Kuidas t\u00f6\u00f6tada m\u00fc\u00fcjate ja ostjatega (telefonik\u00f5nest vastuv\u00e4ideteni)\u00a0<\/em><\/p>\n<p>\u2022\u00a0\u00a0\u00a0\u00a0<em>&#8211; Kuidas koostada objekti turundus- ja m\u00fc\u00fcgiplaani ning reklaamida objekte<\/em><\/p>\n<p>\u2022\u00a0\u00a0\u00a0\u00a0<em>&#8211; Kuidas arendada oma ajaplaneerimise ja m\u00fc\u00fcgioskusi<\/em><\/p>\n<p>\u2022\u00a0\u00a0\u00a0\u00a0<em>&#8211; \u00d5pime selgeks erinevad inimt\u00fc\u00fcbid, et kilente paremini tunda\u00a0<\/em><\/p>\n<p>\u2022\u00a0\u00a0\u00a0\u00a0<em>&#8211; R\u00e4\u00e4gime erivatest viisidest, kuidas ennast turundada<\/em><\/p>\n<p><em><strong>Siret Ojaste: <\/strong>&#8220;T\u00e4nan v\u00e4ga p\u00f5neva kahe p\u00e4evase videokoolituse eest! Koolitus oli v\u00e4ga inspireeriv!\u00a0Avas minu silmi nii m\u00f5neski aspektis nagu n\u00e4iteks see, et ma siiamaani oma nii uuemate kui vanemate tuttavatega ei kippunud vestlema, et olen kinnisvara\u00e4ris. Koolitus on h\u00e4sti \u00fcles ehitatud ja p\u00f5nev. Olen n\u00fc\u00fcd palju enesekindlam ja ei arva, et ma olen n\u00f5me inimene kui enda t\u00f6\u00f6d reklaamin ja inimestelt seda\u00a0k\u00fcsin! Soovitan kindlasti ka oma kolleegidele.\u201d\u00a0<\/em><\/p>\n<p><em><strong>Valter P\u00f5ld:\u00a0<\/strong>\u201cMina kui alustav ja veel \u00f5ppiv kinnisvaramaakler, sain selle v\u00e4ga informatiivse ja k\u00f5ike sisaldava koolituse olulisusest v\u00e4ga positiivse emotsiooni, et kuulaksin kindlasti korra veel.<\/em><\/p>\n<p><em>Selle koolituse sisu ja p\u00f5hjalikus on kordades suurem kui kinnisvarab\u00fcroos t\u00f6\u00f6tajale jagatav info. Seda koolitust soovitan k\u00f5igile, et meie kinnisvarasektoris saaks rohkem olema nii haritud ning professionaalseid ja osavaid kinnisvaraspetsialiste nagu\u00a0<a href=\"https:\/\/tippmaakler.ee\/meist\">\u00a0<strong>Leanika J\u00e4rve<\/strong><\/a>.\u00a0<\/em><em>See koolitust on v\u00e4ga hariv ning sellelt koolituselt saab nii olulisi t\u00f6\u00f6ks vajalikke nippe mis tagavad kvaliteedi ning aitavad j\u00f5uda kiiremini oodatud tulemuseni.\u00a0<\/em><em>Lihtsalt supper t\u00f6\u00f6!\u00a0<\/em><em>Ait\u00e4h\u00a0<strong>Leanika<\/strong>, et v\u00f5imaldad ning jagad sellist harivat infot ja t\u00e4nu sinule on kinnisvaramaakleri t\u00f6\u00f6l rohkem v\u00e4\u00e4rtust.<\/em><\/p>\n<p><em>Ava oma potentsiaal kinnisvara\u00e4ris ja astu samm oma unistusele l\u00e4hemale!\u00a0<\/em><\/p>\n<p><strong><em>Registreerimiseks kliki koolituse all olevale nupule\u00a0<a href=\"https:\/\/tippmaakler.ee\/muidugiosta\/internetikursus-ava-oma-kinnisvarapotentsiaal\/\">OSTA<\/a><\/em><em>.<\/em><em>\u00a0Tee endale kasutaja, et saaksid hiljem mugavalt endale sobival ajal kursust vaadata ning tasu l\u00e4bi pangalingi.<\/em><\/strong><em>\u00a0<\/em><\/p>\n<p><strong><em>Koolituse v\u00e4\u00e4rtus on tuhandeid eurosid, aga Sinu investeering on vaid<\/em>\u00a02<em>29\u20ac!\u00a0<\/em><\/strong><\/p>\n<p><em>Kui Sul tekib k\u00fcsimusi v\u00f5i t\u00f5rkeid koolitust tellides, siis kirjuta\u00a0<a href=\"mailto:info@tippmaakler.ee\">info@tippmaakler.ee<\/a><\/em><\/p>\n<p><em>Head vaatamist!<\/em><\/p>\n","protected":false},"featured_media":0,"template":"","meta":{"_acf_changed":false,"site-sidebar-layout":"default","site-content-layout":"default","ast-site-content-layout":"default","site-content-style":"default","site-sidebar-style":"default","ast-global-header-display":"","ast-banner-title-visibility":"","ast-main-header-display":"","ast-hfb-above-header-display":"","ast-hfb-below-header-display":"","ast-hfb-mobile-header-display":"","site-post-title":"","ast-breadcrumbs-content":"","ast-featured-img":"","footer-sml-layout":"","ast-disable-related-posts":"","theme-transparent-header-meta":"default","adv-header-id-meta":"","stick-header-meta":"","header-above-stick-meta":"","header-main-stick-meta":"","header-below-stick-meta":"","astra-migrate-meta-layouts":"set","ast-page-background-enabled":"default","ast-page-background-meta":{"desktop":{"background-color":"var(--ast-global-color-4)","background-image":"","background-repeat":"repeat","background-position":"center center","background-size":"auto","background-attachment":"scroll","background-type":"","background-media":"","overlay-type":"","overlay-color":"","overlay-opacity":"","overlay-gradient":""},"tablet":{"background-color":"","background-image":"","background-repeat":"repeat","background-position":"center center","background-size":"auto","background-attachment":"scroll","background-type":"","background-media":"","overlay-type":"","overlay-color":"","overlay-opacity":"","overlay-gradient":""},"mobile":{"background-color":"","background-image":"","background-repeat":"repeat","background-position":"center center","background-size":"auto","background-attachment":"scroll","background-type":"","background-media":"","overlay-type":"","overlay-color":"","overlay-opacity":"","overlay-gradient":""}},"ast-content-background-meta":{"desktop":{"background-color":"var(--ast-global-color-5)","background-image":"","background-repeat":"repeat","background-position":"center center","background-size":"auto","background-attachment":"scroll","background-type":"","background-media":"","overlay-type":"","overlay-color":"","overlay-opacity":"","overlay-gradient":""},"tablet":{"background-color":"var(--ast-global-color-5)","background-image":"","background-repeat":"repeat","background-position":"center center","background-size":"auto","background-attachment":"scroll","background-type":"","background-media":"","overlay-type":"","overlay-color":"","overlay-opacity":"","overlay-gradient":""},"mobile":{"background-color":"var(--ast-global-color-5)","background-image":"","background-repeat":"repeat","background-position":"center center","background-size":"auto","background-attachment":"scroll","background-type":"","background-media":"","overlay-type":"","overlay-color":"","overlay-opacity":"","overlay-gradient":""}}},"product_brand":[],"product_cat":[23],"product_tag":[],"class_list":{"0":"post-13","1":"product","2":"type-product","3":"status-publish","5":"product_cat-videokursus","6":"desktop-align-left","7":"tablet-align-left","8":"mobile-align-left","10":"first","11":"instock","12":"virtual","13":"taxable","14":"purchasable","15":"product-type-simple"},"acf":[],"yoast_head":"<!-- This site is optimized with the Yoast SEO plugin v27.3 - https:\/\/yoast.com\/product\/yoast-seo-wordpress\/ -->\n<title>Videokursus - &quot;Kuidas saada Tippmaakleriks&quot; - Tippmaakler<\/title>\n<meta name=\"description\" content=\"Kinnisvaraalane videokursus, mis viib teie oskused j\u00e4rgmisele tasemele. Saage vajalikud teadmised ja oskused edukaks tippmaakleriks \u2013 liituge t\u00e4na!\" \/>\n<meta name=\"robots\" content=\"index, follow, max-snippet:-1, max-image-preview:large, max-video-preview:-1\" \/>\n<link rel=\"canonical\" href=\"https:\/\/tippmaakler.ee\/toode\/videokursus\/kuidas-saada-tippmaakleriks\/\" \/>\n<meta property=\"og:locale\" content=\"en_US\" \/>\n<meta property=\"og:type\" content=\"article\" \/>\n<meta property=\"og:title\" content=\"Videokursus - &quot;Kuidas saada Tippmaakleriks&quot; - Tippmaakler\" \/>\n<meta property=\"og:description\" content=\"Kinnisvaraalane videokursus, mis viib teie oskused j\u00e4rgmisele tasemele. Saage vajalikud teadmised ja oskused edukaks tippmaakleriks \u2013 liituge t\u00e4na!\" \/>\n<meta property=\"og:url\" content=\"https:\/\/tippmaakler.ee\/toode\/videokursus\/kuidas-saada-tippmaakleriks\/\" \/>\n<meta property=\"og:site_name\" content=\"Tippmaakler\" \/>\n<meta property=\"article:publisher\" content=\"https:\/\/www.facebook.com\/leprofit\" \/>\n<meta property=\"article:modified_time\" content=\"2025-11-12T12:38:16+00:00\" \/>\n<meta property=\"og:image\" content=\"https:\/\/tippmaakler.ee\/wp-content\/uploads\/2023\/02\/Videokursus-\u2013-Ava-oma-kinnisvarapotentsiaal-min.jpg\" \/>\n\t<meta property=\"og:image:width\" content=\"1400\" \/>\n\t<meta property=\"og:image:height\" content=\"772\" \/>\n\t<meta property=\"og:image:type\" content=\"image\/jpeg\" \/>\n<meta name=\"twitter:card\" content=\"summary_large_image\" \/>\n<meta name=\"twitter:label1\" content=\"Est. reading time\" \/>\n\t<meta name=\"twitter:data1\" content=\"2 minutes\" \/>\n<script type=\"application\/ld+json\" class=\"yoast-schema-graph\">{\"@context\":\"https:\\\/\\\/schema.org\",\"@graph\":[{\"@type\":\"WebPage\",\"@id\":\"https:\\\/\\\/tippmaakler.ee\\\/toode\\\/videokursus\\\/kuidas-saada-tippmaakleriks\\\/\",\"url\":\"https:\\\/\\\/tippmaakler.ee\\\/toode\\\/videokursus\\\/kuidas-saada-tippmaakleriks\\\/\",\"name\":\"Videokursus - \\\"Kuidas saada Tippmaakleriks\\\" - Tippmaakler\",\"isPartOf\":{\"@id\":\"https:\\\/\\\/tippmaakler.ee\\\/#website\"},\"datePublished\":\"2023-02-20T19:29:27+00:00\",\"dateModified\":\"2025-11-12T12:38:16+00:00\",\"description\":\"Kinnisvaraalane videokursus, mis viib teie oskused j\u00e4rgmisele tasemele. Saage vajalikud teadmised ja oskused edukaks tippmaakleriks \u2013 liituge t\u00e4na!\",\"breadcrumb\":{\"@id\":\"https:\\\/\\\/tippmaakler.ee\\\/toode\\\/videokursus\\\/kuidas-saada-tippmaakleriks\\\/#breadcrumb\"},\"inLanguage\":\"en-US\",\"potentialAction\":[{\"@type\":\"ReadAction\",\"target\":[\"https:\\\/\\\/tippmaakler.ee\\\/toode\\\/videokursus\\\/kuidas-saada-tippmaakleriks\\\/\"]}]},{\"@type\":\"BreadcrumbList\",\"@id\":\"https:\\\/\\\/tippmaakler.ee\\\/toode\\\/videokursus\\\/kuidas-saada-tippmaakleriks\\\/#breadcrumb\",\"itemListElement\":[{\"@type\":\"ListItem\",\"position\":1,\"name\":\"Home\",\"item\":\"https:\\\/\\\/tippmaakler.ee\\\/en\\\/\"},{\"@type\":\"ListItem\",\"position\":2,\"name\":\"Tooted\",\"item\":\"https:\\\/\\\/tippmaakler.ee\\\/tooted\\\/\"},{\"@type\":\"ListItem\",\"position\":3,\"name\":\"Videokursus &#8211; &#8220;Kuidas saada Tippmaakleriks&#8221;\"}]},{\"@type\":\"WebSite\",\"@id\":\"https:\\\/\\\/tippmaakler.ee\\\/#website\",\"url\":\"https:\\\/\\\/tippmaakler.ee\\\/\",\"name\":\"Tippmaakler\",\"description\":\"M&uuml;&uuml;k\\\/ Kinnisvara\",\"publisher\":{\"@id\":\"https:\\\/\\\/tippmaakler.ee\\\/#organization\"},\"potentialAction\":[{\"@type\":\"SearchAction\",\"target\":{\"@type\":\"EntryPoint\",\"urlTemplate\":\"https:\\\/\\\/tippmaakler.ee\\\/?s={search_term_string}\"},\"query-input\":{\"@type\":\"PropertyValueSpecification\",\"valueRequired\":true,\"valueName\":\"search_term_string\"}}],\"inLanguage\":\"en-US\"},{\"@type\":\"Organization\",\"@id\":\"https:\\\/\\\/tippmaakler.ee\\\/#organization\",\"name\":\"Tippmaakler\",\"url\":\"https:\\\/\\\/tippmaakler.ee\\\/\",\"logo\":{\"@type\":\"ImageObject\",\"inLanguage\":\"en-US\",\"@id\":\"https:\\\/\\\/tippmaakler.ee\\\/#\\\/schema\\\/logo\\\/image\\\/\",\"url\":\"https:\\\/\\\/tippmaakler.ee\\\/wp-content\\\/uploads\\\/2026\\\/01\\\/cropped-735ff561-c63f-4154-820c-1dca5d3b4e9e-removebg-preview-e1768388885446.png\",\"contentUrl\":\"https:\\\/\\\/tippmaakler.ee\\\/wp-content\\\/uploads\\\/2026\\\/01\\\/cropped-735ff561-c63f-4154-820c-1dca5d3b4e9e-removebg-preview-e1768388885446.png\",\"width\":398,\"height\":291,\"caption\":\"Tippmaakler\"},\"image\":{\"@id\":\"https:\\\/\\\/tippmaakler.ee\\\/#\\\/schema\\\/logo\\\/image\\\/\"},\"sameAs\":[\"https:\\\/\\\/www.facebook.com\\\/leprofit\",\"https:\\\/\\\/www.instagram.com\\\/leprofitcoaching\\\/\"]}]}<\/script>\n<!-- \/ Yoast SEO plugin. -->","yoast_head_json":{"title":"Videokursus - \"Kuidas saada Tippmaakleriks\" - Tippmaakler","description":"Kinnisvaraalane videokursus, mis viib teie oskused j\u00e4rgmisele tasemele. Saage vajalikud teadmised ja oskused edukaks tippmaakleriks \u2013 liituge t\u00e4na!","robots":{"index":"index","follow":"follow","max-snippet":"max-snippet:-1","max-image-preview":"max-image-preview:large","max-video-preview":"max-video-preview:-1"},"canonical":"https:\/\/tippmaakler.ee\/toode\/videokursus\/kuidas-saada-tippmaakleriks\/","og_locale":"en_US","og_type":"article","og_title":"Videokursus - \"Kuidas saada Tippmaakleriks\" - Tippmaakler","og_description":"Kinnisvaraalane videokursus, mis viib teie oskused j\u00e4rgmisele tasemele. Saage vajalikud teadmised ja oskused edukaks tippmaakleriks \u2013 liituge t\u00e4na!","og_url":"https:\/\/tippmaakler.ee\/toode\/videokursus\/kuidas-saada-tippmaakleriks\/","og_site_name":"Tippmaakler","article_publisher":"https:\/\/www.facebook.com\/leprofit","article_modified_time":"2025-11-12T12:38:16+00:00","og_image":[{"width":1400,"height":772,"url":"https:\/\/tippmaakler.ee\/wp-content\/uploads\/2023\/02\/Videokursus-\u2013-Ava-oma-kinnisvarapotentsiaal-min.jpg","type":"image\/jpeg"}],"twitter_card":"summary_large_image","twitter_misc":{"Est. reading time":"2 minutes"},"schema":{"@context":"https:\/\/schema.org","@graph":[{"@type":"WebPage","@id":"https:\/\/tippmaakler.ee\/toode\/videokursus\/kuidas-saada-tippmaakleriks\/","url":"https:\/\/tippmaakler.ee\/toode\/videokursus\/kuidas-saada-tippmaakleriks\/","name":"Videokursus - \"Kuidas saada Tippmaakleriks\" - Tippmaakler","isPartOf":{"@id":"https:\/\/tippmaakler.ee\/#website"},"datePublished":"2023-02-20T19:29:27+00:00","dateModified":"2025-11-12T12:38:16+00:00","description":"Kinnisvaraalane videokursus, mis viib teie oskused j\u00e4rgmisele tasemele. Saage vajalikud teadmised ja oskused edukaks tippmaakleriks \u2013 liituge t\u00e4na!","breadcrumb":{"@id":"https:\/\/tippmaakler.ee\/toode\/videokursus\/kuidas-saada-tippmaakleriks\/#breadcrumb"},"inLanguage":"en-US","potentialAction":[{"@type":"ReadAction","target":["https:\/\/tippmaakler.ee\/toode\/videokursus\/kuidas-saada-tippmaakleriks\/"]}]},{"@type":"BreadcrumbList","@id":"https:\/\/tippmaakler.ee\/toode\/videokursus\/kuidas-saada-tippmaakleriks\/#breadcrumb","itemListElement":[{"@type":"ListItem","position":1,"name":"Home","item":"https:\/\/tippmaakler.ee\/en\/"},{"@type":"ListItem","position":2,"name":"Tooted","item":"https:\/\/tippmaakler.ee\/tooted\/"},{"@type":"ListItem","position":3,"name":"Videokursus &#8211; &#8220;Kuidas saada Tippmaakleriks&#8221;"}]},{"@type":"WebSite","@id":"https:\/\/tippmaakler.ee\/#website","url":"https:\/\/tippmaakler.ee\/","name":"Tippmaakler","description":"M&uuml;&uuml;k\/ Kinnisvara","publisher":{"@id":"https:\/\/tippmaakler.ee\/#organization"},"potentialAction":[{"@type":"SearchAction","target":{"@type":"EntryPoint","urlTemplate":"https:\/\/tippmaakler.ee\/?s={search_term_string}"},"query-input":{"@type":"PropertyValueSpecification","valueRequired":true,"valueName":"search_term_string"}}],"inLanguage":"en-US"},{"@type":"Organization","@id":"https:\/\/tippmaakler.ee\/#organization","name":"Tippmaakler","url":"https:\/\/tippmaakler.ee\/","logo":{"@type":"ImageObject","inLanguage":"en-US","@id":"https:\/\/tippmaakler.ee\/#\/schema\/logo\/image\/","url":"https:\/\/tippmaakler.ee\/wp-content\/uploads\/2026\/01\/cropped-735ff561-c63f-4154-820c-1dca5d3b4e9e-removebg-preview-e1768388885446.png","contentUrl":"https:\/\/tippmaakler.ee\/wp-content\/uploads\/2026\/01\/cropped-735ff561-c63f-4154-820c-1dca5d3b4e9e-removebg-preview-e1768388885446.png","width":398,"height":291,"caption":"Tippmaakler"},"image":{"@id":"https:\/\/tippmaakler.ee\/#\/schema\/logo\/image\/"},"sameAs":["https:\/\/www.facebook.com\/leprofit","https:\/\/www.instagram.com\/leprofitcoaching\/"]}]}},"_links":{"self":[{"href":"https:\/\/tippmaakler.ee\/en\/wp-json\/wp\/v2\/product\/13","targetHints":{"allow":["GET"]}}],"collection":[{"href":"https:\/\/tippmaakler.ee\/en\/wp-json\/wp\/v2\/product"}],"about":[{"href":"https:\/\/tippmaakler.ee\/en\/wp-json\/wp\/v2\/types\/product"}],"wp:attachment":[{"href":"https:\/\/tippmaakler.ee\/en\/wp-json\/wp\/v2\/media?parent=13"}],"wp:term":[{"taxonomy":"product_brand","embeddable":true,"href":"https:\/\/tippmaakler.ee\/en\/wp-json\/wp\/v2\/product_brand?post=13"},{"taxonomy":"product_cat","embeddable":true,"href":"https:\/\/tippmaakler.ee\/en\/wp-json\/wp\/v2\/product_cat?post=13"},{"taxonomy":"product_tag","embeddable":true,"href":"https:\/\/tippmaakler.ee\/en\/wp-json\/wp\/v2\/product_tag?post=13"}],"curies":[{"name":"wp","href":"https:\/\/api.w.org\/{rel}","templated":true}]}}