{"id":1999,"date":"2023-02-20T21:08:05","date_gmt":"2023-02-20T21:08:05","guid":{"rendered":"https:\/\/tippmaakler.ee\/koolitustingimused\/"},"modified":"2023-05-17T17:35:15","modified_gmt":"2023-05-17T17:35:15","slug":"courses-conditions","status":"publish","type":"page","link":"https:\/\/tippmaakler.ee\/en\/courses-conditions\/","title":{"rendered":"Courses&#8217; conditions"},"content":{"rendered":"<p>LEPROFIT O\u00dc (edaspidi koolitusfirma) korraldab t\u00e4iskasvanute kinnisvaravaldkonna koolitusi aastaringselt avalike koolitustena kui ka ettev\u00f5ttesiseste koolitustena.<br \/>\n\u00dclevaate pakutavatest koolitustest leiab\u00a0koolituskalendrist.<\/p>\n<p><b>Koolituste kestvus<\/b><br \/>\nKoolituste mahtu arvestatakse akadeemilistes tundides (\u00fcks akadeemiline tund kestab 45 minutit). Koolitusfirmal on \u00f5igus teha\u00a0koolituste plaanis ja ajakavas muudatusi. Koolitustele registreerunuid teavitatakse muudatustest viivitamatult. Iga koolituse juures on v\u00e4lja toodud kui mitu akadeemilist tundi koolitus sisaldab.<\/p>\n<p><b>Koolitusele registreerumine<\/b><br \/>\nK\u00f5ikidele koolitustele tuleb eelnevalt registreeruda. Registreerumine toimub e-kirja\u00a0(info@tippmaakler.ee) v\u00f5i telefoni (+372 507 6622) teel. Peale registreerumist saadetakse Teile registreerumise kinnitus e-kirja teel.<\/p>\n<p><b>Koolituste hinnad<\/b><br \/>\nAvalike koolituste hinnad leiab meie koolituskalendrist vajutades huvitava koolituse nime peale. Koolituse hind sisaldab auditoorset koolitust, \u00f5ppematerjale,\u00a0tunnistust, kohvipausi. Valitud koolitused sisaldavad networking l\u00f5unat, mille kohta on t\u00e4pne info koolituste juures kirjas.<br \/>\nAsutusesiseste koolituste puhul m\u00e4\u00e4ratakse hind hinnapakkumisega ja ei ole avalikud teistele osapooltele.<br \/>\nKoolitusfirma ei ole \u00a0k\u00e4ibemaksukohustuslane ja hindadele ei lisandi k\u00e4ibemaks. Juhul kui firmal tuleb k\u00e4ibemaksu kohustus, tehakse muudatused kodulehel ja koolituste hinnakirjas.<\/p>\n<p><b>Koolituse eest tasumine<\/b><br \/>\nKoolituse eest tasumine toimub arve alusel. Arve v\u00e4ljastatakse osav\u00f5tjale peale registreerumise kinnituse saamist e-posti v\u00f5i posti\u00a0teel. Palume arve tasuda arvel m\u00e4rgitud t\u00e4htajaks, reeglina tuleb koolituse eest tasuda enne koolituskuup\u00e4eva saabumist.<br \/>\nVajadusel ja vaid eelneval kokkuleppel on v\u00f5imalik koolituse eest tasumine sularahas koolituse toimumise p\u00e4eval.<br \/>\nMakset\u00e4htaja \u00fcletamisel 30 p\u00e4eva ja\/v\u00f5i hoolimata koolitusfirma poolsetest meeldetuletustest antakse tasumata arve edasi inkassofirmale edasiseks k\u00e4itlemiseks.<\/p>\n<p><b>Koolitusest loobumine<\/b><br \/>\nKui koolitusele registreerunul ei ole v\u00f5imalik koolitusest osa v\u00f5tta, tuleb sellest kirjalikult teavitada koolitusfirmat hiljemalt 4\u00a0t\u00f6\u00f6p\u00e4eva enne koolituse toimumist. \u00d5igeaegsel teatamisel tagastatakse kliendi soovi korral 100% koolituse tasust v\u00f5i\u00a0registreeritakse klient j\u00e4rgmisele talle sobivale koolitusele.<br \/>\nHilisema teatamise korral v\u00f5i koolitusele mitteilmumisel esitatakse osalejale kreeditarve 75% ulatuses osalustasust ja see tagastatakse kliendile kui arve oli juba tasutud.\u00a0\u00dclej\u00e4\u00e4nud 25% osalustasust kuulub tasumisele koolitusfirmale.<\/p>\n<p><b>Kui klient on registreerinud ennast koolitusele ja kinnitanud enda osalemist, aga ei ilmu koolitusele kohale ning ka ei teata v\u00e4hemalt kaks p\u00e4eva enne\u00a0enda mitteilmumisest, siis kuulub tema poolt tasumisele 100% koolituse maksumusest.<br \/>\nKoolituse poolelij\u00e4tmisel \u00f5ppetasu ei tagastata ja tunnistust ei v\u00e4ljastata.<\/b><br \/>\n<b>Koolituse \u00e4raj\u00e4\u00e4mine v\u00f5i edasil\u00fckkumine<\/b><br \/>\nKoolitusfirmal on koolitusgrupi mittet\u00e4itumisel \u00f5igus koolitus \u00e4ra j\u00e4tta v\u00f5i koolituse toimumist edasi l\u00fckata koolitusgrupi t\u00e4itumiseni.\u00a0Registreerunuid teavitatakse sellest telefoni v\u00f5i e-posti teel hiljemalt koolitusele eelneval t\u00f6\u00f6p\u00e4eval. Koolituse \u00e4raj\u00e4\u00e4misel\u00a0makstakse koolitustasu tagasi t\u00e4ies ulatuses v\u00f5i kantakse soovi korral \u00fcle m\u00f5nele teisele koolitusele.<\/p>\n<p><b>Muu info<\/b><br \/>\nKoolituste toimumise keel on peamiselt eesti keel, kuid vastavalt klientide soovile korraldatakse koolitusi ka vene ja inglise keeles.<br \/>\nKoolitusfirma vastutab koolituste korralduse ja lektorite kvalifikatsiooni eest, samuti koolitusprogrammi koostamise ja koolituste loengu osa kvaliteedi eest.<br \/>\nKoolitusfirma ei vastuta koolitusel osalejate tervisliku seisundi ja v\u00f5imalike vigastute eest.<br \/>\nErinevad tekkivad vaidlused p\u00fc\u00fctakse k\u00f5igepealt lahendada pooltevaheliste l\u00e4bir\u00e4\u00e4kimistega.\u00a0Juhul, kui kokkulepet ei ole v\u00f5imalik saavutada, lahendatakse vaidlused Tallinna ja Harjumaa v\u00f5i Harju Maakohtus.<\/p>\n<p>Koolitusmaterjalide autori\u00f5igused kuuluvad koolitusfirmale, lektoritele. Keelatud on koolitusmaterjalide kopeerimine, levitamine, t\u00f5lkimine teise keelde ilma\u00a0koolitusfirma kirjaliku n\u00f5usolekuta.<\/p>\n<p><b>T\u00e4iendav info:<\/b><br \/>\nTel +372 507 6622<br \/>\n<a href=\"mailto:info@tippmaakler.ee\">info@tippmaakler.ee<\/a><\/p>\n","protected":false},"excerpt":{"rendered":"<p>LEPROFIT O\u00dc (edaspidi koolitusfirma) korraldab t\u00e4iskasvanute kinnisvaravaldkonna koolitusi aastaringselt avalike koolitustena kui ka ettev\u00f5ttesiseste koolitustena. \u00dclevaate pakutavatest koolitustest leiab\u00a0koolituskalendrist. Koolituste kestvus Koolituste mahtu arvestatakse akadeemilistes tundides (\u00fcks akadeemiline tund kestab 45 minutit). Koolitusfirmal on \u00f5igus teha\u00a0koolituste plaanis ja ajakavas muudatusi. Koolitustele registreerunuid teavitatakse muudatustest viivitamatult. Iga koolituse juures on v\u00e4lja toodud kui mitu akadeemilist tundi [&hellip;]<\/p>\n","protected":false},"author":1,"featured_media":0,"parent":0,"menu_order":0,"comment_status":"closed","ping_status":"closed","template":"","meta":{"_acf_changed":false,"site-sidebar-layout":"default","site-content-layout":"default","ast-site-content-layout":"default","site-content-style":"default","site-sidebar-style":"default","ast-global-header-display":"","ast-banner-title-visibility":"","ast-main-header-display":"","ast-hfb-above-header-display":"","ast-hfb-below-header-display":"","ast-hfb-mobile-header-display":"","site-post-title":"","ast-breadcrumbs-content":"","ast-featured-img":"","footer-sml-layout":"","ast-disable-related-posts":"","theme-transparent-header-meta":"default","adv-header-id-meta":"","stick-header-meta":"","header-above-stick-meta":"","header-main-stick-meta":"","header-below-stick-meta":"","astra-migrate-meta-layouts":"default","ast-page-background-enabled":"default","ast-page-background-meta":{"desktop":{"background-color":"var(--ast-global-color-4)","background-image":"","background-repeat":"repeat","background-position":"center center","background-size":"auto","background-attachment":"scroll","background-type":"","background-media":"","overlay-type":"","overlay-color":"","overlay-opacity":"","overlay-gradient":""},"tablet":{"background-color":"","background-image":"","background-repeat":"repeat","background-position":"center center","background-size":"auto","background-attachment":"scroll","background-type":"","background-media":"","overlay-type":"","overlay-color":"","overlay-opacity":"","overlay-gradient":""},"mobile":{"background-color":"","background-image":"","background-repeat":"repeat","background-position":"center center","background-size":"auto","background-attachment":"scroll","background-type":"","background-media":"","overlay-type":"","overlay-color":"","overlay-opacity":"","overlay-gradient":""}},"ast-content-background-meta":{"desktop":{"background-color":"var(--ast-global-color-5)","background-image":"","background-repeat":"repeat","background-position":"center center","background-size":"auto","background-attachment":"scroll","background-type":"","background-media":"","overlay-type":"","overlay-color":"","overlay-opacity":"","overlay-gradient":""},"tablet":{"background-color":"var(--ast-global-color-5)","background-image":"","background-repeat":"repeat","background-position":"center center","background-size":"auto","background-attachment":"scroll","background-type":"","background-media":"","overlay-type":"","overlay-color":"","overlay-opacity":"","overlay-gradient":""},"mobile":{"background-color":"var(--ast-global-color-5)","background-image":"","background-repeat":"repeat","background-position":"center center","background-size":"auto","background-attachment":"scroll","background-type":"","background-media":"","overlay-type":"","overlay-color":"","overlay-opacity":"","overlay-gradient":""}},"footnotes":""},"class_list":["post-1999","page","type-page","status-publish","hentry"],"acf":[],"yoast_head":"<!-- This site is optimized with the Yoast SEO plugin v27.3 - https:\/\/yoast.com\/product\/yoast-seo-wordpress\/ -->\n<title>Courses&#039; conditions - Tippmaakler<\/title>\n<meta name=\"robots\" content=\"index, follow, max-snippet:-1, max-image-preview:large, max-video-preview:-1\" \/>\n<link rel=\"canonical\" href=\"https:\/\/tippmaakler.ee\/en\/courses-conditions\/\" \/>\n<meta property=\"og:locale\" content=\"en_US\" \/>\n<meta property=\"og:type\" content=\"article\" \/>\n<meta property=\"og:title\" content=\"Courses&#039; conditions - Tippmaakler\" \/>\n<meta property=\"og:description\" content=\"LEPROFIT O\u00dc (edaspidi koolitusfirma) korraldab t\u00e4iskasvanute kinnisvaravaldkonna koolitusi aastaringselt avalike koolitustena kui ka ettev\u00f5ttesiseste koolitustena. \u00dclevaate pakutavatest koolitustest leiab\u00a0koolituskalendrist. Koolituste kestvus Koolituste mahtu arvestatakse akadeemilistes tundides (\u00fcks akadeemiline tund kestab 45 minutit). Koolitusfirmal on \u00f5igus teha\u00a0koolituste plaanis ja ajakavas muudatusi. Koolitustele registreerunuid teavitatakse muudatustest viivitamatult. Iga koolituse juures on v\u00e4lja toodud kui mitu akadeemilist tundi [&hellip;]\" \/>\n<meta property=\"og:url\" content=\"https:\/\/tippmaakler.ee\/en\/courses-conditions\/\" \/>\n<meta property=\"og:site_name\" content=\"Tippmaakler\" \/>\n<meta property=\"article:publisher\" content=\"https:\/\/www.facebook.com\/leprofit\" \/>\n<meta property=\"article:modified_time\" content=\"2023-05-17T17:35:15+00:00\" \/>\n<meta name=\"twitter:card\" content=\"summary_large_image\" \/>\n<meta name=\"twitter:label1\" content=\"Est. reading time\" \/>\n\t<meta name=\"twitter:data1\" content=\"3 minutes\" \/>\n<script type=\"application\/ld+json\" class=\"yoast-schema-graph\">{\"@context\":\"https:\\\/\\\/schema.org\",\"@graph\":[{\"@type\":\"WebPage\",\"@id\":\"https:\\\/\\\/tippmaakler.ee\\\/en\\\/courses-conditions\\\/\",\"url\":\"https:\\\/\\\/tippmaakler.ee\\\/en\\\/courses-conditions\\\/\",\"name\":\"Courses' conditions - Tippmaakler\",\"isPartOf\":{\"@id\":\"https:\\\/\\\/tippmaakler.ee\\\/#website\"},\"datePublished\":\"2023-02-20T21:08:05+00:00\",\"dateModified\":\"2023-05-17T17:35:15+00:00\",\"breadcrumb\":{\"@id\":\"https:\\\/\\\/tippmaakler.ee\\\/en\\\/courses-conditions\\\/#breadcrumb\"},\"inLanguage\":\"en-US\",\"potentialAction\":[{\"@type\":\"ReadAction\",\"target\":[\"https:\\\/\\\/tippmaakler.ee\\\/en\\\/courses-conditions\\\/\"]}]},{\"@type\":\"BreadcrumbList\",\"@id\":\"https:\\\/\\\/tippmaakler.ee\\\/en\\\/courses-conditions\\\/#breadcrumb\",\"itemListElement\":[{\"@type\":\"ListItem\",\"position\":1,\"name\":\"Home\",\"item\":\"https:\\\/\\\/tippmaakler.ee\\\/en\\\/\"},{\"@type\":\"ListItem\",\"position\":2,\"name\":\"Courses&#8217; conditions\"}]},{\"@type\":\"WebSite\",\"@id\":\"https:\\\/\\\/tippmaakler.ee\\\/#website\",\"url\":\"https:\\\/\\\/tippmaakler.ee\\\/\",\"name\":\"Tippmaakler\",\"description\":\"M&uuml;&uuml;k\\\/ Kinnisvara\",\"publisher\":{\"@id\":\"https:\\\/\\\/tippmaakler.ee\\\/#organization\"},\"potentialAction\":[{\"@type\":\"SearchAction\",\"target\":{\"@type\":\"EntryPoint\",\"urlTemplate\":\"https:\\\/\\\/tippmaakler.ee\\\/?s={search_term_string}\"},\"query-input\":{\"@type\":\"PropertyValueSpecification\",\"valueRequired\":true,\"valueName\":\"search_term_string\"}}],\"inLanguage\":\"en-US\"},{\"@type\":\"Organization\",\"@id\":\"https:\\\/\\\/tippmaakler.ee\\\/#organization\",\"name\":\"Tippmaakler\",\"url\":\"https:\\\/\\\/tippmaakler.ee\\\/\",\"logo\":{\"@type\":\"ImageObject\",\"inLanguage\":\"en-US\",\"@id\":\"https:\\\/\\\/tippmaakler.ee\\\/#\\\/schema\\\/logo\\\/image\\\/\",\"url\":\"https:\\\/\\\/tippmaakler.ee\\\/wp-content\\\/uploads\\\/2026\\\/01\\\/cropped-735ff561-c63f-4154-820c-1dca5d3b4e9e-removebg-preview-e1768388885446.png\",\"contentUrl\":\"https:\\\/\\\/tippmaakler.ee\\\/wp-content\\\/uploads\\\/2026\\\/01\\\/cropped-735ff561-c63f-4154-820c-1dca5d3b4e9e-removebg-preview-e1768388885446.png\",\"width\":398,\"height\":291,\"caption\":\"Tippmaakler\"},\"image\":{\"@id\":\"https:\\\/\\\/tippmaakler.ee\\\/#\\\/schema\\\/logo\\\/image\\\/\"},\"sameAs\":[\"https:\\\/\\\/www.facebook.com\\\/leprofit\",\"https:\\\/\\\/www.instagram.com\\\/leprofitcoaching\\\/\"]}]}<\/script>\n<!-- \/ Yoast SEO plugin. -->","yoast_head_json":{"title":"Courses' conditions - Tippmaakler","robots":{"index":"index","follow":"follow","max-snippet":"max-snippet:-1","max-image-preview":"max-image-preview:large","max-video-preview":"max-video-preview:-1"},"canonical":"https:\/\/tippmaakler.ee\/en\/courses-conditions\/","og_locale":"en_US","og_type":"article","og_title":"Courses' conditions - Tippmaakler","og_description":"LEPROFIT O\u00dc (edaspidi koolitusfirma) korraldab t\u00e4iskasvanute kinnisvaravaldkonna koolitusi aastaringselt avalike koolitustena kui ka ettev\u00f5ttesiseste koolitustena. \u00dclevaate pakutavatest koolitustest leiab\u00a0koolituskalendrist. Koolituste kestvus Koolituste mahtu arvestatakse akadeemilistes tundides (\u00fcks akadeemiline tund kestab 45 minutit). Koolitusfirmal on \u00f5igus teha\u00a0koolituste plaanis ja ajakavas muudatusi. Koolitustele registreerunuid teavitatakse muudatustest viivitamatult. Iga koolituse juures on v\u00e4lja toodud kui mitu akadeemilist tundi [&hellip;]","og_url":"https:\/\/tippmaakler.ee\/en\/courses-conditions\/","og_site_name":"Tippmaakler","article_publisher":"https:\/\/www.facebook.com\/leprofit","article_modified_time":"2023-05-17T17:35:15+00:00","twitter_card":"summary_large_image","twitter_misc":{"Est. reading time":"3 minutes"},"schema":{"@context":"https:\/\/schema.org","@graph":[{"@type":"WebPage","@id":"https:\/\/tippmaakler.ee\/en\/courses-conditions\/","url":"https:\/\/tippmaakler.ee\/en\/courses-conditions\/","name":"Courses' conditions - Tippmaakler","isPartOf":{"@id":"https:\/\/tippmaakler.ee\/#website"},"datePublished":"2023-02-20T21:08:05+00:00","dateModified":"2023-05-17T17:35:15+00:00","breadcrumb":{"@id":"https:\/\/tippmaakler.ee\/en\/courses-conditions\/#breadcrumb"},"inLanguage":"en-US","potentialAction":[{"@type":"ReadAction","target":["https:\/\/tippmaakler.ee\/en\/courses-conditions\/"]}]},{"@type":"BreadcrumbList","@id":"https:\/\/tippmaakler.ee\/en\/courses-conditions\/#breadcrumb","itemListElement":[{"@type":"ListItem","position":1,"name":"Home","item":"https:\/\/tippmaakler.ee\/en\/"},{"@type":"ListItem","position":2,"name":"Courses&#8217; conditions"}]},{"@type":"WebSite","@id":"https:\/\/tippmaakler.ee\/#website","url":"https:\/\/tippmaakler.ee\/","name":"Tippmaakler","description":"M&uuml;&uuml;k\/ Kinnisvara","publisher":{"@id":"https:\/\/tippmaakler.ee\/#organization"},"potentialAction":[{"@type":"SearchAction","target":{"@type":"EntryPoint","urlTemplate":"https:\/\/tippmaakler.ee\/?s={search_term_string}"},"query-input":{"@type":"PropertyValueSpecification","valueRequired":true,"valueName":"search_term_string"}}],"inLanguage":"en-US"},{"@type":"Organization","@id":"https:\/\/tippmaakler.ee\/#organization","name":"Tippmaakler","url":"https:\/\/tippmaakler.ee\/","logo":{"@type":"ImageObject","inLanguage":"en-US","@id":"https:\/\/tippmaakler.ee\/#\/schema\/logo\/image\/","url":"https:\/\/tippmaakler.ee\/wp-content\/uploads\/2026\/01\/cropped-735ff561-c63f-4154-820c-1dca5d3b4e9e-removebg-preview-e1768388885446.png","contentUrl":"https:\/\/tippmaakler.ee\/wp-content\/uploads\/2026\/01\/cropped-735ff561-c63f-4154-820c-1dca5d3b4e9e-removebg-preview-e1768388885446.png","width":398,"height":291,"caption":"Tippmaakler"},"image":{"@id":"https:\/\/tippmaakler.ee\/#\/schema\/logo\/image\/"},"sameAs":["https:\/\/www.facebook.com\/leprofit","https:\/\/www.instagram.com\/leprofitcoaching\/"]}]}},"_links":{"self":[{"href":"https:\/\/tippmaakler.ee\/en\/wp-json\/wp\/v2\/pages\/1999","targetHints":{"allow":["GET"]}}],"collection":[{"href":"https:\/\/tippmaakler.ee\/en\/wp-json\/wp\/v2\/pages"}],"about":[{"href":"https:\/\/tippmaakler.ee\/en\/wp-json\/wp\/v2\/types\/page"}],"author":[{"embeddable":true,"href":"https:\/\/tippmaakler.ee\/en\/wp-json\/wp\/v2\/users\/1"}],"replies":[{"embeddable":true,"href":"https:\/\/tippmaakler.ee\/en\/wp-json\/wp\/v2\/comments?post=1999"}],"version-history":[{"count":3,"href":"https:\/\/tippmaakler.ee\/en\/wp-json\/wp\/v2\/pages\/1999\/revisions"}],"predecessor-version":[{"id":2002,"href":"https:\/\/tippmaakler.ee\/en\/wp-json\/wp\/v2\/pages\/1999\/revisions\/2002"}],"wp:attachment":[{"href":"https:\/\/tippmaakler.ee\/en\/wp-json\/wp\/v2\/media?parent=1999"}],"curies":[{"name":"wp","href":"https:\/\/api.w.org\/{rel}","templated":true}]}}